{"id":32694,"date":"2020-01-08T11:06:24","date_gmt":"2020-01-08T09:06:24","guid":{"rendered":"https:\/\/www.institut-francais-luxembourg.lu\/?page_id=32694"},"modified":"2025-03-24T13:16:32","modified_gmt":"2025-03-24T12:16:32","slug":"offre-demploi","status":"publish","type":"page","link":"https:\/\/www.backup.institut-francais-luxembourg.lu\/en\/offre-demploi\/","title":{"rendered":"Offre d&#8217;emploi"},"content":{"rendered":"<p>[et_pb_section fb_built=&#8221;1&#8243; admin_label=&#8221;Section&#8221; _builder_version=&#8221;3.22&#8243; collapsed=&#8221;off&#8221;][et_pb_row _builder_version=&#8221;3.25&#8243; background_size=&#8221;initial&#8221; background_position=&#8221;top_left&#8221; background_repeat=&#8221;repeat&#8221; custom_padding=&#8221;26px|0px|27px|0px|false|false&#8221; collapsed=&#8221;off&#8221;][et_pb_column type=&#8221;4_4&#8243; _builder_version=&#8221;3.25&#8243; custom_padding=&#8221;|||&#8221; custom_padding__hover=&#8221;|||&#8221;][et_pb_text admin_label=&#8221;Titre Offre&#8221; _builder_version=&#8221;4.9.9&#8243;]<\/p>\n<h1>OFFRE D&#8217;EMPLOI<\/h1>\n<p>[\/et_pb_text][\/et_pb_column][\/et_pb_row][et_pb_row _builder_version=&#8221;4.9.9&#8243; background_size=&#8221;initial&#8221; background_position=&#8221;top_left&#8221; background_repeat=&#8221;repeat&#8221;][et_pb_column type=&#8221;4_4&#8243; _builder_version=&#8221;3.25&#8243; custom_padding=&#8221;|||&#8221; custom_padding__hover=&#8221;|||&#8221;][et_pb_text admin_label=&#8221;Offre Prof&#8221; _builder_version=&#8221;4.9.9&#8243; custom_padding=&#8221;|||2px||&#8221;]<\/p>\n<h4><span style=\"color: #4562a6;\"><strong>PROFESSEUR DE FLE\/ FLAM INDEPENDANT <\/strong><strong>( JEUNES PUBLICS ET ADULTES)<\/strong><\/span><\/h4>\n<p>L\u2019Institut fran\u00e7ais du Luxembourg recrute tout au long de l\u2019ann\u00e9e, selon ses besoins et les demandes, des professeurs de FLE et de FLAM vacataires pour adultes et jeunes publics, afin de compl\u00e9ter son \u00e9quipe p\u00e9dagogique. L\u2019IFL est \u00e9galement \u00e0 la recherche de professeurs pour renforcer son \u00e9quipe d\u2019enseignants jeunes publics tout au long de l&#8217;ann\u00e9e, dans le cadre de ses interventions p\u00e9riscolaires.<\/p>\n<p>La mission sera d\u2019enseigner le fran\u00e7ais tous niveaux \u00e0 destination de diff\u00e9rents types de publics (enfants \u00e0 partir de 6 ans, adolescents, adultes, salari\u00e9s) aussi bien dans le cadre de cours individuels que collectifs. Y compris pour les cours \u00e0 distance, l&#8217;IFL a fait le choix de travailler avec une \u00e9quipe implant\u00e9e localement, permettant de porter des projets au sein de l&#8217;\u00e9tablissement pour une meilleure coh\u00e9sion.<\/p>\n<p>Les besoins portent uniquement sur des professeurs disponibles pour enseigner in situ.<\/p>\n<p>&nbsp;<\/p>\n<p><span style=\"color: #4562a6;\"><strong>LIEU :<\/strong>\u00a0<\/span><br \/>Luxembourg ville et alentours<\/p>\n<p><span style=\"color: #4562a6;\"><strong>PAYS :<\/strong>\u00a0<\/span><br \/>Luxembourg<\/p>\n<p><strong><span style=\"color: #4562a6;\">VOLUME HORAIRE :<\/span><br \/><\/strong>de 5 \u00e0 25 heures par semaine en fonction de la demande<\/p>\n<p><strong><span style=\"color: #4562a6;\">STATUT :<\/span><br \/><\/strong>Freelance \u00a0\/ auto-entrepreneur \/ ind\u00e9pendant. Enregistrement en France ou au Luxembourg selon pays de r\u00e9sidence &#8211; nous contacter pour toute demande d\u2019information \u00e0 ce sujet.<\/p>\n<p><span style=\"color: #4562a6;\"><strong>R\u00c9MUN\u00c9RATION :<\/strong><strong>\u00a0<\/strong><\/span><br \/>\u00e0 partir de 35 \u20ac \/ heure<\/p>\n<p><span style=\"color: #4562a6;\"><strong>DIPL\u00d4ME SOUHAIT\u00c9<\/strong><strong> :\u00a0<\/strong><\/span><br \/>\u00catre titulaire d&#8217;un dipl\u00f4me universitaire dans le domaine des langues. Le dipl\u00f4me devra sanctionner au moins 3 ann\u00e9es d&#8217;\u00e9tudes. Si le dipl\u00f4me ne rel\u00e8ve pas du domaine des langues, il pourrait \u00eatre remplac\u00e9 par une exp\u00e9rience extensive (5 ans = 4 000 heures) dans l&#8217;enseignement du fran\u00e7ais langue \u00e9trang\u00e8re pour adultes et\/ou jeune public depuis 2005.\u00a0 Agr\u00e9ment du minist\u00e8re luxembourgeois souhait\u00e9.<\/p>\n<p><span style=\"color: #4562a6;\"><strong>COMP\u00c9TENCES REQUISES :<\/strong><\/span><strong><span style=\"color: #4562a6;\">\u00a0<\/span><br \/><\/strong>Exp\u00e9rience de 3 ans (= 2 400 heures au minimum) dans l&#8217;enseignement du fran\u00e7ais langue \u00e9trang\u00e8re pour adultes et\/ou jeune public depuis 2005.<br \/>Connaissance approfondie du CECRL et des diff\u00e9rentes m\u00e9thodes et outils p\u00e9dagogiques du FLE.<br \/>Bonne connaissance des TICE et des outils d\u2019apprentissage num\u00e9rique (plateformes, espaces collaboratifs, etc.)<\/p>\n<p>Jeunes dipl\u00f4m\u00e9s accept\u00e9s (SDL, MEEF, FLE, lettres appliqu\u00e9es, DPAFP- AF Paris, lettres langues et litt\u00e9ratures fran\u00e7aises, FLAM ).<\/p>\n<p>Comp\u00e9tences suppl\u00e9mentaires requises pour les cours de FLE et FLAM jeunes publics\u00a0:<\/p>\n<ul>\n<li>Exp\u00e9rience dans l\u2019\u00e9ducation nationale niveaux \u00e9l\u00e9mentaire, primaire, coll\u00e8ge et lyc\u00e9e<\/li>\n<li>Exp\u00e9rience dans les \u00e9coles priv\u00e9es aupr\u00e8s des 3-6 ans 7-9 ans, 10-13 ans 14-18 ans<\/li>\n<li>BAFA appr\u00e9ci\u00e9<\/li>\n<\/ul>\n<p><strong><br \/><span style=\"color: #4562a6;\">DESCRIPTIF DU POSTE :<\/span><\/strong><strong><span style=\"color: #4562a6;\">\u00a0<\/span><br \/><\/strong>Prestations de cours de fran\u00e7ais langue \u00e9trang\u00e8re aupr\u00e8s de particuliers et d\u2019entreprises \u00e0 Luxembourg et ses environs selon l\u2019offre de cours de l\u2019Institut fran\u00e7ais du Luxembourg (cours collectifs, cours individuels, cours en entreprise, sessions intensives, sessions extensives, cours du samedi matin, cours standard et cours sp\u00e9cifiques, cours en pr\u00e9sentiel ou \u00e0 distance, cours pour adolescents, ateliers jeunes publics).<\/p>\n<p><span style=\"color: #4562a6;\"><strong>D\u00c9MARCHE \u00c0 SUIVRE POUR PR\u00c9SENTER SA CANDIDATURE :<\/strong><\/span><strong><span style=\"color: #4562a6;\">\u00a0<\/span><br \/><\/strong>Envoyer une lettre de motivation, un CV en fran\u00e7ais et \u00e0 jour ainsi que la copie des dipl\u00f4mes et des lettres de recommandations \u00e9ventuelles par courriel \u00e0 l\u2019adresse suivante :<br \/><a href=\"mailto:cours@ifluxembourg.lu\">cours@ifluxembourg.lu<\/a><\/p>\n<p>[\/et_pb_text][\/et_pb_column][\/et_pb_row][et_pb_row _builder_version=&#8221;4.9.9&#8243; background_size=&#8221;initial&#8221; background_position=&#8221;top_left&#8221; background_repeat=&#8221;repeat&#8221;][et_pb_column type=&#8221;4_4&#8243; _builder_version=&#8221;3.25&#8243; custom_padding=&#8221;|||&#8221; custom_padding__hover=&#8221;|||&#8221;][et_pb_text disabled_on=&#8221;on|on|on&#8221; admin_label=&#8221;Offre Prof&#8221; _builder_version=&#8221;4.9.9&#8243; disabled=&#8221;on&#8221;]<\/p>\n<h3><strong>INTITULE DU POSTE : <\/strong><strong>PROFESSEUR DE FLE\/ FLAM INDEPENDANT <\/strong><strong>( JEUNES PUBLICS ET ADULTES)<\/strong><\/h3>\n<p>L\u2019Institut fran\u00e7ais du Luxembourg, recrute tout au long de l\u2019ann\u00e9e, des professeurs de FLE et de FLAM vacataires pour adultes et jeunes publics, afin de compl\u00e9ter son \u00e9quipe p\u00e9dagogique.<\/p>\n<p>La mission sera d\u2019enseigner le fran\u00e7ais tous niveaux \u00e0 destination de diff\u00e9rents types de publics (enfants, adolescents, adultes, salari\u00e9s) aussi bien dans le cadre de cours individuels que collectifs.<\/p>\n<h4><strong>LIEU :<\/strong><\/h4>\n<p>Luxembourg ville et alentours<\/p>\n<p>&nbsp;<\/p>\n<h4><strong>VOLUME HORAIRE :<\/strong><\/h4>\n<p>10 \u00e0 25 heures semaine<\/p>\n<h4><strong>DUR\u00c9E :<\/strong><\/h4>\n<p>Vacations \u2013 \u00e0 partir du 04\/01\/2022 pour un engagement a minima jusqu\u2019au 15\/07 (vacances scolaires)<\/p>\n<h4><strong>STATUT :<\/strong><\/h4>\n<p>Freelance<\/p>\n<h4><strong>R\u00c9MUN\u00c9RATION :<\/strong><\/h4>\n<p>\u00e0 partir de 34 \u20ac \/ heure<\/p>\n<p>&nbsp;<\/p>\n<h4><strong>DIPL\u00d4ME SOUHAIT\u00c9<\/strong><strong> :\u00a0<\/strong><\/h4>\n<p>\u00catre titulaire d&#8217;un dipl\u00f4me universitaire dans le domaine des langues. Le dipl\u00f4me devra sanctionner au moins 3 ann\u00e9es d&#8217;\u00e9tudes. Si le dipl\u00f4me ne rel\u00e8ve pas du domaine des langues, il pourrait \u00eatre remplac\u00e9 par une exp\u00e9rience extensive (5 ans = 4 000 heures) dans l&#8217;enseignement du fran\u00e7ais langue \u00e9trang\u00e8re pour adultes et\/ou jeune public depuis 2005.\u00a0 Agr\u00e9ment du minist\u00e8re luxembourgeois souhait\u00e9.<\/p>\n<h4><strong>COMP\u00c9TENCES REQUISES :<\/strong><strong>\u00a0<\/strong><\/h4>\n<p>Exp\u00e9rience de 3 ans (= 2 400 heures au minimum) dans l&#8217;enseignement du fran\u00e7ais langue \u00e9trang\u00e8re pour adultes et\/ou jeune public depuis 2005.<br \/>Connaissance approfondie du CECRL et des diff\u00e9rentes m\u00e9thodes et outils p\u00e9dagogiques du FLE.<br \/>Bonne connaissance des TICE et des outils d\u2019apprentissage num\u00e9rique (plateformes, espaces collaboratifs, etc.)<\/p>\n<p>Jeunes dipl\u00f4m\u00e9s accept\u00e9s (SDL, MEEF, FLE, lettres appliqu\u00e9es, DPAFP- AF Paris, lettres langues et litt\u00e9ratures fran\u00e7aises, FLAM ).<\/p>\n<p>Comp\u00e9tences suppl\u00e9mentaires requises pour les cours de FLE et FLAM jeunes publics\u00a0:<\/p>\n<ul>\n<li>Exp\u00e9rience dans l\u2019\u00e9ducation nationale niveaux \u00e9l\u00e9mentaire, primaire, coll\u00e8ge et lyc\u00e9e<\/li>\n<li>Exp\u00e9rience dans les \u00e9coles priv\u00e9es aupr\u00e8s des 3-6 ans 7-9 ans, 10-13 ans 14-18 ans<\/li>\n<li>BAFA appr\u00e9ci\u00e9<\/li>\n<\/ul>\n<p>&nbsp;<\/p>\n<h4><strong>DESCRIPTIF DU POSTE :<\/strong><strong>\u00a0<\/strong><\/h4>\n<p>Prestations de cours de fran\u00e7ais langue \u00e9trang\u00e8re aupr\u00e8s de particuliers et d\u2019entreprises \u00e0 Luxembourg et ses environs selon l\u2019offre de cours de l\u2019Institut fran\u00e7ais du Luxembourg (cours collectifs, cours individuels, cours en entreprise, sessions intensives, sessions extensives, cours du samedi matin, cours standard et cours sp\u00e9cifiques, cours en pr\u00e9sentiel ou \u00e0 distance, cours pour adolescents, ateliers jeune public).<\/p>\n<p>&nbsp;<\/p>\n<h4><strong>D\u00c9MARCHE \u00c0 SUIVRE POUR PR\u00c9SENTER SA CANDIDATURE :<\/strong><strong>\u00a0<\/strong><\/h4>\n<p>Envoyer une lettre de motivation, un CV en fran\u00e7ais et \u00e0 jour ainsi que la copie des dipl\u00f4mes et des lettres de recommandations \u00e9ventuelles par email \u00e0 l\u2019adresse suivante :<br \/><a href=\"mailto:cours@ifluxembourg.lu\">cours@ifluxembourg.lu<\/a><\/p>\n<p><strong>NB\u00a0: nous recherchons des professeurs pour des cours en pr\u00e9sentiel uniquement.<\/strong><\/p>\n<p>[\/et_pb_text][\/et_pb_column][\/et_pb_row][\/et_pb_section][et_pb_section fb_built=&#8221;1&#8243; admin_label=&#8221;footer&#8221; _builder_version=&#8221;4.9.9&#8243; _module_preset=&#8221;95983eb6-0fda-44aa-97bd-c6862f823b4c&#8221; background_color=&#8221;#008ac9&#8243; custom_margin=&#8221;-57px|||||&#8221; global_module=&#8221;26070&#8243; collapsed=&#8221;off&#8221;][et_pb_row column_structure=&#8221;1_4,1_4,1_4,1_4&#8243; admin_label=&#8221;footer row&#8221; _builder_version=&#8221;4.9.9&#8243; background_color=&#8221;#3558A2&#8243; custom_padding=&#8221;27px|0px|0|0px&#8221;][et_pb_column type=&#8221;1_4&#8243; _builder_version=&#8221;3.25&#8243; custom_padding=&#8221;|||&#8221; custom_padding__hover=&#8221;|||&#8221;][et_pb_image src=&#8221;https:\/\/www.backup.institut-francais-luxembourg.lu\/wp-content\/uploads\/2023\/07\/IF_Logo_Pays_Sans_Blanc.png&#8221; title_text=&#8221;IF_Logo_Pays_Sans_Blanc&#8221; admin_label=&#8221;Logo&#8221; _builder_version=&#8221;4.9.9&#8243; _module_preset=&#8221;default&#8221;][\/et_pb_image][\/et_pb_column][et_pb_column type=&#8221;1_4&#8243; _builder_version=&#8221;3.25&#8243; custom_padding=&#8221;|||&#8221; custom_padding__hover=&#8221;|||&#8221;][et_pb_text admin_label=&#8221;footer module part 1&#8243; _builder_version=&#8221;3.27.4&#8243;]<span style=\"font-size: x-large;\"><span style=\"color: #ffffff;\">Contact<\/span><\/span><br \/>\n<span style=\"color: #ffffff; font-size: 14px;\"><strong>Institut fran\u00e7ais du Luxembourg<\/strong><\/span><br \/>\n<span style=\"color: #ffffff;\">BP236<br class=\"manualbr\">L &#8211; 2012 LUXEMBOURG<br \/>\n<br class=\"manualbr\">T\u00e9l.&nbsp;: (00352) _46 21 66<br class=\"manualbr\"><br class=\"manualbr\">Email&nbsp;: <a style=\"color: #ffffff;\" href=\"mailto:contact@ifluxembourg.lu\">contact@ifluxembourg.lu<\/a><br \/>\n<\/span>[\/et_pb_text][\/et_pb_column][et_pb_column type=&#8221;1_4&#8243; _builder_version=&#8221;3.25&#8243; custom_padding=&#8221;|||&#8221; custom_padding__hover=&#8221;|||&#8221;][et_pb_text admin_label=&#8221;footer module part 2&#8243; _builder_version=&#8221;3.27.4&#8243; text_line_height=&#8221;1.3em&#8221;]<span style=\"font-size: x-large; color: #ffffff;\">Acc\u00e8s rapide<\/span><\/p>\n<p><span style=\"color: #ffffff;\"><a style=\"color: #ffffff;\" title=\"cours\" href=\"https:\/\/www.backup.institut-francais-luxembourg.lu\/en\/french-courses\/?lang=en\">Cours<\/a><\/span><\/p>\n<p><span style=\"color: #ffffff;\"><a style=\"color: #ffffff;\" title=\"culture\" href=\"https:\/\/www.backup.institut-francais-luxembourg.lu\/en\/culture\/?lang=en\">Culture<\/a><\/span><\/p>\n<p><span style=\"color: #ffffff;\"><a style=\"color: #ffffff;\" title=\"education\" href=\"https:\/\/www.backup.institut-francais-luxembourg.lu\/en\/education\/?lang=en\">Education<\/a><\/span><\/p>\n<p><span style=\"color: #ffffff;\"><a style=\"color: #ffffff;\" title=\"universit\u00e9\" href=\"https:\/\/www.backup.institut-francais-luxembourg.lu\/en\/universite\/?lang=en\">Universit\u00e9<\/a><\/span><\/p>\n<p><span style=\"color: #ffffff;\"><a style=\"color: #ffffff;\" title=\"agenda\" href=\"agenda-evenements-ifl\/?lang=en\">Agenda<\/a><\/span><\/p>\n<p><span style=\"color: #ffffff;\"><a style=\"color: #ffffff;\" title=\"l'\u00e9quipe\" href=\"https:\/\/www.backup.institut-francais-luxembourg.lu\/en\/lequipe\/?lang=en\">L&#8217;\u00e9quipe<\/a><\/span><\/p>\n<p><span style=\"color: #ffffff;\"><a style=\"color: #ffffff;\" title=\"contact\" href=\"contact\/?lang=en\">Contact<\/a><\/span>[\/et_pb_text][\/et_pb_column][et_pb_column type=&#8221;1_4&#8243; _builder_version=&#8221;3.25&#8243; custom_padding=&#8221;|||&#8221; custom_padding__hover=&#8221;|||&#8221;][et_pb_text admin_label=&#8221;footer module part 3&#8243; _builder_version=&#8221;3.27.4&#8243; text_line_height=&#8221;1.3em&#8221;]<span style=\"font-size: x-large; color: #ffffff;\">IF Num\u00e9rique<\/span><\/p>\n<p><span style=\"color: #ffffff;\"><a style=\"color: #ffffff;\" title=\"IFprofs\" href=\"https:\/\/lu.ifprofs.org\/\">&nbsp;&nbsp;IFprofs<\/a><\/span><\/p>\n<p><span style=\"color: #ffffff;\"><a style=\"color: #ffffff;\" title=\"IFmobile\" href=\"http:\/\/www.institutfrancais.com\/ifmobile-pour-smartphones-et-tablettes\">&nbsp;&nbsp;IFmobile<\/a><\/span><\/p>\n<p><span style=\"color: #ffffff;\"><a style=\"color: #ffffff;\" title=\"IFprog\" href=\"http:\/\/ifprog.institutfrancais.com\" target=\"_blank\" rel=\"noopener\">&nbsp;&nbsp;IFprog<\/a><\/span><\/p>\n<p><span style=\"color: #ffffff;\"><a style=\"color: #ffffff;\" title=\"IFmapp\" href=\"http:\/\/ifmapp.institutfrancais.com\">&nbsp; IFmapp<\/a><\/span><\/p>\n<p><span style=\"color: #ffffff;\"><a style=\"color: #ffffff;\" title=\"IFcin\u00e9ma\" href=\"http:\/\/ifcinema.institutfrancais.com\">&nbsp; IFcin\u00e9ma<\/a><\/span><\/p>\n<p><span style=\"color: #ffffff;\"><a style=\"color: #ffffff;\" title=\"Web TV\" href=\"http:\/\/institutfrancais.tv\">&nbsp; Web TV<\/a><\/span><\/p>\n<p><span style=\"color: #ffffff;\"><a style=\"color: #ffffff;\" title=\"Institut fran\u00e7ais\" href=\"http:\/\/www.institutfrancais.com\/fr\">&nbsp; Institut fran\u00e7ais<\/a><\/span>[\/et_pb_text][\/et_pb_column][\/et_pb_row][\/et_pb_section]<\/p>\n","protected":false},"excerpt":{"rendered":"<p>[et_pb_section fb_built=&#8221;1&#8243; admin_label=&#8221;Section&#8221; _builder_version=&#8221;3.22&#8243; collapsed=&#8221;off&#8221;][et_pb_row _builder_version=&#8221;3.25&#8243; background_size=&#8221;initial&#8221; background_position=&#8221;top_left&#8221; background_repeat=&#8221;repeat&#8221; custom_padding=&#8221;26px|0px|27px|0px|false|false&#8221; collapsed=&#8221;off&#8221;][et_pb_column type=&#8221;4_4&#8243; _builder_version=&#8221;3.25&#8243; custom_padding=&#8221;|||&#8221; custom_padding__hover=&#8221;|||&#8221;][et_pb_text admin_label=&#8221;Titre Offre&#8221; _builder_version=&#8221;4.9.9&#8243;] OFFRE D&#8217;EMPLOI [\/et_pb_text][\/et_pb_column][\/et_pb_row][et_pb_row _builder_version=&#8221;4.9.9&#8243; background_size=&#8221;initial&#8221; background_position=&#8221;top_left&#8221; background_repeat=&#8221;repeat&#8221;][et_pb_column type=&#8221;4_4&#8243; _builder_version=&#8221;3.25&#8243; custom_padding=&#8221;|||&#8221; custom_padding__hover=&#8221;|||&#8221;][et_pb_text admin_label=&#8221;Offre Prof&#8221; _builder_version=&#8221;4.9.9&#8243; custom_padding=&#8221;|||2px||&#8221;] PROFESSEUR DE FLE\/ FLAM INDEPENDANT ( JEUNES PUBLICS ET ADULTES) L\u2019Institut fran\u00e7ais du Luxembourg recrute tout au long de l\u2019ann\u00e9e, selon ses [&hellip;]<\/p>\n","protected":false},"author":1,"featured_media":0,"parent":0,"menu_order":0,"comment_status":"closed","ping_status":"closed","template":"","meta":{"_et_pb_use_builder":"on","_et_pb_old_content":"","_et_gb_content_width":"","om_disable_all_campaigns":false,"_monsterinsights_skip_tracking":false,"_monsterinsights_sitenote_active":false,"_monsterinsights_sitenote_note":"","_monsterinsights_sitenote_category":0,"_uf_show_specific_survey":0,"_uf_disable_surveys":false,"footnotes":""},"aioseo_notices":[],"yoast_head":"<!-- This site is optimized with the Yoast SEO plugin v16.6 - https:\/\/yoast.com\/wordpress\/plugins\/seo\/ -->\n<title>Offre d&#039;emploi - Institut Fran\u00e7ais Du Luxembourg<\/title>\n<meta name=\"robots\" content=\"index, follow, max-snippet:-1, max-image-preview:large, max-video-preview:-1\" \/>\n<link rel=\"canonical\" href=\"https:\/\/www.backup.institut-francais-luxembourg.lu\/en\/offre-demploi\/\" \/>\n<meta property=\"og:locale\" content=\"en_US\" \/>\n<meta property=\"og:type\" content=\"article\" \/>\n<meta property=\"og:title\" content=\"Offre d&#039;emploi - Institut Fran\u00e7ais Du Luxembourg\" \/>\n<meta property=\"og:description\" content=\"[et_pb_section fb_built=&#8221;1&#8243; admin_label=&#8221;Section&#8221; _builder_version=&#8221;3.22&#8243; collapsed=&#8221;off&#8221;][et_pb_row _builder_version=&#8221;3.25&#8243; background_size=&#8221;initial&#8221; background_position=&#8221;top_left&#8221; background_repeat=&#8221;repeat&#8221; custom_padding=&#8221;26px|0px|27px|0px|false|false&#8221; collapsed=&#8221;off&#8221;][et_pb_column type=&#8221;4_4&#8243; _builder_version=&#8221;3.25&#8243; custom_padding=&#8221;|||&#8221; custom_padding__hover=&#8221;|||&#8221;][et_pb_text admin_label=&#8221;Titre Offre&#8221; _builder_version=&#8221;4.9.9&#8243;] OFFRE D&#8217;EMPLOI [\/et_pb_text][\/et_pb_column][\/et_pb_row][et_pb_row _builder_version=&#8221;4.9.9&#8243; background_size=&#8221;initial&#8221; background_position=&#8221;top_left&#8221; background_repeat=&#8221;repeat&#8221;][et_pb_column type=&#8221;4_4&#8243; _builder_version=&#8221;3.25&#8243; custom_padding=&#8221;|||&#8221; custom_padding__hover=&#8221;|||&#8221;][et_pb_text admin_label=&#8221;Offre Prof&#8221; _builder_version=&#8221;4.9.9&#8243; custom_padding=&#8221;|||2px||&#8221;] PROFESSEUR DE FLE\/ FLAM INDEPENDANT ( JEUNES PUBLICS ET ADULTES) L\u2019Institut fran\u00e7ais du Luxembourg recrute tout au long de l\u2019ann\u00e9e, selon ses [&hellip;]\" \/>\n<meta property=\"og:url\" content=\"https:\/\/www.backup.institut-francais-luxembourg.lu\/en\/offre-demploi\/\" \/>\n<meta property=\"og:site_name\" content=\"Institut Fran\u00e7ais Du Luxembourg\" \/>\n<meta property=\"article:publisher\" content=\"https:\/\/www.facebook.com\/Institutfrancaisuduluxembourg\/\" \/>\n<meta property=\"article:modified_time\" content=\"2025-03-24T12:16:32+00:00\" \/>\n<meta name=\"twitter:card\" content=\"summary_large_image\" \/>\n<meta name=\"twitter:site\" content=\"@ifluxembourg\" \/>\n<meta name=\"twitter:label1\" content=\"Est. reading time\" \/>\n\t<meta name=\"twitter:data1\" content=\"7 minutes\" \/>\n<script type=\"application\/ld+json\" class=\"yoast-schema-graph\">{\"@context\":\"https:\/\/schema.org\",\"@graph\":[{\"@type\":\"WebSite\",\"@id\":\"https:\/\/www.backup.institut-francais-luxembourg.lu\/en\/#website\",\"url\":\"https:\/\/www.backup.institut-francais-luxembourg.lu\/en\/\",\"name\":\"Institut Fran\\u00e7ais Du Luxembourg\",\"description\":\"relais de la culture fran\\u00e7aise au Luxembourg\",\"potentialAction\":[{\"@type\":\"SearchAction\",\"target\":{\"@type\":\"EntryPoint\",\"urlTemplate\":\"https:\/\/www.backup.institut-francais-luxembourg.lu\/en\/?s={search_term_string}\"},\"query-input\":\"required name=search_term_string\"}],\"inLanguage\":\"en-US\"},{\"@type\":\"WebPage\",\"@id\":\"https:\/\/www.backup.institut-francais-luxembourg.lu\/en\/offre-demploi\/#webpage\",\"url\":\"https:\/\/www.backup.institut-francais-luxembourg.lu\/en\/offre-demploi\/\",\"name\":\"Offre d'emploi - Institut Fran\\u00e7ais Du Luxembourg\",\"isPartOf\":{\"@id\":\"https:\/\/www.backup.institut-francais-luxembourg.lu\/en\/#website\"},\"datePublished\":\"2020-01-08T09:06:24+00:00\",\"dateModified\":\"2025-03-24T12:16:32+00:00\",\"breadcrumb\":{\"@id\":\"https:\/\/www.backup.institut-francais-luxembourg.lu\/en\/offre-demploi\/#breadcrumb\"},\"inLanguage\":\"en-US\",\"potentialAction\":[{\"@type\":\"ReadAction\",\"target\":[\"https:\/\/www.backup.institut-francais-luxembourg.lu\/en\/offre-demploi\/\"]}]},{\"@type\":\"BreadcrumbList\",\"@id\":\"https:\/\/www.backup.institut-francais-luxembourg.lu\/en\/offre-demploi\/#breadcrumb\",\"itemListElement\":[{\"@type\":\"ListItem\",\"position\":1,\"name\":\"\",\"item\":\"https:\/\/www.backup.institut-francais-luxembourg.lu\/en\/\"},{\"@type\":\"ListItem\",\"position\":2,\"name\":\"Offre d&#8217;emploi\"}]}]}<\/script>\n<!-- \/ Yoast SEO plugin. -->","_links":{"self":[{"href":"https:\/\/www.backup.institut-francais-luxembourg.lu\/en\/wp-json\/wp\/v2\/pages\/32694"}],"collection":[{"href":"https:\/\/www.backup.institut-francais-luxembourg.lu\/en\/wp-json\/wp\/v2\/pages"}],"about":[{"href":"https:\/\/www.backup.institut-francais-luxembourg.lu\/en\/wp-json\/wp\/v2\/types\/page"}],"author":[{"embeddable":true,"href":"https:\/\/www.backup.institut-francais-luxembourg.lu\/en\/wp-json\/wp\/v2\/users\/1"}],"replies":[{"embeddable":true,"href":"https:\/\/www.backup.institut-francais-luxembourg.lu\/en\/wp-json\/wp\/v2\/comments?post=32694"}],"version-history":[{"count":21,"href":"https:\/\/www.backup.institut-francais-luxembourg.lu\/en\/wp-json\/wp\/v2\/pages\/32694\/revisions"}],"predecessor-version":[{"id":44255,"href":"https:\/\/www.backup.institut-francais-luxembourg.lu\/en\/wp-json\/wp\/v2\/pages\/32694\/revisions\/44255"}],"wp:attachment":[{"href":"https:\/\/www.backup.institut-francais-luxembourg.lu\/en\/wp-json\/wp\/v2\/media?parent=32694"}],"curies":[{"name":"wp","href":"https:\/\/api.w.org\/{rel}","templated":true}]}}