{"id":28584,"date":"2018-06-07T12:58:34","date_gmt":"2018-06-07T12:58:34","guid":{"rendered":"http:\/\/www.institut-francais-luxembourg.lu\/lycee-vauban\/"},"modified":"2023-03-09T12:07:09","modified_gmt":"2023-03-09T10:07:09","slug":"lycee-vauban","status":"publish","type":"page","link":"https:\/\/www.backup.institut-francais-luxembourg.lu\/en\/education\/ecoles-francaises\/lycee-vauban\/","title":{"rendered":"Vauban, \u00c9cole et lyc\u00e9e fran\u00e7ais de Luxembourg"},"content":{"rendered":"<p>[et_pb_section fb_built=&#8221;1&#8243; _builder_version=&#8221;3.22&#8243;][et_pb_row _builder_version=&#8221;3.25&#8243; background_size=&#8221;initial&#8221; background_position=&#8221;top_left&#8221; background_repeat=&#8221;repeat&#8221;][et_pb_column type=&#8221;4_4&#8243; _builder_version=&#8221;3.25&#8243; custom_padding=&#8221;|||&#8221; custom_padding__hover=&#8221;|||&#8221;][et_pb_text admin_label=&#8221; Lyc\u00e9e Vauban &#8221; _builder_version=&#8221;4.9.9&#8243; hover_enabled=&#8221;0&#8243; sticky_enabled=&#8221;0&#8243;]<\/p>\n<h2><strong>Vauban, \u00c9cole et Lyc\u00e9e Fran\u00e7ais de Luxembourg <\/strong><\/h2>\n<p>[\/et_pb_text][et_pb_image src=&#8221;https:\/\/www.backup.institut-francais-luxembourg.lu\/wp-content\/uploads\/2023\/03\/540O011.jpg&#8221; alt=&#8221;Vauban, \u00c9cole et lyc\u00e9e fran\u00e7ais de Luxembourg &#8211; image&#8221; title_text=&#8221;540O01(1)&#8221; align=&#8221;center&#8221; align_tablet=&#8221;center&#8221; align_phone=&#8221;&#8221; align_last_edited=&#8221;on|desktop&#8221; admin_label=&#8221;image Ecole Vauban&#8221; _builder_version=&#8221;4.9.9&#8243; max_width=&#8221;74%&#8221; max_width_tablet=&#8221;85%&#8221; max_width_phone=&#8221;80%&#8221; max_width_last_edited=&#8221;on|tablet&#8221; custom_margin=&#8221;||30px|&#8221;]&nbsp;<br \/>\n[\/et_pb_image][et_pb_text _builder_version=&#8221;4.9.9&#8243; hover_enabled=&#8221;0&#8243; sticky_enabled=&#8221;0&#8243;]<\/p>\n<p>Partenaire du r\u00e9seau AEFE, Vauban dispense un enseignement conforme \u00e0 l&#8217;exigence des programmes de l&#8217;Education nationale fran\u00e7aise et \u00e0 ses valeurs. Les \u00e9l\u00e8ves de la maternelle \u00e0 la terminale b\u00e9n\u00e9ficient d&#8217;une offre de langues riche, de dispositifs d&#8217;accompagnement diversifi\u00e9s et de nombreux services compl\u00e9mentaires \u00e0 la scolarit\u00e9 (association sportive, certifications linguistiques, activit\u00e9s p\u00e9riscolaires, clubs, etc.).<\/p>\n<p><span style=\"color: #3558a2;\"><strong>NOTRE PROJET PEDAGOGIQUE<\/strong><\/span><\/p>\n<ul>\n<li>Un enseignement ouvert et rigoureux, fond\u00e9 sur la parfaite ma\u00eetrise des savoirs fondamentaux. Des dispositifs de formation diversifi\u00e9s prenant en compte la pluralit\u00e9 des \u00e9l\u00e8ves.<\/li>\n<li>Une utilisation raisonn\u00e9e du num\u00e9rique au service des apprentissages et de la ma\u00eetrise de l\u2019information. Une culture de l\u2019engagement, de la solidarit\u00e9 et de l\u2019ouverture aux autres.<\/li>\n<li>Une attention port\u00e9e \u00e0 l\u2019expression personnelle, \u00e0 la cr\u00e9ativit\u00e9 et \u00e0 la singularit\u00e9.<\/li>\n<\/ul>\n<p><strong><span style=\"color: #3558a2;\"><br \/>NOTRE CAMPUS<\/span><\/strong><\/p>\n<ul>\n<li>Des infrastructures pens\u00e9es pour offrir aux \u00e9l\u00e8ves de nombreuses installations et \u00e9quipements afin de favoriser les apprentissages et leur \u00e9panouissement.<\/li>\n<li>Un nouveau campus ouvert aux \u00e9l\u00e8ves depuis 2017, \u00e9rig\u00e9 sur un terrain de 5,4 hectares pour 45 000 m2 de b\u00e2ti.<\/li>\n<li>Une situation au c\u0153ur du quartier de la Cloche d\u2019Or, au Sud de la ville de Luxembourg.<\/li>\n<\/ul>\n<p><strong><span style=\"color: #3558a2;\"><br \/>VAUBAN EN CHIFFRES<\/span><\/strong><\/p>\n<ul>\n<li>Pr\u00e8s de 40 ans d\u2019exp\u00e9rience<\/li>\n<\/ul>\n<p>Vauban, Ecole et Lyc\u00e9e Fran\u00e7ais\u00a0de Luxembourg, est n\u00e9 en 2017, du rapprochement de l\u2019\u00c9cole fran\u00e7aise de Luxembourg (1993) et du Lyc\u00e9e Vauban (1985).<\/p>\n<ul>\n<li>Plus de 2500 \u00e9l\u00e8ves<\/li>\n<\/ul>\n<p>40% des \u00e9l\u00e8ves sont scolaris\u00e9s \u00e0 l\u2019\u00e9cole primaire et 60% au coll\u00e8ge &#8211; lyc\u00e9e.<\/p>\n<ul>\n<li>Autour de 50 nationalit\u00e9s<\/li>\n<\/ul>\n<p>Avec pr\u00e8s de 50 nationalit\u00e9s repr\u00e9sent\u00e9es parmi les \u00e9l\u00e8ves, l\u2019\u00e9tablissement offre un environnement multiculturel au c\u0153ur de l\u2019Europe.<\/p>\n<ul>\n<li>Plus de 200 enseignants<\/li>\n<\/ul>\n<p>Faisant preuve d\u2019une grande \u00e9coute et de capacit\u00e9 d\u2019adaptation aux objectifs de l\u2019\u00e9tablissement, le corps enseignant est organis\u00e9 en \u00e9quipes disciplinaires d\u2019une qualit\u00e9 remarquable qui place au centre la r\u00e9ussite et le bien-\u00eatre des \u00e9l\u00e8ves. Il est structur\u00e9 par des coordonnateurs de projets et de mati\u00e8res.<\/p>\n<p><strong><span style=\"color: #3558a2;\"><br \/>LES INSCRIPTIONS<\/span><\/strong><\/p>\n<p>Inscriptions en ligne \u00e0 partir du mois de janvier. <a href=\"https:\/\/www.vauban.lu\/pre-inscription-en-ligne\/\">https:\/\/www.vauban.lu\/pre-inscription-en-ligne\/<\/a><\/p>\n<p>Pour toutes questions concernant les inscriptions, vous pouvez adresser vos demandes \u00e0\u00a0 <a href=\"mailto:inscriptions-MP@vauban.lu\">inscriptions-MP@vauban.lu<\/a> pour l\u2019\u00e9cole primaire, et <a href=\"mailto:inscriptions-LC@vauban.lu\">inscriptions-LC@vauban.lu<\/a> pour le coll\u00e8ge et le lyc\u00e9e.<\/p>\n<p><strong><span style=\"color: #3558a2;\"><br \/>CONTACT<\/span><\/strong><\/p>\n<p>1-3, rue Albert Einstein, L-1484 Luxembourg<\/p>\n<p>\u00c9cole primaire<\/p>\n<p>T\u00e9l. : 28 10 11<\/p>\n<p>E-mail : <a href=\"mailto:primaire@vauban.lu\">primaire@vauban.lu<\/a><\/p>\n<p>Coll\u00e8ge &#8211; Lyc\u00e9e<\/p>\n<p>T\u00e9l. : 28 10 11<\/p>\n<p>E-mail : <a href=\"mailto:secondaire@vauban.lu\">secondaire@vauban.lu<\/a><\/p>\n<p>Site Internet : <a href=\"https:\/\/www.vauban.lu\/\">https:\/\/www.vauban.lu\/<\/a><\/p>\n<p>[\/et_pb_text][\/et_pb_column][\/et_pb_row][\/et_pb_section][et_pb_section fb_built=&#8221;1&#8243; admin_label=&#8221;footer&#8221; _builder_version=&#8221;3.0.106&#8243; background_color=&#8221;#008ac9&#8243; custom_padding=&#8221;0|0px|12px|0px&#8221; global_module=&#8221;26070&#8243;][et_pb_row column_structure=&#8221;1_4,1_4,1_4,1_4&#8243; admin_label=&#8221;footer row&#8221; _builder_version=&#8221;3.25&#8243; custom_padding=&#8221;27px|0px|0|0px&#8221;][et_pb_column type=&#8221;1_4&#8243; _builder_version=&#8221;3.25&#8243; custom_padding=&#8221;|||&#8221; custom_padding__hover=&#8221;|||&#8221;][et_pb_text admin_label=&#8221;footer module part 1&#8243; _builder_version=&#8221;4.9.9&#8243;]<\/p>\n<p><span style=\"font-size: x-large;\"><span style=\"color: #ffffff;\">Contact<\/span><\/span><br \/><span style=\"color: #ffffff; font-size: 14px;\"><strong>Institut fran\u00e7ais du Luxembourg<\/strong><\/span><br \/><span style=\"color: #ffffff;\">BP236<br class=\"manualbr\" \/>L &#8211; 2012 LUXEMBOURG<br \/><br class=\"manualbr\" \/>T\u00e9l.\u00a0: (00352) _46 21 66<br class=\"manualbr\" \/><br class=\"manualbr\" \/>Email\u00a0: <a style=\"color: #ffffff;\" href=\"mailto:contact@ifluxembourg.lu\">contact@ifluxembourg.lu<\/a><br \/><\/span><\/p>\n<p>[\/et_pb_text][\/et_pb_column][et_pb_column type=&#8221;1_4&#8243; _builder_version=&#8221;3.25&#8243; custom_padding=&#8221;|||&#8221; custom_padding__hover=&#8221;|||&#8221;][et_pb_text admin_label=&#8221;footer module part 2&#8243; _builder_version=&#8221;3.27.4&#8243; text_line_height=&#8221;1.3em&#8221;]<\/p>\n<p><span style=\"font-size: x-large; color: #ffffff;\">Acc\u00e8s rapide<\/span><\/p>\n<p><span style=\"color: #ffffff;\"><a style=\"color: #ffffff;\" title=\"cours\" href=\"\/french-courses\/?lang=en\">Cours<\/a><\/span><\/p>\n<p><span style=\"color: #ffffff;\"><a style=\"color: #ffffff;\" title=\"culture\" href=\"\/culture\/?lang=en\">Culture<\/a><\/span><\/p>\n<p><span style=\"color: #ffffff;\"><a style=\"color: #ffffff;\" title=\"education\" href=\"\/education\/?lang=en\">Education<\/a><\/span><\/p>\n<p><span style=\"color: #ffffff;\"><a style=\"color: #ffffff;\" title=\"universit\u00e9\" href=\"\/universite\/?lang=en\">Universit\u00e9<\/a><\/span><\/p>\n<p><span style=\"color: #ffffff;\"><a style=\"color: #ffffff;\" title=\"agenda\" href=\"agenda-evenements-ifl\/?lang=en\">Agenda<\/a><\/span><\/p>\n<p><span style=\"color: #ffffff;\"><a style=\"color: #ffffff;\" title=\"l'\u00e9quipe\" href=\"\/lequipe\/?lang=en\">L&#8217;\u00e9quipe<\/a><\/span><\/p>\n<p><span style=\"color: #ffffff;\"><a style=\"color: #ffffff;\" title=\"contact\" href=\"contact\/?lang=en\">Contact<\/a><\/span><\/p>\n<p>[\/et_pb_text][\/et_pb_column][et_pb_column type=&#8221;1_4&#8243; _builder_version=&#8221;3.25&#8243; custom_padding=&#8221;|||&#8221; custom_padding__hover=&#8221;|||&#8221;][et_pb_text admin_label=&#8221;footer module part 3&#8243; _builder_version=&#8221;3.27.4&#8243; text_line_height=&#8221;1.3em&#8221;]<\/p>\n<p><span style=\"font-size: x-large; color: #ffffff;\">IF Num\u00e9rique<\/span><\/p>\n<p><span style=\"color: #ffffff;\"><a style=\"color: #ffffff;\" title=\"IFprofs\" href=\"https:\/\/lu.ifprofs.org\/\">&nbsp;&nbsp;IFprofs<\/a><\/span><\/p>\n<p><span style=\"color: #ffffff;\"><a style=\"color: #ffffff;\" title=\"IFmobile\" href=\"http:\/\/www.institutfrancais.com\/ifmobile-pour-smartphones-et-tablettes\">&nbsp;&nbsp;IFmobile<\/a><\/span><\/p>\n<p><span style=\"color: #ffffff;\"><a style=\"color: #ffffff;\" title=\"IFprog\" href=\"http:\/\/ifprog.institutfrancais.com\" target=\"_blank\" rel=\"noopener noreferrer\">&nbsp;&nbsp;IFprog<\/a><\/span><\/p>\n<p><span style=\"color: #ffffff;\"><a style=\"color: #ffffff;\" title=\"IFmapp\" href=\"http:\/\/ifmapp.institutfrancais.com\">&nbsp; IFmapp<\/a><\/span><\/p>\n<p><span style=\"color: #ffffff;\"><a style=\"color: #ffffff;\" title=\"IFcin\u00e9ma\" href=\"http:\/\/ifcinema.institutfrancais.com\">&nbsp; IFcin\u00e9ma<\/a><\/span><\/p>\n<p><span style=\"color: #ffffff;\"><a style=\"color: #ffffff;\" title=\"Web TV\" href=\"http:\/\/institutfrancais.tv\">&nbsp; Web TV<\/a><\/span><\/p>\n<p><span style=\"color: #ffffff;\"><a style=\"color: #ffffff;\" title=\"Institut fran\u00e7ais\" href=\"http:\/\/www.institutfrancais.com\/fr\">&nbsp; Institut fran\u00e7ais<\/a><\/span><\/p>\n<p>[\/et_pb_text][\/et_pb_column][et_pb_column type=&#8221;1_4&#8243; _builder_version=&#8221;3.25&#8243; custom_padding=&#8221;|||&#8221; custom_padding__hover=&#8221;|||&#8221;][et_pb_text admin_label=&#8221;R\u00e9seaux sociaux footer&#8221; _builder_version=&#8221;3.27.4&#8243;]<\/p>\n<div class=\"et_social_networks et_social_2col et_social_flip et_social_circle et_social_top et_social_mobile_on et_social_outer_dark\">\n\t\t\t\t\t\n\t\t\t\t\t\n\t\t\t\t\t<ul class=\"et_social_icons_container\"><li class=\"et_social_facebook\">\n\t\t\t\t\t\t<a href=\"https:\/\/www.facebook.com\/Institutfrancaisuduluxembourg\/\" class=\"et_social_follow\" data-social_name=\"facebook\" data-social_type=\"follow\" data-post_id=\"0\" target=\"_blank\">\n\t\t\t\t\t\t\t<i class=\"et_social_icon et_social_icon_facebook\"><\/i>\n\t\t\t\t\t\t\t\n\t\t\t\t\t\t\t<span class=\"et_social_overlay\"><\/span>\n\t\t\t\t\t\t<\/a>\n\t\t\t\t\t<\/li><li class=\"et_social_twitter\">\n\t\t\t\t\t\t<a href=\"https:\/\/twitter.com\/ifluxembourg?lang=fr\" class=\"et_social_follow\" data-social_name=\"twitter\" data-social_type=\"follow\" data-post_id=\"0\" target=\"_blank\">\n\t\t\t\t\t\t\t<i class=\"et_social_icon et_social_icon_twitter\"><\/i>\n\t\t\t\t\t\t\t\n\t\t\t\t\t\t\t<span class=\"et_social_overlay\"><\/span>\n\t\t\t\t\t\t<\/a>\n\t\t\t\t\t<\/li><li class=\"et_social_youtube\">\n\t\t\t\t\t\t<a href=\"https:\/\/www.youtube.com\/channel\/UCKkTKRmahrJ-U51ZEnJzkzQ\" class=\"et_social_follow\" data-social_name=\"youtube\" data-social_type=\"follow\" data-post_id=\"0\" target=\"_blank\">\n\t\t\t\t\t\t\t<i class=\"et_social_icon et_social_icon_youtube\"><\/i>\n\t\t\t\t\t\t\t\n\t\t\t\t\t\t\t<span class=\"et_social_overlay\"><\/span>\n\t\t\t\t\t\t<\/a>\n\t\t\t\t\t<\/li><li class=\"et_social_linkedin\">\n\t\t\t\t\t\t<a href=\"https:\/\/www.linkedin.com\/in\/institut-fran\u00e7ais-luxembourg-8b52b299\/\" class=\"et_social_follow\" data-social_name=\"linkedin\" data-social_type=\"follow\" data-post_id=\"0\" target=\"_blank\">\n\t\t\t\t\t\t\t<i class=\"et_social_icon et_social_icon_linkedin\"><\/i>\n\t\t\t\t\t\t\t\n\t\t\t\t\t\t\t<span class=\"et_social_overlay\"><\/span>\n\t\t\t\t\t\t<\/a>\n\t\t\t\t\t<\/li><li class=\"et_social_instagram\">\n\t\t\t\t\t\t<a href=\"https:\/\/www.instagram.com\/ifluxembourg\/\" class=\"et_social_follow\" data-social_name=\"instagram\" data-social_type=\"follow\" data-post_id=\"0\" target=\"_blank\">\n\t\t\t\t\t\t\t<i class=\"et_social_icon et_social_icon_instagram\"><\/i>\n\t\t\t\t\t\t\t\n\t\t\t\t\t\t\t<span class=\"et_social_overlay\"><\/span>\n\t\t\t\t\t\t<\/a>\n\t\t\t\t\t<\/li><\/ul>\n\t\t\t\t<\/div>\n<p>[\/et_pb_text][\/et_pb_column][\/et_pb_row][\/et_pb_section]<\/p>\n","protected":false},"excerpt":{"rendered":"<p>[et_pb_section fb_built=&#8221;1&#8243; _builder_version=&#8221;3.22&#8243;][et_pb_row _builder_version=&#8221;3.25&#8243; background_size=&#8221;initial&#8221; background_position=&#8221;top_left&#8221; background_repeat=&#8221;repeat&#8221;][et_pb_column type=&#8221;4_4&#8243; _builder_version=&#8221;3.25&#8243; custom_padding=&#8221;|||&#8221; custom_padding__hover=&#8221;|||&#8221;][et_pb_text admin_label=&#8221; Lyc\u00e9e Vauban &#8221; _builder_version=&#8221;4.9.9&#8243; hover_enabled=&#8221;0&#8243; sticky_enabled=&#8221;0&#8243;] Vauban, \u00c9cole et Lyc\u00e9e Fran\u00e7ais de Luxembourg [\/et_pb_text][et_pb_image src=&#8221;https:\/\/www.backup.institut-francais-luxembourg.lu\/wp-content\/uploads\/2023\/03\/540O011.jpg&#8221; alt=&#8221;Vauban, \u00c9cole et lyc\u00e9e fran\u00e7ais de Luxembourg &#8211; image&#8221; title_text=&#8221;540O01(1)&#8221; align=&#8221;center&#8221; align_tablet=&#8221;center&#8221; align_phone=&#8221;&#8221; align_last_edited=&#8221;on|desktop&#8221; admin_label=&#8221;image Ecole Vauban&#8221; _builder_version=&#8221;4.9.9&#8243; max_width=&#8221;74%&#8221; max_width_tablet=&#8221;85%&#8221; max_width_phone=&#8221;80%&#8221; max_width_last_edited=&#8221;on|tablet&#8221; custom_margin=&#8221;||30px|&#8221;]&nbsp; [\/et_pb_image][et_pb_text _builder_version=&#8221;4.9.9&#8243; hover_enabled=&#8221;0&#8243; sticky_enabled=&#8221;0&#8243;] Partenaire [&hellip;]<\/p>\n","protected":false},"author":1,"featured_media":0,"parent":26712,"menu_order":0,"comment_status":"closed","ping_status":"closed","template":"","meta":{"_et_pb_use_builder":"on","_et_pb_old_content":"","_et_gb_content_width":"","om_disable_all_campaigns":false,"_monsterinsights_skip_tracking":false,"_monsterinsights_sitenote_active":false,"_monsterinsights_sitenote_note":"","_monsterinsights_sitenote_category":0,"_uf_show_specific_survey":0,"_uf_disable_surveys":false,"footnotes":""},"aioseo_notices":[],"yoast_head":"<!-- This site is optimized with the Yoast SEO plugin v16.6 - https:\/\/yoast.com\/wordpress\/plugins\/seo\/ -->\n<title>\u00c9cole et lyc\u00e9e Vauban de Luxembourg | Institut fran\u00e7ais du Luxembourg<\/title>\n<meta name=\"description\" content=\"Vauban, \u00c9cole et Lyc\u00e9e fran\u00e7ais de Luxembourg, est un \u00e9tablissement d\u2019enseignement priv\u00e9 homologu\u00e9 par le Minist\u00e8re de l\u2019Education nationale fran\u00e7ais,\" \/>\n<meta name=\"robots\" content=\"index, follow, max-snippet:-1, max-image-preview:large, max-video-preview:-1\" \/>\n<link rel=\"canonical\" href=\"https:\/\/www.backup.institut-francais-luxembourg.lu\/en\/education\/ecoles-francaises\/lycee-vauban\/\" \/>\n<meta property=\"og:locale\" content=\"en_US\" \/>\n<meta property=\"og:type\" content=\"article\" \/>\n<meta property=\"og:title\" content=\"\u00c9cole et lyc\u00e9e Vauban de Luxembourg | Institut fran\u00e7ais du Luxembourg\" \/>\n<meta property=\"og:description\" content=\"Vauban, \u00c9cole et Lyc\u00e9e fran\u00e7ais de Luxembourg, est un \u00e9tablissement d\u2019enseignement priv\u00e9 homologu\u00e9 par le Minist\u00e8re de l\u2019Education nationale fran\u00e7ais,\" \/>\n<meta property=\"og:url\" content=\"https:\/\/www.backup.institut-francais-luxembourg.lu\/en\/education\/ecoles-francaises\/lycee-vauban\/\" \/>\n<meta property=\"og:site_name\" content=\"Institut Fran\u00e7ais Du Luxembourg\" \/>\n<meta property=\"article:publisher\" content=\"https:\/\/www.facebook.com\/Institutfrancaisuduluxembourg\/\" \/>\n<meta property=\"article:modified_time\" content=\"2023-03-09T10:07:09+00:00\" \/>\n<meta name=\"twitter:card\" content=\"summary_large_image\" \/>\n<meta name=\"twitter:site\" content=\"@ifluxembourg\" \/>\n<meta name=\"twitter:label1\" content=\"Est. reading time\" \/>\n\t<meta name=\"twitter:data1\" content=\"4 minutes\" \/>\n<script type=\"application\/ld+json\" class=\"yoast-schema-graph\">{\"@context\":\"https:\/\/schema.org\",\"@graph\":[{\"@type\":\"WebSite\",\"@id\":\"https:\/\/www.backup.institut-francais-luxembourg.lu\/en\/#website\",\"url\":\"https:\/\/www.backup.institut-francais-luxembourg.lu\/en\/\",\"name\":\"Institut Fran\\u00e7ais Du Luxembourg\",\"description\":\"relais de la culture fran\\u00e7aise au Luxembourg\",\"potentialAction\":[{\"@type\":\"SearchAction\",\"target\":{\"@type\":\"EntryPoint\",\"urlTemplate\":\"https:\/\/www.backup.institut-francais-luxembourg.lu\/en\/?s={search_term_string}\"},\"query-input\":\"required name=search_term_string\"}],\"inLanguage\":\"en-US\"},{\"@type\":\"WebPage\",\"@id\":\"https:\/\/www.backup.institut-francais-luxembourg.lu\/en\/education\/ecoles-francaises\/lycee-vauban\/#webpage\",\"url\":\"https:\/\/www.backup.institut-francais-luxembourg.lu\/en\/education\/ecoles-francaises\/lycee-vauban\/\",\"name\":\"\\u00c9cole et lyc\\u00e9e Vauban de Luxembourg | Institut fran\\u00e7ais du Luxembourg\",\"isPartOf\":{\"@id\":\"https:\/\/www.backup.institut-francais-luxembourg.lu\/en\/#website\"},\"datePublished\":\"2018-06-07T12:58:34+00:00\",\"dateModified\":\"2023-03-09T10:07:09+00:00\",\"description\":\"Vauban, \\u00c9cole et Lyc\\u00e9e fran\\u00e7ais de Luxembourg, est un \\u00e9tablissement d\\u2019enseignement priv\\u00e9 homologu\\u00e9 par le Minist\\u00e8re de l\\u2019Education nationale fran\\u00e7ais,\",\"breadcrumb\":{\"@id\":\"https:\/\/www.backup.institut-francais-luxembourg.lu\/en\/education\/ecoles-francaises\/lycee-vauban\/#breadcrumb\"},\"inLanguage\":\"en-US\",\"potentialAction\":[{\"@type\":\"ReadAction\",\"target\":[\"https:\/\/www.backup.institut-francais-luxembourg.lu\/en\/education\/ecoles-francaises\/lycee-vauban\/\"]}]},{\"@type\":\"BreadcrumbList\",\"@id\":\"https:\/\/www.backup.institut-francais-luxembourg.lu\/en\/education\/ecoles-francaises\/lycee-vauban\/#breadcrumb\",\"itemListElement\":[{\"@type\":\"ListItem\",\"position\":1,\"name\":\"\",\"item\":\"https:\/\/www.backup.institut-francais-luxembourg.lu\/en\/\"},{\"@type\":\"ListItem\",\"position\":2,\"name\":\"\\u00c9ducation\",\"item\":\"https:\/\/www.backup.institut-francais-luxembourg.lu\/en\/education\/\"},{\"@type\":\"ListItem\",\"position\":3,\"name\":\"\\u00c9coles fran\\u00e7aises\",\"item\":\"https:\/\/www.backup.institut-francais-luxembourg.lu\/en\/education\/ecoles-francaises\/\"},{\"@type\":\"ListItem\",\"position\":4,\"name\":\"Vauban, \\u00c9cole et lyc\\u00e9e fran\\u00e7ais de Luxembourg\"}]}]}<\/script>\n<!-- \/ Yoast SEO plugin. -->","_links":{"self":[{"href":"https:\/\/www.backup.institut-francais-luxembourg.lu\/en\/wp-json\/wp\/v2\/pages\/28584"}],"collection":[{"href":"https:\/\/www.backup.institut-francais-luxembourg.lu\/en\/wp-json\/wp\/v2\/pages"}],"about":[{"href":"https:\/\/www.backup.institut-francais-luxembourg.lu\/en\/wp-json\/wp\/v2\/types\/page"}],"author":[{"embeddable":true,"href":"https:\/\/www.backup.institut-francais-luxembourg.lu\/en\/wp-json\/wp\/v2\/users\/1"}],"replies":[{"embeddable":true,"href":"https:\/\/www.backup.institut-francais-luxembourg.lu\/en\/wp-json\/wp\/v2\/comments?post=28584"}],"version-history":[{"count":3,"href":"https:\/\/www.backup.institut-francais-luxembourg.lu\/en\/wp-json\/wp\/v2\/pages\/28584\/revisions"}],"predecessor-version":[{"id":38461,"href":"https:\/\/www.backup.institut-francais-luxembourg.lu\/en\/wp-json\/wp\/v2\/pages\/28584\/revisions\/38461"}],"up":[{"embeddable":true,"href":"https:\/\/www.backup.institut-francais-luxembourg.lu\/en\/wp-json\/wp\/v2\/pages\/26712"}],"wp:attachment":[{"href":"https:\/\/www.backup.institut-francais-luxembourg.lu\/en\/wp-json\/wp\/v2\/media?parent=28584"}],"curies":[{"name":"wp","href":"https:\/\/api.w.org\/{rel}","templated":true}]}}