{"id":28435,"date":"2018-06-07T09:04:36","date_gmt":"2018-06-07T09:04:36","guid":{"rendered":"http:\/\/www.institut-francais-luxembourg.lu\/education\/"},"modified":"2018-06-26T09:19:52","modified_gmt":"2018-06-26T07:19:52","slug":"education","status":"publish","type":"page","link":"https:\/\/www.backup.institut-francais-luxembourg.lu\/en\/education\/","title":{"rendered":"\u00c9ducation"},"content":{"rendered":"<p>[et_pb_section fb_built=&#8221;1&#8243; _builder_version=&#8221;3.0.47&#8243;][et_pb_row _builder_version=&#8221;3.0.48&#8243; background_size=&#8221;initial&#8221; background_position=&#8221;top_left&#8221; background_repeat=&#8221;repeat&#8221;][et_pb_column type=&#8221;4_4&#8243; _builder_version=&#8221;3.0.47&#8243; parallax=&#8221;off&#8221; parallax_method=&#8221;on&#8221;][et_pb_text admin_label=&#8221;Titre de la page&#8221; _builder_version=&#8221;3.5.1&#8243;]<\/p>\n<h1>\u00c9DUCATION <\/h1>\n<p>[\/et_pb_text][\/et_pb_column][\/et_pb_row][et_pb_row _builder_version=&#8221;3.0.48&#8243; background_size=&#8221;initial&#8221; background_position=&#8221;top_left&#8221; background_repeat=&#8221;repeat&#8221;][et_pb_column type=&#8221;4_4&#8243; _builder_version=&#8221;3.0.47&#8243; parallax=&#8221;off&#8221; parallax_method=&#8221;on&#8221;][et_pb_text admin_label=&#8221;Texte Education&#8221; _builder_version=&#8221;3.5.1&#8243;]L\u2019Institut fran\u00e7ais du Luxembourg est l\u2019op\u00e9rateur du Minist\u00e8re de l\u2019Europe et des Affaires \u00e9trang\u00e8res (MEAE) et de l\u2019Ambassade de France au Luxembourg, pour l\u2019\u00e9ducation et la promotion de la langue fran\u00e7aise au Luxembourg. A ce titre, il assure le suivi des \u00e9tablissements scolaires homologu\u00e9s et d\u00e9veloppe des actions de coop\u00e9ration \u00e9ducative avec les \u00e9tablissements scolaires luxembourgeois dans le cadre du Mois de la Francophonie par exemple.<br \/>\n[\/et_pb_text][\/et_pb_column][\/et_pb_row][\/et_pb_section][et_pb_section fb_built=&#8221;1&#8243; admin_label=&#8221;footer&#8221; _builder_version=&#8221;3.0.106&#8243; background_color=&#8221;#008ac9&#8243; custom_padding=&#8221;0|0px|12px|0px&#8221; global_module=&#8221;26070&#8243;][et_pb_row custom_padding=&#8221;27px|0px|0|0px&#8221; admin_label=&#8221;footer row&#8221; _builder_version=&#8221;3.8&#8243;][et_pb_column type=&#8221;1_4&#8243; _builder_version=&#8221;3.0.47&#8243; parallax=&#8221;off&#8221; parallax_method=&#8221;on&#8221;][et_pb_text admin_label=&#8221;footer module part 1&#8243; _builder_version=&#8221;3.8&#8243;]<\/p>\n<p><span style=\"font-size: x-large;\"><span style=\"color: #ffffff;\">Contact<\/span><\/span><\/p>\n<p><span style=\"color: #ffffff; font-size: 14px;\"><strong>Institut fran\u00e7ais du Luxembourg<\/strong><\/span><\/p>\n<p><span style=\"color: #ffffff;\">BP 236<br class=\"manualbr\" \/>L &#8211; 2012 LUXEMBOURG<\/span><\/p>\n<p><span style=\"color: #ffffff;\">T\u00e9l.\u00a0: (00352) _46 21 66<\/span><br class=\"manualbr\" \/><br class=\"manualbr\" \/><span style=\"color: #ffffff;\">E-mail\u00a0: <a style=\"color: #ffffff;\" href=\"mailto:contact@ifluxembourg.lu\">contact@ifluxembourg.lu<\/a><\/span><\/p>\n<p>\u00a0<\/p>\n<p>\u00a0<\/p>\n<p>\u00a0<\/p>\n<p>[\/et_pb_text][\/et_pb_column][et_pb_column type=&#8221;1_4&#8243; _builder_version=&#8221;3.0.47&#8243; parallax=&#8221;off&#8221; parallax_method=&#8221;on&#8221;][et_pb_text admin_label=&#8221;footer module part 2&#8243; _builder_version=&#8221;3.8&#8243; text_line_height=&#8221;1.3em&#8221;]<\/p>\n<p><span style=\"font-size: x-large; color: #ffffff;\">Acc\u00e8s rapide<\/span><\/p>\n<p><span style=\"color: #ffffff;\"><a style=\"color: #ffffff;\" title=\"cours\" href=\"https:\/\/www.backup.institut-francais-luxembourg.lu\/french-courses\/?lang=en\">Cours<\/a><\/span><\/p>\n<p><span style=\"color: #ffffff;\"><a style=\"color: #ffffff;\" title=\"culture\" href=\"https:\/\/www.backup.institut-francais-luxembourg.lu\/culture\/?lang=en\">Culture<\/a><\/span><\/p>\n<p><span style=\"color: #ffffff;\">\u00c9ducation<br \/><\/span><\/p>\n<p><span style=\"color: #ffffff;\"><a style=\"color: #ffffff;\" title=\"universit\u00e9\" href=\"https:\/\/www.backup.institut-francais-luxembourg.lu\/universite\/?lang=en\">Universit\u00e9<\/a><\/span><\/p>\n<p><span style=\"color: #ffffff;\"><a style=\"color: #ffffff;\" title=\"agenda\" href=\"agenda-evenements-ifl\/?lang=en\">Agenda<\/a><\/span><\/p>\n<p><span style=\"color: #ffffff;\"><a style=\"color: #ffffff;\" title=\"l'\u00e9quipe\" href=\"https:\/\/www.backup.institut-francais-luxembourg.lu\/lequipe\/?lang=en\">L&#8217;\u00e9quipe<\/a><\/span><\/p>\n<p><span style=\"color: #ffffff;\"><a style=\"color: #ffffff;\" title=\"contact\" href=\"contact\/?lang=en\">Contact<\/a><\/span><\/p>\n<p>[\/et_pb_text][\/et_pb_column][et_pb_column type=&#8221;1_4&#8243; _builder_version=&#8221;3.0.47&#8243; parallax=&#8221;off&#8221; parallax_method=&#8221;on&#8221;][et_pb_text admin_label=&#8221;footer module part 3&#8243; _builder_version=&#8221;3.7.1&#8243; text_line_height=&#8221;1.3em&#8221;]<\/p>\n<p><span style=\"font-size: x-large; color: #ffffff;\">IF Num\u00e9rique<\/span><\/p>\n<p><span style=\"color: #ffffff;\"><a style=\"color: #ffffff;\" title=\"IFprofs\" href=\"https:\/\/lu.ifprofs.org\/\">\u00a0\u00a0IFprofs<\/a><\/span><\/p>\n<p><span style=\"color: #ffffff;\"><a style=\"color: #ffffff;\" title=\"IFmobile\" href=\"http:\/\/www.institutfrancais.com\/ifmobile-pour-smartphones-et-tablettes\">\u00a0\u00a0IFmobile<\/a><\/span><\/p>\n<p><span style=\"color: #ffffff;\"><a style=\"color: #ffffff;\" title=\"IFprog\" href=\"http:\/\/ifprog.institutfrancais.com\" target=\"_blank\" rel=\"noopener\">\u00a0\u00a0IFprog<\/a><\/span><\/p>\n<p><span style=\"color: #ffffff;\"><a style=\"color: #ffffff;\" title=\"IFmapp\" href=\"http:\/\/ifmapp.institutfrancais.com\">\u00a0 IFmapp<\/a><\/span><\/p>\n<p><span style=\"color: #ffffff;\"><a style=\"color: #ffffff;\" title=\"IFcin\u00e9ma\" href=\"http:\/\/ifcinema.institutfrancais.com\">\u00a0 IFcin\u00e9ma<\/a><\/span><\/p>\n<p><span style=\"color: #ffffff;\"><a style=\"color: #ffffff;\" title=\"Web TV\" href=\"http:\/\/institutfrancais.tv\">\u00a0 Web TV<\/a><\/span><\/p>\n<p><span style=\"color: #ffffff;\"><a style=\"color: #ffffff;\" title=\"Institut fran\u00e7ais\" href=\"http:\/\/www.institutfrancais.com\/fr\">\u00a0 Institut fran\u00e7ais<\/a><\/span><\/p>\n<p>[\/et_pb_text][\/et_pb_column][et_pb_column type=&#8221;1_4&#8243; _builder_version=&#8221;3.0.47&#8243; parallax=&#8221;off&#8221; parallax_method=&#8221;on&#8221;][et_pb_text admin_label=&#8221;R\u00e9seaux sociaux footer&#8221; _builder_version=&#8221;3.0.106&#8243;]<\/p>\n<div class=\"et_social_networks et_social_2col et_social_flip et_social_circle et_social_top et_social_mobile_on et_social_outer_dark\">\n\t\t\t\t\t\n\t\t\t\t\t\n\t\t\t\t\t<ul class=\"et_social_icons_container\"><li class=\"et_social_facebook\">\n\t\t\t\t\t\t<a href=\"https:\/\/www.facebook.com\/Institutfrancaisuduluxembourg\/\" class=\"et_social_follow\" data-social_name=\"facebook\" data-social_type=\"follow\" data-post_id=\"0\" target=\"_blank\">\n\t\t\t\t\t\t\t<i class=\"et_social_icon et_social_icon_facebook\"><\/i>\n\t\t\t\t\t\t\t\n\t\t\t\t\t\t\t<span class=\"et_social_overlay\"><\/span>\n\t\t\t\t\t\t<\/a>\n\t\t\t\t\t<\/li><li class=\"et_social_twitter\">\n\t\t\t\t\t\t<a href=\"https:\/\/twitter.com\/ifluxembourg?lang=fr\" class=\"et_social_follow\" data-social_name=\"twitter\" data-social_type=\"follow\" data-post_id=\"0\" target=\"_blank\">\n\t\t\t\t\t\t\t<i class=\"et_social_icon et_social_icon_twitter\"><\/i>\n\t\t\t\t\t\t\t\n\t\t\t\t\t\t\t<span class=\"et_social_overlay\"><\/span>\n\t\t\t\t\t\t<\/a>\n\t\t\t\t\t<\/li><li class=\"et_social_youtube\">\n\t\t\t\t\t\t<a href=\"https:\/\/www.youtube.com\/channel\/UCKkTKRmahrJ-U51ZEnJzkzQ\" class=\"et_social_follow\" data-social_name=\"youtube\" data-social_type=\"follow\" data-post_id=\"0\" target=\"_blank\">\n\t\t\t\t\t\t\t<i class=\"et_social_icon et_social_icon_youtube\"><\/i>\n\t\t\t\t\t\t\t\n\t\t\t\t\t\t\t<span class=\"et_social_overlay\"><\/span>\n\t\t\t\t\t\t<\/a>\n\t\t\t\t\t<\/li><li class=\"et_social_linkedin\">\n\t\t\t\t\t\t<a href=\"https:\/\/www.linkedin.com\/in\/institut-fran\u00e7ais-luxembourg-8b52b299\/\" class=\"et_social_follow\" data-social_name=\"linkedin\" data-social_type=\"follow\" data-post_id=\"0\" target=\"_blank\">\n\t\t\t\t\t\t\t<i class=\"et_social_icon et_social_icon_linkedin\"><\/i>\n\t\t\t\t\t\t\t\n\t\t\t\t\t\t\t<span class=\"et_social_overlay\"><\/span>\n\t\t\t\t\t\t<\/a>\n\t\t\t\t\t<\/li><li class=\"et_social_instagram\">\n\t\t\t\t\t\t<a href=\"https:\/\/www.instagram.com\/ifluxembourg\/\" class=\"et_social_follow\" data-social_name=\"instagram\" data-social_type=\"follow\" data-post_id=\"0\" target=\"_blank\">\n\t\t\t\t\t\t\t<i class=\"et_social_icon et_social_icon_instagram\"><\/i>\n\t\t\t\t\t\t\t\n\t\t\t\t\t\t\t<span class=\"et_social_overlay\"><\/span>\n\t\t\t\t\t\t<\/a>\n\t\t\t\t\t<\/li><\/ul>\n\t\t\t\t<\/div>\n<p>[\/et_pb_text][\/et_pb_column][\/et_pb_row][\/et_pb_section]<\/p>\n","protected":false},"excerpt":{"rendered":"<p>[et_pb_section fb_built=&#8221;1&#8243; _builder_version=&#8221;3.0.47&#8243;][et_pb_row _builder_version=&#8221;3.0.48&#8243; background_size=&#8221;initial&#8221; background_position=&#8221;top_left&#8221; background_repeat=&#8221;repeat&#8221;][et_pb_column type=&#8221;4_4&#8243; _builder_version=&#8221;3.0.47&#8243; parallax=&#8221;off&#8221; parallax_method=&#8221;on&#8221;][et_pb_text admin_label=&#8221;Titre de la page&#8221; _builder_version=&#8221;3.5.1&#8243;] \u00c9DUCATION [\/et_pb_text][\/et_pb_column][\/et_pb_row][et_pb_row _builder_version=&#8221;3.0.48&#8243; background_size=&#8221;initial&#8221; background_position=&#8221;top_left&#8221; background_repeat=&#8221;repeat&#8221;][et_pb_column type=&#8221;4_4&#8243; _builder_version=&#8221;3.0.47&#8243; parallax=&#8221;off&#8221; parallax_method=&#8221;on&#8221;][et_pb_text admin_label=&#8221;Texte Education&#8221; _builder_version=&#8221;3.5.1&#8243;]L\u2019Institut fran\u00e7ais du Luxembourg est l\u2019op\u00e9rateur du Minist\u00e8re de l\u2019Europe et des Affaires \u00e9trang\u00e8res (MEAE) et de l\u2019Ambassade de France au Luxembourg, pour l\u2019\u00e9ducation et la promotion [&hellip;]<\/p>\n","protected":false},"author":1,"featured_media":0,"parent":0,"menu_order":0,"comment_status":"closed","ping_status":"closed","template":"","meta":{"_et_pb_use_builder":"on","_et_pb_old_content":"","_et_gb_content_width":"","om_disable_all_campaigns":false,"_monsterinsights_skip_tracking":false,"_monsterinsights_sitenote_active":false,"_monsterinsights_sitenote_note":"","_monsterinsights_sitenote_category":0,"_uf_show_specific_survey":0,"_uf_disable_surveys":false,"footnotes":""},"aioseo_notices":[],"yoast_head":"<!-- This site is optimized with the Yoast SEO plugin v16.6 - https:\/\/yoast.com\/wordpress\/plugins\/seo\/ -->\n<title>\u00c9ducation de la langue fran\u00e7aise | Institut fran\u00e7ais du Luxembourg<\/title>\n<meta name=\"description\" content=\"L\u2019IFL est l\u2019op\u00e9rateur du Minist\u00e8re de l\u2019Europe, des Affaires \u00e9trang\u00e8res et de l\u2019Ambassade de France, pour l\u2019 \u00e9ducation de la langue fran\u00e7aise au Luxembourg.\" \/>\n<meta name=\"robots\" content=\"index, follow, max-snippet:-1, max-image-preview:large, max-video-preview:-1\" \/>\n<link rel=\"canonical\" href=\"https:\/\/www.backup.institut-francais-luxembourg.lu\/en\/education\/\" \/>\n<meta property=\"og:locale\" content=\"en_US\" \/>\n<meta property=\"og:type\" content=\"article\" \/>\n<meta property=\"og:title\" content=\"\u00c9ducation de la langue fran\u00e7aise | Institut fran\u00e7ais du Luxembourg\" \/>\n<meta property=\"og:description\" content=\"L\u2019IFL est l\u2019op\u00e9rateur du Minist\u00e8re de l\u2019Europe, des Affaires \u00e9trang\u00e8res et de l\u2019Ambassade de France, pour l\u2019 \u00e9ducation de la langue fran\u00e7aise au Luxembourg.\" \/>\n<meta property=\"og:url\" content=\"https:\/\/www.backup.institut-francais-luxembourg.lu\/en\/education\/\" \/>\n<meta property=\"og:site_name\" content=\"Institut Fran\u00e7ais Du Luxembourg\" \/>\n<meta property=\"article:publisher\" content=\"https:\/\/www.facebook.com\/Institutfrancaisuduluxembourg\/\" \/>\n<meta property=\"article:modified_time\" content=\"2018-06-26T07:19:52+00:00\" \/>\n<meta name=\"twitter:card\" content=\"summary_large_image\" \/>\n<meta name=\"twitter:site\" content=\"@ifluxembourg\" \/>\n<meta name=\"twitter:label1\" content=\"Est. reading time\" \/>\n\t<meta name=\"twitter:data1\" content=\"2 minutes\" \/>\n<script type=\"application\/ld+json\" class=\"yoast-schema-graph\">{\"@context\":\"https:\/\/schema.org\",\"@graph\":[{\"@type\":\"WebSite\",\"@id\":\"https:\/\/www.backup.institut-francais-luxembourg.lu\/en\/#website\",\"url\":\"https:\/\/www.backup.institut-francais-luxembourg.lu\/en\/\",\"name\":\"Institut Fran\\u00e7ais Du Luxembourg\",\"description\":\"relais de la culture fran\\u00e7aise au Luxembourg\",\"potentialAction\":[{\"@type\":\"SearchAction\",\"target\":{\"@type\":\"EntryPoint\",\"urlTemplate\":\"https:\/\/www.backup.institut-francais-luxembourg.lu\/en\/?s={search_term_string}\"},\"query-input\":\"required name=search_term_string\"}],\"inLanguage\":\"en-US\"},{\"@type\":\"WebPage\",\"@id\":\"https:\/\/www.backup.institut-francais-luxembourg.lu\/en\/education\/#webpage\",\"url\":\"https:\/\/www.backup.institut-francais-luxembourg.lu\/en\/education\/\",\"name\":\"\\u00c9ducation de la langue fran\\u00e7aise | Institut fran\\u00e7ais du Luxembourg\",\"isPartOf\":{\"@id\":\"https:\/\/www.backup.institut-francais-luxembourg.lu\/en\/#website\"},\"datePublished\":\"2018-06-07T09:04:36+00:00\",\"dateModified\":\"2018-06-26T07:19:52+00:00\",\"description\":\"L\\u2019IFL est l\\u2019op\\u00e9rateur du Minist\\u00e8re de l\\u2019Europe, des Affaires \\u00e9trang\\u00e8res et de l\\u2019Ambassade de France, pour l\\u2019 \\u00e9ducation de la langue fran\\u00e7aise au Luxembourg.\",\"breadcrumb\":{\"@id\":\"https:\/\/www.backup.institut-francais-luxembourg.lu\/en\/education\/#breadcrumb\"},\"inLanguage\":\"en-US\",\"potentialAction\":[{\"@type\":\"ReadAction\",\"target\":[\"https:\/\/www.backup.institut-francais-luxembourg.lu\/en\/education\/\"]}]},{\"@type\":\"BreadcrumbList\",\"@id\":\"https:\/\/www.backup.institut-francais-luxembourg.lu\/en\/education\/#breadcrumb\",\"itemListElement\":[{\"@type\":\"ListItem\",\"position\":1,\"name\":\"\",\"item\":\"https:\/\/www.backup.institut-francais-luxembourg.lu\/en\/\"},{\"@type\":\"ListItem\",\"position\":2,\"name\":\"\\u00c9ducation\"}]}]}<\/script>\n<!-- \/ Yoast SEO plugin. -->","_links":{"self":[{"href":"https:\/\/www.backup.institut-francais-luxembourg.lu\/en\/wp-json\/wp\/v2\/pages\/28435"}],"collection":[{"href":"https:\/\/www.backup.institut-francais-luxembourg.lu\/en\/wp-json\/wp\/v2\/pages"}],"about":[{"href":"https:\/\/www.backup.institut-francais-luxembourg.lu\/en\/wp-json\/wp\/v2\/types\/page"}],"author":[{"embeddable":true,"href":"https:\/\/www.backup.institut-francais-luxembourg.lu\/en\/wp-json\/wp\/v2\/users\/1"}],"replies":[{"embeddable":true,"href":"https:\/\/www.backup.institut-francais-luxembourg.lu\/en\/wp-json\/wp\/v2\/comments?post=28435"}],"version-history":[{"count":0,"href":"https:\/\/www.backup.institut-francais-luxembourg.lu\/en\/wp-json\/wp\/v2\/pages\/28435\/revisions"}],"wp:attachment":[{"href":"https:\/\/www.backup.institut-francais-luxembourg.lu\/en\/wp-json\/wp\/v2\/media?parent=28435"}],"curies":[{"name":"wp","href":"https:\/\/api.w.org\/{rel}","templated":true}]}}