{"id":27636,"date":"2018-05-16T09:04:35","date_gmt":"2018-05-16T09:04:35","guid":{"rendered":"http:\/\/www.institut-francais-luxembourg.lu\/etudier-en-france\/inscriptions\/"},"modified":"2024-08-13T16:13:11","modified_gmt":"2024-08-13T14:13:11","slug":"sinscrire","status":"publish","type":"page","link":"https:\/\/www.backup.institut-francais-luxembourg.lu\/en\/universite\/etudier-en-france\/sinscrire\/","title":{"rendered":"S&#8217;inscrire"},"content":{"rendered":"<p>[et_pb_section fb_built=&#8221;1&#8243; _builder_version=&#8221;3.22&#8243;][et_pb_row _builder_version=&#8221;3.25&#8243; background_size=&#8221;initial&#8221; background_position=&#8221;top_left&#8221; background_repeat=&#8221;repeat&#8221;][et_pb_column type=&#8221;4_4&#8243; _builder_version=&#8221;3.25&#8243; custom_padding=&#8221;|||&#8221; custom_padding__hover=&#8221;|||&#8221;][et_pb_text admin_label=&#8221;Titre s&#8217;inscrire dans un Etablissement&#8221; _builder_version=&#8221;3.27.4&#8243;]<\/p>\n<h3>S&#8217;inscrire dans un \u00e9tablissement d&#8217;enseignement sup\u00e9rieur<\/h3>\n<p>[\/et_pb_text][\/et_pb_column][\/et_pb_row][et_pb_row _builder_version=&#8221;3.25&#8243; background_size=&#8221;initial&#8221; background_position=&#8221;top_left&#8221; background_repeat=&#8221;repeat&#8221;][et_pb_column type=&#8221;4_4&#8243; _builder_version=&#8221;3.25&#8243; custom_padding=&#8221;|||&#8221; custom_padding__hover=&#8221;|||&#8221;][et_pb_toggle title=&#8221;Comment s\u2019inscrire ? &#8221; admin_label=&#8221;Toggle Comment s\u2019inscrire ? &#8221; _builder_version=&#8221;4.9.9&#8243;]<\/p>\n<p style=\"text-align: justify;\">\u00a0bla blaPour l\u2019inscription en 1\u00e8re ann\u00e9e de Licence, les \u00e9l\u00e8ves luxembourgeois, comme les \u00e9l\u00e8ves fran\u00e7ais, passent en r\u00e8gle g\u00e9n\u00e9rale par la proc\u00e9dure <strong>Parcoursup <\/strong>(<a href=\"http:\/\/www.parcoursup.fr\" target=\"_blank\" rel=\"noopener\">www.parcoursup.fr<\/a> ), dont la premi\u00e8re \u00e9tape se d\u00e9roule entre la mi-janvier et la mi-mars de chaque ann\u00e9e.<\/p>\n<p style=\"text-align: justify;\">Ce dispositif de pr\u00e9-inscription en ligne en premi\u00e8re ann\u00e9e d\u2019enseignement sup\u00e9rieur concerne les titulaires du baccalaur\u00e9at fran\u00e7ais, mais aussi les titulaires d\u2019un baccalaur\u00e9at europ\u00e9en ou d\u2019un dipl\u00f4me de fin d\u2019\u00e9tudes secondaires, lorsqu\u2019ils souhaitent rejoindre plusieurs types de formations en 1\u00e8re\u00a0 ann\u00e9e : les licences \u00e0 l\u2019universit\u00e9, les \u00c9coles nationales d\u2019architecture, les classes pr\u00e9paratoires aux Grandes \u00c9coles (CPGE), les formations professionnalisantes (BTS, DUT), etc.<\/p>\n<p style=\"text-align: justify;\"><strong>En savoir plus: <a href=\"http:\/\/www.parcoursup.fr\" target=\"_blank\" rel=\"noopener\">www.parcoursup.fr<\/a><\/strong><\/p>\n<p style=\"text-align: justify;\">Les \u00e9tudiants issus d\u2019un pays hors union europ\u00e9enne et r\u00e9sidant au Luxembourg doivent passer par une proc\u00e9dure d\u2019inscription sp\u00e9cifique\u00a0: <strong>la proc\u00e9dure DAP<\/strong>, s\u2019ils s\u2019inscrivent en premi\u00e8re ann\u00e9e de licence \u00e0 l\u2019universit\u00e9 (DAP blanche) ou en \u00e9cole d\u2019architecture (DAP jaune). Pour les inscriptions en classes pr\u00e9paratoires, en BTS, en DUT, ils doivent passer par la proc\u00e9dure Parcoursup.<\/p>\n<p style=\"text-align: justify;\">Les candidats souhaitant s\u2019inscrire dans un institut d\u2019\u00e9tudes politiques (IEP), dans une \u00e9cole d\u2019art, dans les \u00e9coles de commerce ou d\u2019ing\u00e9nieur, dans un institut sp\u00e9cialis\u00e9, doivent consulter directement les informations disponibles sur le site de l\u2019\u00e9tablissement de leur choix, car la proc\u00e9dure d\u2019inscription peut varier : examen \u00e9crit, dossier et entretien, portfolio, etc.<\/p>\n<p style=\"text-align: justify;\">Pour un transfert en 2e ou 3e ann\u00e9e de licence, l\u2019\u00e9tudiant doit contacter directement l\u2019\u00e9tablissement de son choix afin de conna\u00eetre la proc\u00e9dure exacte qui s\u2019applique dans son cas.<\/p>\n<p style=\"text-align: justify;\">Pour l\u2019inscription en Master ou en Doctorat, le candidat doit contacter directement l\u2019universit\u00e9 de son choix afin de conna\u00eetre la proc\u00e9dure de candidature, ainsi que les dates limites pour l\u2019envoi du dossier de candidature.<\/p>\n<p>&nbsp;<\/p>\n<p><strong>Proc\u00e9dure d\u2019inscription en 1<sup>\u00e8re<\/sup> ann\u00e9e d\u2019universit\u00e9 pour les \u00e9tudiants extra-communautaires r\u00e9sidant au Luxembourg<\/strong><\/p>\n<p>Les \u00e9tudiants non-europ\u00e9ens r\u00e9sidant au Luxembourg d\u00e9sireux de s\u2019inscrire en premi\u00e8re ann\u00e9e dans une universit\u00e9 fran\u00e7aise pour l\u2019ann\u00e9e acad\u00e9mique 2025-2026 doivent candidater via la demande d\u2019admission pr\u00e9alable (DAP blanche). <span>Les \u00e9tudiants devront \u00e9galement demander un visa de long s\u00e9jour pour la France.<\/span><\/p>\n<p>Ouverture du d\u00e9p\u00f4t des candidatures : 1er octobre 2024.<br \/>Date limite de d\u00e9p\u00f4t des dossiers au service de coop\u00e9ration et d\u2019action culturelle de l\u2019Ambassade de France au Luxembourg : 15 d\u00e9cembre 2024.<\/p>\n<p>Plus d\u2019informations et dossier t\u00e9l\u00e9chargeable au lien suivant : <a href=\"https:\/\/www.enseignementsup-recherche.gouv.fr\/fr\/dossier-blanc-demande-d-admission-prealable-dap-pour-une-premiere-inscription-dans-une-universite-46452\" target=\"_blank\" rel=\"noopener\">https:\/\/www.enseignementsup-recherche.gouv.fr\/fr\/dossier-blanc-demande-d-admission-prealable-dap-pour-une-premiere-inscription-dans-une-universite-46452<\/a><\/p>\n<p>[\/et_pb_toggle][et_pb_toggle title=&#8221;A combien s\u2019\u00e9l\u00e8vent les frais d\u2019inscription en France ?&#8221; admin_label=&#8221;Toggle A combien s\u2019\u00e9l\u00e8vent les frais d\u2019inscription en France ?&#8221; _builder_version=&#8221;3.8&#8243;]<\/p>\n<p style=\"text-align: justify;\">En France, les droits de scolarit\u00e9 annuels dans les \u00e9tablissements publics sont fix\u00e9s par l\u2019\u00c9tat. Pour l&#8217;ann\u00e9e 2017-2018, ils s&#8217;\u00e9l\u00e8vent \u00e0 :<\/p>\n<ul style=\"text-align: justify;\">\n<li>184 euros pour la Licence<\/li>\n<li>256 euros pour le Master<\/li>\n<li>391 euros pour le Doctorat<\/li>\n<li>610 euros pour les \u00c9coles publiques d&#8217;ing\u00e9nieurs.<\/li>\n<\/ul>\n<p style=\"text-align: justify;\">Dans les \u00e9tablissements priv\u00e9s, les frais de scolarit\u00e9 sont plus \u00e9lev\u00e9s et peuvent varier entre 3.000 et 30.000 euros par an selon le domaine, la langue d&#8217;enseignement ou le cycle d&#8217;\u00e9tudes propos\u00e9.<\/p>\n<p>[\/et_pb_toggle][et_pb_toggle title=&#8221;Faut-il passer un examen pour l\u2019entr\u00e9e en 1\u00e8re ann\u00e9e d\u2019\u00e9tudes ?&#8221; admin_label=&#8221;Toggle Faut-il passer un examen pour l\u2019entr\u00e9e en 1\u00e8re ann\u00e9e d\u2019\u00e9tudes ?&#8221; _builder_version=&#8221;3.8&#8243;]<\/p>\n<p style=\"text-align: justify;\">Il n\u2019y a pas d\u2019examen d\u2019entr\u00e9e pour une inscription en premi\u00e8re ann\u00e9e d\u2019universit\u00e9. Cependant, il existe, en dehors des universit\u00e9s, des \u00e9coles pour lesquelles il faut pr\u00e9voir un concours d\u2019entr\u00e9e apr\u00e8s le baccalaur\u00e9at (ex : concours commun pour les Instituts d\u2019\u00c9tudes Politiques, concours pour les \u00e9coles d\u2019ing\u00e9nieurs du r\u00e9seau GEIPI-PolyTech, concours des \u00e9coles de commerce \u2013 BCE ACCES, BCE SESAME, BCE TEAM, etc.).<\/p>\n<p>[\/et_pb_toggle][et_pb_toggle title=&#8221;Quelles sont les  dates des concours d&#8217;entr\u00e9e dans les grandes \u00e9coles ?&#8221; admin_label=&#8221;Toggle Faut-il passer un examen pour l\u2019entr\u00e9e en 1\u00e8re ann\u00e9e d\u2019\u00e9tudes ?&#8221; _builder_version=&#8221;3.8&#8243;]<\/p>\n<p style=\"text-align: justify;\"><span>Le calendrier des concours d\u2019entr\u00e9e dans les grandes \u00e9coles \u2013 Session 2024, c<\/span>oncours sur les programmes des classes pr\u00e9paratoires scientifiques math\u00e9matiques et physique (MP), math\u00e9matiques, physique et informatique (MPI), physique et chimie (PC), physique et sciences de l\u2019ing\u00e9nieur (PSI), technologie et sciences de l\u2019ing\u00e9nieur (TSI), technologie, physique et chimie (TPC), physique et technologie (PT), ATS Ing\u00e9nierie industrielle et g\u00e9nie civil, concours sur les programmes des classes pr\u00e9paratoires de type biologie, chimie, physique et sciences de la Terre (BCPST) et TB, concours sur les programmes des classes pr\u00e9paratoires \u00e9conomiques et commerciales, concours sur les programmes des classes pr\u00e9paratoires litt\u00e9raires et concours sur programmes particuliers, est disponible <a href=\"https:\/\/www.enseignementsup-recherche.gouv.fr\/fr\/bo\/2024\/Hebdo1\/ESRS2334472X#:~:text=Concours%20d'entr%C3%A9e%20en%201re,16%20et%2017%20avril%202024.\">ici<\/a>.<\/p>\n<p>[\/et_pb_toggle][et_pb_toggle title=&#8221;Que doit contenir un dossier de candidature ?&#8221; admin_label=&#8221;Toggle Que doit contenir un dossier de candidature ?&#8221; _builder_version=&#8221;3.8&#8243;]<\/p>\n<p style=\"text-align: justify;\">Le dossier d\u2019inscription peut varier d\u2019un \u00e9tablissement \u00e0 l\u2019autre. Pour ce qui est de l\u2019inscription en 1\u00e8re ann\u00e9e de Licence via Parcoursup, ce qui compte dans un premier temps c\u2019est le dossier scolaire, notamment les relev\u00e9s de notes du lyc\u00e9e. Par la suite, il peut \u00eatre demand\u00e9 un certificat de niveau de fran\u00e7ais, une lettre de motivation et d\u2019autres dipl\u00f4mes qui peuvent donner de la valeur \u00e0 la candidature, et bien s\u00fbr le dipl\u00f4me de fin d&#8217;\u00e9tudes secondaires une fois acquis.<\/p>\n<p style=\"text-align: justify;\">Pour une inscription en Master, il sera demand\u00e9 le dipl\u00f4me de Licence ou les relev\u00e9s de notes de toutes les ann\u00e9es de Licence, potentiellement un certificat de fran\u00e7ais, un CV, une lettre de motivation et, selon le cas, des lettres de recommandation.<\/p>\n<p>[\/et_pb_toggle][et_pb_toggle title=&#8221;Est-ce que je peux m\u2019inscrire dans plusieurs \u00e9tablissements ?&#8221; admin_label=&#8221;Toggle Est-ce que je peux m\u2019inscrire dans plusieurs \u00e9tablissements ?&#8221; _builder_version=&#8221;3.8&#8243;]<\/p>\n<p style=\"text-align: justify;\">Les ressortissants hors UE et soumis \u00e0 la proc\u00e9dure DAP doivent indiquer 3 choix de Licence \u00e0 l\u2019universit\u00e9 ou 2 choix s\u2019ils postulent pour une \u00c9cole nationale d\u2019architecture. Les ressortissants europ\u00e9ens et fran\u00e7ais, qui s\u2019inscrivent via Parcousup, peuvent \u00e9mettre 10 v\u0153ux maximum de formations.<\/p>\n<p style=\"text-align: justify;\">Pour les \u00e9tablissements non concern\u00e9s par Parcoursup, le choix n\u2019est pas limit\u00e9, mais dans l\u2019id\u00e9al il est recommand\u00e9 de porter son choix sur des \u00e9tablissements qui conviennent r\u00e9ellement \u00e0 son parcours et \u00e0 ses attentes.<\/p>\n<p>[\/et_pb_toggle][et_pb_toggle title=&#8221;Quelles sont les dates limites pour les inscriptions ?&#8221; admin_label=&#8221;Toggle Quelles sont les dates limites pour les inscriptions ?&#8221; _builder_version=&#8221;3.8&#8243;]Pour l\u2019inscription en 1\u00e8re ann\u00e9e de Licence, via la proc\u00e9dure Parcoursup, les inscriptions se font entre la mi-janvier et la mi-mars de chaque ann\u00e9e.<\/p>\n<p>Pour l\u2019inscription en Master ou en Doctorat, les dates limites varient selon l\u2019\u00e9tablissement, il convient donc de contacter les universit\u00e9s au plus t\u00f4t dans l\u2019ann\u00e9e, mais, en r\u00e8gle g\u00e9n\u00e9rale, les proc\u00e9dures d\u2019admission se d\u00e9roulent entre avril et juin pour une rentr\u00e9e universitaire qui a lieu en septembre-octobre.<br \/>\n[\/et_pb_toggle][et_pb_toggle title=&#8221;L\u2019\u00e9tablissement de mon choix me demande de passer un examen \u00e9crit et\/ou un entretien, mais je ne peux pas me d\u00e9placer en France. Puis-je faire cela au Luxembourg ?&#8221; admin_label=&#8221;L\u2019\u00e9tablissement de mon choix me demande de passer un examen \u00e9crit et\/ou un entretien, mais je ne peux pas me d\u00e9placer en France. Puis-je faire cela au Luxembourg ?&#8221; _builder_version=&#8221;3.8&#8243;]<\/p>\n<p style=\"text-align: justify;\">Oui, \u00e0 la demande de l\u2019\u00e9tablissement. L\u2019Institut fran\u00e7ais du Luxembourg est centre habilit\u00e9 d\u2019examens. Il peut organiser des \u00e9preuves \u00e9crites ou des entretiens t\u00e9l\u00e9phoniques. Le paiement de ce service est \u00e0 la charge du candidat. Pour plus de d\u00e9tails, n\u2019h\u00e9sitez pas \u00e0 nous contacter.<\/p>\n<p>[\/et_pb_toggle][et_pb_toggle title=&#8221;Je ne suis plus \u00e9tudiant, mais je souhaite poursuivre\/reprendre mes \u00e9tudes en France. Est-ce que mon exp\u00e9rience professionnelle est reconnue ?&#8221; admin_label=&#8221;Je ne suis plus \u00e9tudiant, mais je souhaite poursuivre\/reprendre mes \u00e9tudes en France. Est-ce que mon exp\u00e9rience professionnelle est reconnue ?&#8221; _builder_version=&#8221;3.8&#8243;]<\/p>\n<p style=\"text-align: justify;\">Oui. En France, les \u00e9tablissements peuvent prendre en consid\u00e9ration l\u2019exp\u00e9rience professionnelle par la proc\u00e9dure de validation des acquis professionnels (VAE). Suite \u00e0 l\u2019examen du VAE, il est possible d\u2019inscrire le candidat \u00e0 un niveau d\u2019\u00e9tudes sup\u00e9rieures par rapport \u00e0 son dernier dipl\u00f4me ou d\u2019\u00eatre exempt\u00e9 de certains examens.<\/p>\n<p>[\/et_pb_toggle][\/et_pb_column][\/et_pb_row][\/et_pb_section][et_pb_section fb_built=&#8221;1&#8243; admin_label=&#8221;footer&#8221; _builder_version=&#8221;4.9.9&#8243; _module_preset=&#8221;95983eb6-0fda-44aa-97bd-c6862f823b4c&#8221; background_color=&#8221;#008ac9&#8243; custom_margin=&#8221;-57px|||||&#8221; global_module=&#8221;26070&#8243; collapsed=&#8221;off&#8221;][et_pb_row column_structure=&#8221;1_4,1_4,1_4,1_4&#8243; admin_label=&#8221;footer row&#8221; _builder_version=&#8221;4.9.9&#8243; background_color=&#8221;#3558A2&#8243; custom_padding=&#8221;27px|0px|0|0px&#8221;][et_pb_column type=&#8221;1_4&#8243; _builder_version=&#8221;3.25&#8243; custom_padding=&#8221;|||&#8221; custom_padding__hover=&#8221;|||&#8221;][et_pb_image src=&#8221;https:\/\/www.backup.institut-francais-luxembourg.lu\/wp-content\/uploads\/2023\/07\/IF_Logo_Pays_Sans_Blanc.png&#8221; title_text=&#8221;IF_Logo_Pays_Sans_Blanc&#8221; admin_label=&#8221;Logo&#8221; _builder_version=&#8221;4.9.9&#8243; _module_preset=&#8221;default&#8221;][\/et_pb_image][\/et_pb_column][et_pb_column type=&#8221;1_4&#8243; _builder_version=&#8221;3.25&#8243; custom_padding=&#8221;|||&#8221; custom_padding__hover=&#8221;|||&#8221;][et_pb_text admin_label=&#8221;footer module part 1&#8243; _builder_version=&#8221;3.27.4&#8243;]<span style=\"font-size: x-large;\"><span style=\"color: #ffffff;\">Contact<\/span><\/span><br \/>\n<span style=\"color: #ffffff; font-size: 14px;\"><strong>Institut fran\u00e7ais du Luxembourg<\/strong><\/span><br \/>\n<span style=\"color: #ffffff;\">BP236<br class=\"manualbr\">L &#8211; 2012 LUXEMBOURG<br \/>\n<br class=\"manualbr\">T\u00e9l.&nbsp;: (00352) _46 21 66<br class=\"manualbr\"><br class=\"manualbr\">Email&nbsp;: <a style=\"color: #ffffff;\" href=\"mailto:contact@ifluxembourg.lu\">contact@ifluxembourg.lu<\/a><br \/>\n<\/span>[\/et_pb_text][\/et_pb_column][et_pb_column type=&#8221;1_4&#8243; _builder_version=&#8221;3.25&#8243; custom_padding=&#8221;|||&#8221; custom_padding__hover=&#8221;|||&#8221;][et_pb_text admin_label=&#8221;footer module part 2&#8243; _builder_version=&#8221;3.27.4&#8243; text_line_height=&#8221;1.3em&#8221;]<span style=\"font-size: x-large; color: #ffffff;\">Acc\u00e8s rapide<\/span><\/p>\n<p><span style=\"color: #ffffff;\"><a style=\"color: #ffffff;\" title=\"cours\" href=\"\/french-courses\/?lang=en\">Cours<\/a><\/span><\/p>\n<p><span style=\"color: #ffffff;\"><a style=\"color: #ffffff;\" title=\"culture\" href=\"https:\/\/www.backup.institut-francais-luxembourg.lu\/en\/culture\/?lang=en\">Culture<\/a><\/span><\/p>\n<p><span style=\"color: #ffffff;\"><a style=\"color: #ffffff;\" title=\"education\" href=\"https:\/\/www.backup.institut-francais-luxembourg.lu\/en\/education\/?lang=en\">Education<\/a><\/span><\/p>\n<p><span style=\"color: #ffffff;\"><a style=\"color: #ffffff;\" title=\"universit\u00e9\" href=\"https:\/\/www.backup.institut-francais-luxembourg.lu\/en\/universite\/?lang=en\">Universit\u00e9<\/a><\/span><\/p>\n<p><span style=\"color: #ffffff;\"><a style=\"color: #ffffff;\" title=\"agenda\" href=\"agenda-evenements-ifl\/?lang=en\">Agenda<\/a><\/span><\/p>\n<p><span style=\"color: #ffffff;\"><a style=\"color: #ffffff;\" title=\"l'\u00e9quipe\" href=\"https:\/\/www.backup.institut-francais-luxembourg.lu\/en\/lequipe\/?lang=en\">L&#8217;\u00e9quipe<\/a><\/span><\/p>\n<p><span style=\"color: #ffffff;\"><a style=\"color: #ffffff;\" title=\"contact\" href=\"contact\/?lang=en\">Contact<\/a><\/span>[\/et_pb_text][\/et_pb_column][et_pb_column type=&#8221;1_4&#8243; _builder_version=&#8221;3.25&#8243; custom_padding=&#8221;|||&#8221; custom_padding__hover=&#8221;|||&#8221;][et_pb_text admin_label=&#8221;footer module part 3&#8243; _builder_version=&#8221;3.27.4&#8243; text_line_height=&#8221;1.3em&#8221;]<span style=\"font-size: x-large; color: #ffffff;\">IF Num\u00e9rique<\/span><\/p>\n<p><span style=\"color: #ffffff;\"><a style=\"color: #ffffff;\" title=\"IFprofs\" href=\"https:\/\/lu.ifprofs.org\/\">&nbsp;&nbsp;IFprofs<\/a><\/span><\/p>\n<p><span style=\"color: #ffffff;\"><a style=\"color: #ffffff;\" title=\"IFmobile\" href=\"http:\/\/www.institutfrancais.com\/ifmobile-pour-smartphones-et-tablettes\">&nbsp;&nbsp;IFmobile<\/a><\/span><\/p>\n<p><span style=\"color: #ffffff;\"><a style=\"color: #ffffff;\" title=\"IFprog\" href=\"http:\/\/ifprog.institutfrancais.com\" target=\"_blank\" rel=\"noopener\">&nbsp;&nbsp;IFprog<\/a><\/span><\/p>\n<p><span style=\"color: #ffffff;\"><a style=\"color: #ffffff;\" title=\"IFmapp\" href=\"http:\/\/ifmapp.institutfrancais.com\">&nbsp; IFmapp<\/a><\/span><\/p>\n<p><span style=\"color: #ffffff;\"><a style=\"color: #ffffff;\" title=\"IFcin\u00e9ma\" href=\"http:\/\/ifcinema.institutfrancais.com\">&nbsp; IFcin\u00e9ma<\/a><\/span><\/p>\n<p><span style=\"color: #ffffff;\"><a style=\"color: #ffffff;\" title=\"Web TV\" href=\"http:\/\/institutfrancais.tv\">&nbsp; Web TV<\/a><\/span><\/p>\n<p><span style=\"color: #ffffff;\"><a style=\"color: #ffffff;\" title=\"Institut fran\u00e7ais\" href=\"http:\/\/www.institutfrancais.com\/fr\">&nbsp; Institut fran\u00e7ais<\/a><\/span>[\/et_pb_text][\/et_pb_column][\/et_pb_row][\/et_pb_section]<\/p>\n","protected":false},"excerpt":{"rendered":"<p>[et_pb_section fb_built=&#8221;1&#8243; _builder_version=&#8221;3.22&#8243;][et_pb_row _builder_version=&#8221;3.25&#8243; background_size=&#8221;initial&#8221; background_position=&#8221;top_left&#8221; background_repeat=&#8221;repeat&#8221;][et_pb_column type=&#8221;4_4&#8243; _builder_version=&#8221;3.25&#8243; custom_padding=&#8221;|||&#8221; custom_padding__hover=&#8221;|||&#8221;][et_pb_text admin_label=&#8221;Titre s&#8217;inscrire dans un Etablissement&#8221; _builder_version=&#8221;3.27.4&#8243;] S&#8217;inscrire dans un \u00e9tablissement d&#8217;enseignement sup\u00e9rieur [\/et_pb_text][\/et_pb_column][\/et_pb_row][et_pb_row _builder_version=&#8221;3.25&#8243; background_size=&#8221;initial&#8221; background_position=&#8221;top_left&#8221; background_repeat=&#8221;repeat&#8221;][et_pb_column type=&#8221;4_4&#8243; _builder_version=&#8221;3.25&#8243; custom_padding=&#8221;|||&#8221; custom_padding__hover=&#8221;|||&#8221;][et_pb_toggle title=&#8221;Comment s\u2019inscrire ? &#8221; admin_label=&#8221;Toggle Comment s\u2019inscrire ? &#8221; _builder_version=&#8221;4.9.9&#8243;] \u00a0bla blaPour l\u2019inscription en 1\u00e8re ann\u00e9e de Licence, les \u00e9l\u00e8ves luxembourgeois, comme les [&hellip;]<\/p>\n","protected":false},"author":1,"featured_media":0,"parent":26715,"menu_order":0,"comment_status":"closed","ping_status":"closed","template":"","meta":{"_et_pb_use_builder":"on","_et_pb_old_content":"","_et_gb_content_width":"","om_disable_all_campaigns":false,"_monsterinsights_skip_tracking":false,"_monsterinsights_sitenote_active":false,"_monsterinsights_sitenote_note":"","_monsterinsights_sitenote_category":0,"_uf_show_specific_survey":0,"_uf_disable_surveys":false,"footnotes":""},"aioseo_notices":[],"yoast_head":"<!-- This site is optimized with the Yoast SEO plugin v16.6 - https:\/\/yoast.com\/wordpress\/plugins\/seo\/ -->\n<title>\u00c9tudier en France - S&#039;inscrire | Institut fran\u00e7ais du Luxembourg<\/title>\n<meta name=\"description\" content=\"Comment s\u2019inscrire pour \u00e9tudier en France dans un \u00e9tablissement d\u2019enseignement sup\u00e9rieur ? Retrouvez toutes nos r\u00e9ponses \u00e0 vos questions dans notre FAQ.\" \/>\n<meta name=\"robots\" content=\"index, follow, max-snippet:-1, max-image-preview:large, max-video-preview:-1\" \/>\n<link rel=\"canonical\" href=\"https:\/\/www.backup.institut-francais-luxembourg.lu\/en\/universite\/etudier-en-france\/sinscrire\/\" \/>\n<meta property=\"og:locale\" content=\"en_US\" \/>\n<meta property=\"og:type\" content=\"article\" \/>\n<meta property=\"og:title\" content=\"\u00c9tudier en France - S&#039;inscrire | Institut fran\u00e7ais du Luxembourg\" \/>\n<meta property=\"og:description\" content=\"Comment s\u2019inscrire pour \u00e9tudier en France dans un \u00e9tablissement d\u2019enseignement sup\u00e9rieur ? Retrouvez toutes nos r\u00e9ponses \u00e0 vos questions dans notre FAQ.\" \/>\n<meta property=\"og:url\" content=\"https:\/\/www.backup.institut-francais-luxembourg.lu\/en\/universite\/etudier-en-france\/sinscrire\/\" \/>\n<meta property=\"og:site_name\" content=\"Institut Fran\u00e7ais Du Luxembourg\" \/>\n<meta property=\"article:publisher\" content=\"https:\/\/www.facebook.com\/Institutfrancaisuduluxembourg\/\" \/>\n<meta property=\"article:modified_time\" content=\"2024-08-13T14:13:11+00:00\" \/>\n<meta name=\"twitter:card\" content=\"summary_large_image\" \/>\n<meta name=\"twitter:site\" content=\"@ifluxembourg\" \/>\n<meta name=\"twitter:label1\" content=\"Est. reading time\" \/>\n\t<meta name=\"twitter:data1\" content=\"9 minutes\" \/>\n<script type=\"application\/ld+json\" class=\"yoast-schema-graph\">{\"@context\":\"https:\/\/schema.org\",\"@graph\":[{\"@type\":\"WebSite\",\"@id\":\"https:\/\/www.backup.institut-francais-luxembourg.lu\/en\/#website\",\"url\":\"https:\/\/www.backup.institut-francais-luxembourg.lu\/en\/\",\"name\":\"Institut Fran\\u00e7ais Du Luxembourg\",\"description\":\"relais de la culture fran\\u00e7aise au Luxembourg\",\"potentialAction\":[{\"@type\":\"SearchAction\",\"target\":{\"@type\":\"EntryPoint\",\"urlTemplate\":\"https:\/\/www.backup.institut-francais-luxembourg.lu\/en\/?s={search_term_string}\"},\"query-input\":\"required name=search_term_string\"}],\"inLanguage\":\"en-US\"},{\"@type\":\"WebPage\",\"@id\":\"https:\/\/www.backup.institut-francais-luxembourg.lu\/en\/universite\/etudier-en-france\/sinscrire\/#webpage\",\"url\":\"https:\/\/www.backup.institut-francais-luxembourg.lu\/en\/universite\/etudier-en-france\/sinscrire\/\",\"name\":\"\\u00c9tudier en France - S'inscrire | Institut fran\\u00e7ais du Luxembourg\",\"isPartOf\":{\"@id\":\"https:\/\/www.backup.institut-francais-luxembourg.lu\/en\/#website\"},\"datePublished\":\"2018-05-16T09:04:35+00:00\",\"dateModified\":\"2024-08-13T14:13:11+00:00\",\"description\":\"Comment s\\u2019inscrire pour \\u00e9tudier en France dans un \\u00e9tablissement d\\u2019enseignement sup\\u00e9rieur ? Retrouvez toutes nos r\\u00e9ponses \\u00e0 vos questions dans notre FAQ.\",\"breadcrumb\":{\"@id\":\"https:\/\/www.backup.institut-francais-luxembourg.lu\/en\/universite\/etudier-en-france\/sinscrire\/#breadcrumb\"},\"inLanguage\":\"en-US\",\"potentialAction\":[{\"@type\":\"ReadAction\",\"target\":[\"https:\/\/www.backup.institut-francais-luxembourg.lu\/en\/universite\/etudier-en-france\/sinscrire\/\"]}]},{\"@type\":\"BreadcrumbList\",\"@id\":\"https:\/\/www.backup.institut-francais-luxembourg.lu\/en\/universite\/etudier-en-france\/sinscrire\/#breadcrumb\",\"itemListElement\":[{\"@type\":\"ListItem\",\"position\":1,\"name\":\"\",\"item\":\"https:\/\/www.backup.institut-francais-luxembourg.lu\/en\/\"},{\"@type\":\"ListItem\",\"position\":2,\"name\":\"Universit\\u00e9\",\"item\":\"https:\/\/www.backup.institut-francais-luxembourg.lu\/en\/universite\/\"},{\"@type\":\"ListItem\",\"position\":3,\"name\":\"\\u00c9tudier en France\",\"item\":\"https:\/\/www.backup.institut-francais-luxembourg.lu\/en\/universite\/etudier-en-france\/\"},{\"@type\":\"ListItem\",\"position\":4,\"name\":\"S&#8217;inscrire\"}]}]}<\/script>\n<!-- \/ Yoast SEO plugin. -->","_links":{"self":[{"href":"https:\/\/www.backup.institut-francais-luxembourg.lu\/en\/wp-json\/wp\/v2\/pages\/27636"}],"collection":[{"href":"https:\/\/www.backup.institut-francais-luxembourg.lu\/en\/wp-json\/wp\/v2\/pages"}],"about":[{"href":"https:\/\/www.backup.institut-francais-luxembourg.lu\/en\/wp-json\/wp\/v2\/types\/page"}],"author":[{"embeddable":true,"href":"https:\/\/www.backup.institut-francais-luxembourg.lu\/en\/wp-json\/wp\/v2\/users\/1"}],"replies":[{"embeddable":true,"href":"https:\/\/www.backup.institut-francais-luxembourg.lu\/en\/wp-json\/wp\/v2\/comments?post=27636"}],"version-history":[{"count":4,"href":"https:\/\/www.backup.institut-francais-luxembourg.lu\/en\/wp-json\/wp\/v2\/pages\/27636\/revisions"}],"predecessor-version":[{"id":43329,"href":"https:\/\/www.backup.institut-francais-luxembourg.lu\/en\/wp-json\/wp\/v2\/pages\/27636\/revisions\/43329"}],"up":[{"embeddable":true,"href":"https:\/\/www.backup.institut-francais-luxembourg.lu\/en\/wp-json\/wp\/v2\/pages\/26715"}],"wp:attachment":[{"href":"https:\/\/www.backup.institut-francais-luxembourg.lu\/en\/wp-json\/wp\/v2\/media?parent=27636"}],"curies":[{"name":"wp","href":"https:\/\/api.w.org\/{rel}","templated":true}]}}