{"id":27625,"date":"2018-05-16T09:12:14","date_gmt":"2018-05-16T09:12:14","guid":{"rendered":"http:\/\/www.institut-francais-luxembourg.lu\/etudier-en-france\/vie-pratique\/"},"modified":"2018-06-25T12:09:11","modified_gmt":"2018-06-25T10:09:11","slug":"vie-pratique","status":"publish","type":"page","link":"https:\/\/www.backup.institut-francais-luxembourg.lu\/en\/universite\/etudier-en-france\/vie-pratique\/","title":{"rendered":"Vie pratique"},"content":{"rendered":"<p>[et_pb_section fb_built=&#8221;1&#8243; _builder_version=&#8221;3.0.47&#8243;][et_pb_row _builder_version=&#8221;3.0.48&#8243; background_size=&#8221;initial&#8221; background_position=&#8221;top_left&#8221; background_repeat=&#8221;repeat&#8221;][et_pb_column type=&#8221;4_4&#8243; _builder_version=&#8221;3.0.47&#8243; parallax=&#8221;off&#8221; parallax_method=&#8221;on&#8221;][et_pb_text admin_label=&#8221;Titre Vie pratique &#8221; _builder_version=&#8221;3.2.2&#8243;]<\/p>\n<h3>Vie pratique<\/h3>\n<p>[\/et_pb_text][\/et_pb_column][\/et_pb_row][et_pb_row _builder_version=&#8221;3.0.48&#8243; background_size=&#8221;initial&#8221; background_position=&#8221;top_left&#8221; background_repeat=&#8221;repeat&#8221;][et_pb_column type=&#8221;4_4&#8243; _builder_version=&#8221;3.0.47&#8243; parallax=&#8221;off&#8221; parallax_method=&#8221;on&#8221;][et_pb_toggle title=&#8221;La s\u00e9curit\u00e9 sociale \u00e9tudiante et les mutuelles&#8221; admin_label=&#8221;Toggle La s\u00e9curit\u00e9 sociale \u00e9tudiante et les mutuelles&#8221; _builder_version=&#8221;3.8&#8243;]<\/p>\n<p style=\"text-align: justify;\">La protection m\u00e9dicale fran\u00e7aise, assur\u00e9e par la S\u00e9curit\u00e9 sociale, est de bonne qualit\u00e9. Depuis le 1er\u00a0 septembre 2018, les \u00e9tudiants fran\u00e7ais qui s\u2019inscrivent pour la premi\u00e8re fois dans un \u00e9tablissement d\u2019enseignement sup\u00e9rieur fran\u00e7ais ne changent pas de r\u00e9gime obligatoire d\u2019assurance maladie pour le remboursement de leurs frais de sant\u00e9. Ils restent affili\u00e9s en tant qu\u2019assur\u00e9 autonome \u00e0 leur r\u00e9gime actuel de protection sociale, g\u00e9n\u00e9ralement celui de leurs parents ou tuteurs l\u00e9gaux, et ce quel que soit ce r\u00e9gime (g\u00e9n\u00e9ral, agricole ou autre).<\/p>\n<p style=\"text-align: justify;\">Les \u00e9tudiants ressortissants de l\u2019Espace \u00c9conomique Europ\u00e9en en sont dispens\u00e9s d\u00e8s lors qu\u2019ils sont titulaires pour toute l\u2019ann\u00e9e universitaire d\u2019une carte europ\u00e9enne d\u2019assurance maladie ou d\u2019une attestation d\u2019assurance priv\u00e9e couvrant l\u2019ensemble des risques m\u00e9dicaux sans restrictions tarifaires.<\/p>\n<p style=\"text-align: justify;\">La S\u00e9curit\u00e9 sociale rembourse en moyenne 60% des d\u00e9penses de maladie. A c\u00f4t\u00e9 de ce syst\u00e8me obligatoire, des mutuelles \u00e9tudiantes permettent de compl\u00e9ter cette couverture jusqu\u2019\u00e0 la gratuit\u00e9 compl\u00e8te des soins.<\/p>\n<p style=\"text-align: justify;\">Les deux principales mutuelle \u00e9tudiantes sont :<br \/> \u25aa La LMDE (La Mutuelle des \u00c9tudiants)<br \/> \u25aa L\u2019 emeVia, qui regroupe 11 mutuelles \u00e9tudiantes r\u00e9gionales.<\/p>\n<p><a href=\"http:\/\/www.etudiant.gouv.fr\/cid104942\/la-securite-sociale.html\" target=\"_blank\" rel=\"noopener\">En savoir plus<\/a><\/p>\n<p>[\/et_pb_toggle][et_pb_toggle title=&#8221;Les services d\u2019accueil des \u00e9tablissements d\u2019enseignement sup\u00e9rieur&#8221; admin_label=&#8221;Toggle Les services d\u2019accueil des \u00e9tablissements d\u2019enseignement sup\u00e9rieur&#8221; _builder_version=&#8221;3.8&#8243;]<\/p>\n<p style=\"text-align: justify;\">L\u2019arriv\u00e9e dans un nouveau pays peut \u00eatre d\u00e9licate. De nombreux \u00e9tablissements ont donc mis en place des dispositifs d\u2019accueil destin\u00e9s \u00e0 leurs \u00e9tudiants internationaux. Ces dispositifs sont vari\u00e9s : ils peuvent comprendre l\u2019accueil \u00e0 l\u2019a\u00e9roport, la r\u00e9servation d&#8217;un logement, un suivi personnalis\u00e9, un tutorat ou des cours de fran\u00e7ais langue \u00e9trang\u00e8re. Les PRES, les universit\u00e9s et les \u00e9coles sont \u00e0 votre service.<\/p>\n<p style=\"text-align: justify;\">Campus France vous conseille pour organiser au mieux votre arriv\u00e9e en France.<\/p>\n<p><a href=\"https:\/\/www.campusfrance.org\/fr\/organiser-arrivee-France-check-list\" target=\"_blank\" rel=\"noopener\">En savoir plus<\/a><\/p>\n<p>[\/et_pb_toggle][et_pb_toggle title=&#8221;Se restaurer &#8221; admin_label=&#8221;Toggle Se restaurer &#8221; _builder_version=&#8221;3.8&#8243;]<\/p>\n<p style=\"text-align: justify;\">Les restaurants universitaires (restos U) sont ouverts \u00e0 tous les \u00e9tudiants inscrits dans un \u00e9tablissement d\u2019enseignement sup\u00e9rieur agr\u00e9\u00e9 par la s\u00e9curit\u00e9 sociale. Ils sont situ\u00e9s \u00e0 proximit\u00e9 des sites universitaires. On trouve \u00e9galement des caf\u00e9t\u00e9rias dans l\u2019enceinte des facult\u00e9s pour un petit encas entre les cours.<\/p>\n<p style=\"text-align: justify;\">Dans les restos U, un repas \u00e9quilibr\u00e9 co\u00fbte 3,25 euros. Il s&#8217;agit d&#8217;une aide mat\u00e9rielle financ\u00e9e par l\u2019\u00c9tat \u00e0 travers le CNOUS et les CROUS.<\/p>\n<p><a href=\"http:\/\/www.etudiant.gouv.fr\/cid96359\/restauration-100-crous.html\" target=\"_blank\" rel=\"noopener\">En savoir plus<\/a><\/p>\n<p>[\/et_pb_toggle][et_pb_toggle title=&#8221;Comment trouver un travail pendant ses \u00e9tudes ?&#8221; admin_label=&#8221;Toggle Comment trouver un travail pendant ses \u00e9tudes ?&#8221; _builder_version=&#8221;3.8&#8243;]<\/p>\n<p style=\"text-align: justify;\">Les \u00e9tudiants \u00e0 la recherche d\u2019un emploi temporaire peuvent s\u2019adresser au service des emplois temporaires (ou service jobs \u00e9tudiants) des CROUS et consulter le site <a href=\"http:\/\/www.jobaviz.fr\/\" target=\"_blank\" rel=\"noopener\">http:\/\/www.jobaviz.fr\/ <\/a><\/p>\n<p style=\"text-align: justify;\">De nombreuses possibilit\u00e9s existent \u00e9galement pour \u00eatre conseill\u00e9s ou accompagn\u00e9s en tant que jeunes dipl\u00f4m\u00e9s :<\/p>\n<p style=\"text-align: justify;\">&#8211; L\u2019association Pour l\u2019Emploi des Cadres (APEC)<br \/> L&#8217;APEC propose plusieurs services aux jeunes dipl\u00f4m\u00e9s comme le simulateur d\u2019entretien ou le coaching individualis\u00e9. Renseignez-vous aupr\u00e8s de l&#8217;association <a href=\"https:\/\/www.apec.fr\/\">ici<\/a>.<\/p>\n<p style=\"text-align: justify;\">&#8211; Les Centres d\u2019Informations Jeunesse (CIJ)<\/p>\n<p style=\"text-align: justify;\">&#8211; Le P\u00f4le Emploi \u00c9tudiant du CROUS de Paris<br \/> Il propose de nombreuses offres d&#8217;emplois temporaires chez les particuliers et dans les entreprises. Un conseiller P\u00f4le Emploi accueillie, sur rendez-vous uniquement, pour proposer des conseils sur la r\u00e9daction du CV, de la lettre de motivation, etc.<\/p>\n<p style=\"text-align: justify;\">&#8211; Le Bureau d\u2019Aide \u00e0 l\u2019Insertion Professionnelle (BAIP) de son \u00e9tablissement<\/p>\n<p style=\"text-align: justify;\">&#8211; Les missions locales<br \/> Elles peuvent accompagner dans la recherche d\u2019un emploi et aider \u00e0 trouver des solutions aux probl\u00e8mes mat\u00e9riels qui se posent lors de la recherche d&#8217;emploi.<\/p>\n<p><a href=\"http:\/\/www.etudiant.gouv.fr\/pid33636\/votre-emploi.html\" target=\"_blank\" rel=\"noopener\">En savoir plus<\/a><\/p>\n<p>[\/et_pb_toggle][et_pb_toggle title=&#8221;G\u00e9rer son argent&#8221; admin_label=&#8221;Toggle G\u00e9rer son argent&#8221; _builder_version=&#8221;3.8&#8243;]<\/p>\n<p style=\"text-align: justify;\">En France, la monnaie est l\u2019Euro.<\/p>\n<p style=\"text-align: justify;\">Les \u00e9tudiants internationaux peuvent ouvrir un compte bancaire de \u201cnon-r\u00e9sident\u201d (en euro ou dans une autre devise) ou de \u201cr\u00e9sident\u201d (\u00e9galement en euro ou dans une autre devise) si la dur\u00e9e du s\u00e9jour le justifie. Il est conseill\u00e9 de se renseigner aupr\u00e8s de sa banque habituelle pour savoir si elle est associ\u00e9e \u00e0 un r\u00e9seau fran\u00e7ais, ce qui peut faciliter l\u2019ouverture du compte (parfois m\u00eame avant votre arriv\u00e9e en France) et les transferts de fonds.<\/p>\n<p style=\"text-align: justify;\">Les principales cartes bancaires (Visa et Mastercard) sont accept\u00e9es par la plupart des commer\u00e7ants fran\u00e7ais, souvent \u00e0 partir de 15 euros. On trouve partout des distributeurs de billets de banque. Les paiements en argent liquide s\u2019effectuent en euros exclusivement.<\/p>\n<p>[\/et_pb_toggle][et_pb_toggle title=&#8221;Se cultiver et se distraire&#8221; admin_label=&#8221;Toggle Se cultiver et se distraire&#8221; _builder_version=&#8221;3.8&#8243;]<\/p>\n<p style=\"text-align: justify;\">Tous les lieux culturels pratiquent une r\u00e9duction pour les \u00e9tudiants et proposent des formules d\u2019abonnement.<\/p>\n<p style=\"text-align: justify;\">Les \u00e9tablissements d\u2019enseignement sup\u00e9rieur sont souvent au c\u0153ur des cit\u00e9s, \u00e0 proximit\u00e9 imm\u00e9diate de la vie culturelle et sociale des villes fran\u00e7aises : mus\u00e9es, librairies, cin\u00e9ma, th\u00e9\u00e2tres ou caf\u00e9s ne sont jamais tr\u00e8s loin.<\/p>\n<p style=\"text-align: justify;\">Le statut d\u2019\u00e9tudiant facilite \u00e9galement la pratique des sports : il donne un acc\u00e8s privil\u00e9gi\u00e9 aux installations sportives et les associations sportives sont tr\u00e8s actives dans les \u00e9coles et les universit\u00e9s.<\/p>\n<p>[\/et_pb_toggle][et_pb_toggle title=&#8221;Se d\u00e9placer&#8221; admin_label=&#8221;Toggle Se d\u00e9placer&#8221; _builder_version=&#8221;3.8&#8243;]<\/p>\n<p>Il est vraiment facile de se d\u00e9placer en France.<\/p>\n<p><em>En train<\/em><\/p>\n<p style=\"text-align: justify;\">La France dispose d\u2019un des r\u00e9seaux ferroviaires les plus performants au monde, gr\u00e2ce notamment aux trains \u00e0 grande vitesse (TGV). Il est donc facile de se d\u00e9placer d\u2019une ville \u00e0 l\u2019autre, m\u00eame sur de longues distances : 4 heures de train seulement s\u00e9parent Marseille, \u00e0 l\u2019extr\u00eame sud, de Lille, \u00e0 l\u2019extr\u00eame nord du pays (environ 1 000 km). Gr\u00e2ce au TGV, Paris est \u00e0 une heure de Lille ou d\u2019Orl\u00e9ans, deux heures de Lyon, de Nantes, de Poitiers, de Rennes ou de Dijon, trois heures de Marseille, de Montpellier ou de La Rochelle.<\/p>\n<p style=\"text-align: justify;\"><em>Par avion<\/em><\/p>\n<p style=\"text-align: justify;\">De nombreuses lignes a\u00e9riennes internationales ou int\u00e9rieures au d\u00e9part de chaque grande ville fran\u00e7aise permettent de rejoindre dans de bonnes conditions n\u2019importe quel endroit du globe.<\/p>\n<p style=\"text-align: justify;\"><em>En voiture<\/em><\/p>\n<p style=\"text-align: justify;\">Les infrastructures routi\u00e8res et autorouti\u00e8res sont \u00e9galement d\u2019excellente qualit\u00e9. Vous pourrez utiliser en France votre permis de conduire national. La vitesse est limit\u00e9e \u00e0 30, 40 ou 50 km\/h dans les villes, \u00e0 90 km\/h ou 80 km\/h sur route et \u00e0 130 km\/h sur autoroute.<\/p>\n<p style=\"text-align: justify;\"><em>Transports en commun urbains<\/em><\/p>\n<p style=\"text-align: justify;\">La plupart des villes ont install\u00e9 un syst\u00e8me de r\u00e9seau de v\u00e9los en libre-service, facile d\u2019acc\u00e8s et bon march\u00e9.\u2028Dans la plupart des villes de province, les transports en commun sont assur\u00e9s par les autobus ou par le tramway. Les villes de Marseille, Lyon, Lille, Toulouse et Paris ont un m\u00e9tro.\u2028 Le m\u00e9tro parisien, tr\u00e8s d\u00e9velopp\u00e9, reste le moyen de transport privil\u00e9gi\u00e9 dans la capitale. Prolong\u00e9 par le R\u00e9seau Express R\u00e9gional (RER), il dessert Paris et ses banlieues (jusqu\u2019\u00e0 30 km).<\/p>\n<p style=\"text-align: justify;\"><em>En taxi<\/em><\/p>\n<p style=\"text-align: justify;\">Les tarifs pratiqu\u00e9s par les taxis sont strictement contr\u00f4l\u00e9s en France, ils sont plut\u00f4t \u00e9lev\u00e9s en regard des standards internationaux. Toutes les voitures sont \u00e9quip\u00e9es d&#8217;un compteur (attention, celles qui n\u2019en ont pas sont de faux taxis).<\/p>\n<p>[\/et_pb_toggle][\/et_pb_column][\/et_pb_row][\/et_pb_section][et_pb_section fb_built=&#8221;1&#8243; admin_label=&#8221;footer&#8221; _builder_version=&#8221;3.0.106&#8243; background_color=&#8221;#008ac9&#8243; custom_padding=&#8221;0|0px|12px|0px&#8221; global_module=&#8221;26070&#8243;][et_pb_row custom_padding=&#8221;27px|0px|0|0px&#8221; admin_label=&#8221;footer row&#8221; _builder_version=&#8221;3.0.106&#8243;][et_pb_column type=&#8221;1_4&#8243; _builder_version=&#8221;3.0.47&#8243; parallax=&#8221;off&#8221; parallax_method=&#8221;on&#8221;][et_pb_text admin_label=&#8221;footer module part 1&#8243; _builder_version=&#8221;3.7&#8243;]<\/p>\n<p><span style=\"font-size: x-large;\"><span style=\"color: #ffffff;\">Contact<\/span><\/span><br \/><span style=\"color: #ffffff; font-size: 14px;\"><strong>Institut fran\u00e7ais du Luxembourg<\/strong><\/span><br \/><span style=\"color: #ffffff;\">BP236<br class=\"manualbr\" \/>L &#8211; 2012 LUXEMBOURG<br \/><br class=\"manualbr\" \/>T\u00e9l.\u00a0: (00352) _46 21 66<br class=\"manualbr\" \/><br class=\"manualbr\" \/>Email\u00a0: <a style=\"color: #ffffff;\" href=\"mailto:contact@ifluxembourg.lu\">contact@ifluxembourg.lu<\/a><br \/><\/span><\/p>\n<p>[\/et_pb_text][\/et_pb_column][et_pb_column type=&#8221;1_4&#8243; _builder_version=&#8221;3.0.47&#8243; parallax=&#8221;off&#8221; parallax_method=&#8221;on&#8221;][et_pb_text admin_label=&#8221;footer module part 2&#8243; _builder_version=&#8221;3.7&#8243; text_line_height=&#8221;1.3em&#8221;]<\/p>\n<p><span style=\"font-size: x-large; color: #ffffff;\">Acc\u00e8s rapide<\/span><\/p>\n<p><span style=\"color: #ffffff;\"><a style=\"color: #ffffff;\" title=\"cours\" href=\"https:\/\/www.backup.institut-francais-luxembourg.lu\/french-courses\/?lang=en\">Cours<\/a><\/span><\/p>\n<p><span style=\"color: #ffffff;\"><a style=\"color: #ffffff;\" title=\"culture\" href=\"https:\/\/www.backup.institut-francais-luxembourg.lu\/culture\/?lang=en\">Culture<\/a><\/span><\/p>\n<p><span style=\"color: #ffffff;\"><a style=\"color: #ffffff;\" title=\"education\" href=\"https:\/\/www.backup.institut-francais-luxembourg.lu\/education\/?lang=en\">Education<\/a><\/span><\/p>\n<p><span style=\"color: #ffffff;\"><a style=\"color: #ffffff;\" title=\"agenda\" href=\"https:\/\/www.backup.institut-francais-luxembourg.lu\/universite\/?lang=en\">Universit\u00e9<\/a><\/span><\/p>\n<p><span style=\"color: #ffffff;\"><a style=\"color: #ffffff;\" title=\"universit\u00e9\" href=\"https:\/\/www.backup.institut-francais-luxembourg.lu\/agenda-evenements-ifl\/?lang=en\">Agenda<\/a><\/span><\/p>\n<p><span style=\"color: #ffffff;\"><a style=\"color: #ffffff;\" title=\"l'institut\" href=\"\/lequipe&quot;\">L&#8217;\u00e9quipe<\/a><\/span><\/p>\n<p><span style=\"color: #ffffff;\"><a style=\"color: #ffffff;\" title=\"contact\" href=\"https:\/\/www.backup.institut-francais-luxembourg.lu\/contact\/?lang=en\">Contact<\/a><\/span><\/p>\n<p>[\/et_pb_text][\/et_pb_column][et_pb_column type=&#8221;1_4&#8243; _builder_version=&#8221;3.0.47&#8243; parallax=&#8221;off&#8221; parallax_method=&#8221;on&#8221;][et_pb_text admin_label=&#8221;footer module part 3&#8243; _builder_version=&#8221;3.7.1&#8243; text_line_height=&#8221;1.3em&#8221;]<\/p>\n<p><span style=\"font-size: x-large; color: #ffffff;\">IF Num\u00e9rique<\/span><\/p>\n<p><span style=\"color: #ffffff;\"><a style=\"color: #ffffff;\" title=\"IFprofs\" href=\"https:\/\/lu.ifprofs.org\/\">\u00a0\u00a0IFprofs<\/a><\/span><\/p>\n<p><span style=\"color: #ffffff;\"><a style=\"color: #ffffff;\" title=\"IFmobile\" href=\"http:\/\/www.institutfrancais.com\/ifmobile-pour-smartphones-et-tablettes\">\u00a0\u00a0IFmobile<\/a><\/span><\/p>\n<p><span style=\"color: #ffffff;\"><a style=\"color: #ffffff;\" title=\"IFprog\" href=\"http:\/\/ifprog.institutfrancais.com\" target=\"_blank\" rel=\"noopener\">\u00a0\u00a0IFprog<\/a><\/span><\/p>\n<p><span style=\"color: #ffffff;\"><a style=\"color: #ffffff;\" title=\"IFmapp\" href=\"http:\/\/ifmapp.institutfrancais.com\">\u00a0 IFmapp<\/a><\/span><\/p>\n<p><span style=\"color: #ffffff;\"><a style=\"color: #ffffff;\" title=\"IFcin\u00e9ma\" href=\"http:\/\/ifcinema.institutfrancais.com\">\u00a0 IFcin\u00e9ma<\/a><\/span><\/p>\n<p><span style=\"color: #ffffff;\"><a style=\"color: #ffffff;\" title=\"Web TV\" href=\"http:\/\/institutfrancais.tv\">\u00a0 Web TV<\/a><\/span><\/p>\n<p><span style=\"color: #ffffff;\"><a style=\"color: #ffffff;\" title=\"Institut fran\u00e7ais\" href=\"http:\/\/www.institutfrancais.com\/fr\">\u00a0 Institut fran\u00e7ais<\/a><\/span><\/p>\n<p>[\/et_pb_text][\/et_pb_column][et_pb_column type=&#8221;1_4&#8243; _builder_version=&#8221;3.0.47&#8243; parallax=&#8221;off&#8221; parallax_method=&#8221;on&#8221;][et_pb_text admin_label=&#8221;R\u00e9seaux sociaux footer&#8221; _builder_version=&#8221;3.0.106&#8243;]<\/p>\n<div class=\"et_social_networks et_social_2col et_social_flip et_social_circle et_social_top et_social_mobile_on et_social_outer_dark\">\n\t\t\t\t\t\n\t\t\t\t\t\n\t\t\t\t\t<ul class=\"et_social_icons_container\"><li class=\"et_social_facebook\">\n\t\t\t\t\t\t<a href=\"https:\/\/www.facebook.com\/Institutfrancaisuduluxembourg\/\" class=\"et_social_follow\" data-social_name=\"facebook\" data-social_type=\"follow\" data-post_id=\"0\" target=\"_blank\">\n\t\t\t\t\t\t\t<i class=\"et_social_icon et_social_icon_facebook\"><\/i>\n\t\t\t\t\t\t\t\n\t\t\t\t\t\t\t<span class=\"et_social_overlay\"><\/span>\n\t\t\t\t\t\t<\/a>\n\t\t\t\t\t<\/li><li class=\"et_social_twitter\">\n\t\t\t\t\t\t<a href=\"https:\/\/twitter.com\/ifluxembourg?lang=fr\" class=\"et_social_follow\" data-social_name=\"twitter\" data-social_type=\"follow\" data-post_id=\"0\" target=\"_blank\">\n\t\t\t\t\t\t\t<i class=\"et_social_icon et_social_icon_twitter\"><\/i>\n\t\t\t\t\t\t\t\n\t\t\t\t\t\t\t<span class=\"et_social_overlay\"><\/span>\n\t\t\t\t\t\t<\/a>\n\t\t\t\t\t<\/li><li class=\"et_social_youtube\">\n\t\t\t\t\t\t<a href=\"https:\/\/www.youtube.com\/channel\/UCKkTKRmahrJ-U51ZEnJzkzQ\" class=\"et_social_follow\" data-social_name=\"youtube\" data-social_type=\"follow\" data-post_id=\"0\" target=\"_blank\">\n\t\t\t\t\t\t\t<i class=\"et_social_icon et_social_icon_youtube\"><\/i>\n\t\t\t\t\t\t\t\n\t\t\t\t\t\t\t<span class=\"et_social_overlay\"><\/span>\n\t\t\t\t\t\t<\/a>\n\t\t\t\t\t<\/li><li class=\"et_social_linkedin\">\n\t\t\t\t\t\t<a href=\"https:\/\/www.linkedin.com\/in\/institut-fran\u00e7ais-luxembourg-8b52b299\/\" class=\"et_social_follow\" data-social_name=\"linkedin\" data-social_type=\"follow\" data-post_id=\"0\" target=\"_blank\">\n\t\t\t\t\t\t\t<i class=\"et_social_icon et_social_icon_linkedin\"><\/i>\n\t\t\t\t\t\t\t\n\t\t\t\t\t\t\t<span class=\"et_social_overlay\"><\/span>\n\t\t\t\t\t\t<\/a>\n\t\t\t\t\t<\/li><li class=\"et_social_instagram\">\n\t\t\t\t\t\t<a href=\"https:\/\/www.instagram.com\/ifluxembourg\/\" class=\"et_social_follow\" data-social_name=\"instagram\" data-social_type=\"follow\" data-post_id=\"0\" target=\"_blank\">\n\t\t\t\t\t\t\t<i class=\"et_social_icon et_social_icon_instagram\"><\/i>\n\t\t\t\t\t\t\t\n\t\t\t\t\t\t\t<span class=\"et_social_overlay\"><\/span>\n\t\t\t\t\t\t<\/a>\n\t\t\t\t\t<\/li><\/ul>\n\t\t\t\t<\/div>\n<p>[\/et_pb_text][\/et_pb_column][\/et_pb_row][\/et_pb_section]<\/p>\n","protected":false},"excerpt":{"rendered":"<p>[et_pb_section fb_built=&#8221;1&#8243; _builder_version=&#8221;3.0.47&#8243;][et_pb_row _builder_version=&#8221;3.0.48&#8243; background_size=&#8221;initial&#8221; background_position=&#8221;top_left&#8221; background_repeat=&#8221;repeat&#8221;][et_pb_column type=&#8221;4_4&#8243; _builder_version=&#8221;3.0.47&#8243; parallax=&#8221;off&#8221; parallax_method=&#8221;on&#8221;][et_pb_text admin_label=&#8221;Titre Vie pratique &#8221; _builder_version=&#8221;3.2.2&#8243;] Vie pratique [\/et_pb_text][\/et_pb_column][\/et_pb_row][et_pb_row _builder_version=&#8221;3.0.48&#8243; background_size=&#8221;initial&#8221; background_position=&#8221;top_left&#8221; background_repeat=&#8221;repeat&#8221;][et_pb_column type=&#8221;4_4&#8243; _builder_version=&#8221;3.0.47&#8243; parallax=&#8221;off&#8221; parallax_method=&#8221;on&#8221;][et_pb_toggle title=&#8221;La s\u00e9curit\u00e9 sociale \u00e9tudiante et les mutuelles&#8221; admin_label=&#8221;Toggle La s\u00e9curit\u00e9 sociale \u00e9tudiante et les mutuelles&#8221; _builder_version=&#8221;3.8&#8243;] La protection m\u00e9dicale fran\u00e7aise, assur\u00e9e par la S\u00e9curit\u00e9 sociale, est de bonne [&hellip;]<\/p>\n","protected":false},"author":1,"featured_media":0,"parent":26715,"menu_order":0,"comment_status":"closed","ping_status":"closed","template":"","meta":{"_et_pb_use_builder":"on","_et_pb_old_content":"","_et_gb_content_width":"","om_disable_all_campaigns":false,"_monsterinsights_skip_tracking":false,"_monsterinsights_sitenote_active":false,"_monsterinsights_sitenote_note":"","_monsterinsights_sitenote_category":0,"_uf_show_specific_survey":0,"_uf_disable_surveys":false,"footnotes":""},"aioseo_notices":[],"yoast_head":"<!-- This site is optimized with the Yoast SEO plugin v16.6 - https:\/\/yoast.com\/wordpress\/plugins\/seo\/ -->\n<title>\u00c9tudier en France - Vie pratique | Institut fran\u00e7ais du Luxembourg<\/title>\n<meta name=\"description\" content=\"Retrouvez toutes nos r\u00e9ponses \u00e0 vos questions de la vie quotidienne (se d\u00e9placer, se restaurer ...) dans notre FAQ : \u00e9tudier en France - vie pratique.\" \/>\n<meta name=\"robots\" content=\"index, follow, max-snippet:-1, max-image-preview:large, max-video-preview:-1\" \/>\n<link rel=\"canonical\" href=\"https:\/\/www.backup.institut-francais-luxembourg.lu\/en\/universite\/etudier-en-france\/vie-pratique\/\" \/>\n<meta property=\"og:locale\" content=\"en_US\" \/>\n<meta property=\"og:type\" content=\"article\" \/>\n<meta property=\"og:title\" content=\"\u00c9tudier en France - Vie pratique | Institut fran\u00e7ais du Luxembourg\" \/>\n<meta property=\"og:description\" content=\"Retrouvez toutes nos r\u00e9ponses \u00e0 vos questions de la vie quotidienne (se d\u00e9placer, se restaurer ...) dans notre FAQ : \u00e9tudier en France - vie pratique.\" \/>\n<meta property=\"og:url\" content=\"https:\/\/www.backup.institut-francais-luxembourg.lu\/en\/universite\/etudier-en-france\/vie-pratique\/\" \/>\n<meta property=\"og:site_name\" content=\"Institut Fran\u00e7ais Du Luxembourg\" \/>\n<meta property=\"article:publisher\" content=\"https:\/\/www.facebook.com\/Institutfrancaisuduluxembourg\/\" \/>\n<meta property=\"article:modified_time\" content=\"2018-06-25T10:09:11+00:00\" \/>\n<meta name=\"twitter:card\" content=\"summary_large_image\" \/>\n<meta name=\"twitter:site\" content=\"@ifluxembourg\" \/>\n<meta name=\"twitter:label1\" content=\"Est. reading time\" \/>\n\t<meta name=\"twitter:data1\" content=\"8 minutes\" \/>\n<script type=\"application\/ld+json\" class=\"yoast-schema-graph\">{\"@context\":\"https:\/\/schema.org\",\"@graph\":[{\"@type\":\"WebSite\",\"@id\":\"https:\/\/www.backup.institut-francais-luxembourg.lu\/en\/#website\",\"url\":\"https:\/\/www.backup.institut-francais-luxembourg.lu\/en\/\",\"name\":\"Institut Fran\\u00e7ais Du Luxembourg\",\"description\":\"relais de la culture fran\\u00e7aise au Luxembourg\",\"potentialAction\":[{\"@type\":\"SearchAction\",\"target\":{\"@type\":\"EntryPoint\",\"urlTemplate\":\"https:\/\/www.backup.institut-francais-luxembourg.lu\/en\/?s={search_term_string}\"},\"query-input\":\"required name=search_term_string\"}],\"inLanguage\":\"en-US\"},{\"@type\":\"WebPage\",\"@id\":\"https:\/\/www.backup.institut-francais-luxembourg.lu\/en\/universite\/etudier-en-france\/vie-pratique\/#webpage\",\"url\":\"https:\/\/www.backup.institut-francais-luxembourg.lu\/en\/universite\/etudier-en-france\/vie-pratique\/\",\"name\":\"\\u00c9tudier en France - Vie pratique | Institut fran\\u00e7ais du Luxembourg\",\"isPartOf\":{\"@id\":\"https:\/\/www.backup.institut-francais-luxembourg.lu\/en\/#website\"},\"datePublished\":\"2018-05-16T09:12:14+00:00\",\"dateModified\":\"2018-06-25T10:09:11+00:00\",\"description\":\"Retrouvez toutes nos r\\u00e9ponses \\u00e0 vos questions de la vie quotidienne (se d\\u00e9placer, se restaurer ...) dans notre FAQ : \\u00e9tudier en France - vie pratique.\",\"breadcrumb\":{\"@id\":\"https:\/\/www.backup.institut-francais-luxembourg.lu\/en\/universite\/etudier-en-france\/vie-pratique\/#breadcrumb\"},\"inLanguage\":\"en-US\",\"potentialAction\":[{\"@type\":\"ReadAction\",\"target\":[\"https:\/\/www.backup.institut-francais-luxembourg.lu\/en\/universite\/etudier-en-france\/vie-pratique\/\"]}]},{\"@type\":\"BreadcrumbList\",\"@id\":\"https:\/\/www.backup.institut-francais-luxembourg.lu\/en\/universite\/etudier-en-france\/vie-pratique\/#breadcrumb\",\"itemListElement\":[{\"@type\":\"ListItem\",\"position\":1,\"name\":\"\",\"item\":\"https:\/\/www.backup.institut-francais-luxembourg.lu\/en\/\"},{\"@type\":\"ListItem\",\"position\":2,\"name\":\"Universit\\u00e9\",\"item\":\"https:\/\/www.backup.institut-francais-luxembourg.lu\/en\/universite\/\"},{\"@type\":\"ListItem\",\"position\":3,\"name\":\"\\u00c9tudier en France\",\"item\":\"https:\/\/www.backup.institut-francais-luxembourg.lu\/en\/universite\/etudier-en-france\/\"},{\"@type\":\"ListItem\",\"position\":4,\"name\":\"Vie pratique\"}]}]}<\/script>\n<!-- \/ Yoast SEO plugin. -->","_links":{"self":[{"href":"https:\/\/www.backup.institut-francais-luxembourg.lu\/en\/wp-json\/wp\/v2\/pages\/27625"}],"collection":[{"href":"https:\/\/www.backup.institut-francais-luxembourg.lu\/en\/wp-json\/wp\/v2\/pages"}],"about":[{"href":"https:\/\/www.backup.institut-francais-luxembourg.lu\/en\/wp-json\/wp\/v2\/types\/page"}],"author":[{"embeddable":true,"href":"https:\/\/www.backup.institut-francais-luxembourg.lu\/en\/wp-json\/wp\/v2\/users\/1"}],"replies":[{"embeddable":true,"href":"https:\/\/www.backup.institut-francais-luxembourg.lu\/en\/wp-json\/wp\/v2\/comments?post=27625"}],"version-history":[{"count":0,"href":"https:\/\/www.backup.institut-francais-luxembourg.lu\/en\/wp-json\/wp\/v2\/pages\/27625\/revisions"}],"up":[{"embeddable":true,"href":"https:\/\/www.backup.institut-francais-luxembourg.lu\/en\/wp-json\/wp\/v2\/pages\/26715"}],"wp:attachment":[{"href":"https:\/\/www.backup.institut-francais-luxembourg.lu\/en\/wp-json\/wp\/v2\/media?parent=27625"}],"curies":[{"name":"wp","href":"https:\/\/api.w.org\/{rel}","templated":true}]}}