{"id":27620,"date":"2018-05-16T09:10:52","date_gmt":"2018-05-16T09:10:52","guid":{"rendered":"http:\/\/www.institut-francais-luxembourg.lu\/etudier-en-france\/se-loger\/"},"modified":"2018-06-25T12:03:38","modified_gmt":"2018-06-25T10:03:38","slug":"se-loger-en-france","status":"publish","type":"page","link":"https:\/\/www.backup.institut-francais-luxembourg.lu\/en\/universite\/etudier-en-france\/se-loger-en-france\/","title":{"rendered":"Se loger"},"content":{"rendered":"<p>[et_pb_section fb_built=&#8221;1&#8243; _builder_version=&#8221;3.0.47&#8243;][et_pb_row _builder_version=&#8221;3.0.48&#8243; background_size=&#8221;initial&#8221; background_position=&#8221;top_left&#8221; background_repeat=&#8221;repeat&#8221;][et_pb_column type=&#8221;4_4&#8243; _builder_version=&#8221;3.0.47&#8243; parallax=&#8221;off&#8221; parallax_method=&#8221;on&#8221;][et_pb_text admin_label=&#8221;Titre se loger en France&#8221; _builder_version=&#8221;3.2.2&#8243;]<\/p>\n<h3>Se loger en France<\/h3>\n<p>[\/et_pb_text][\/et_pb_column][\/et_pb_row][et_pb_row _builder_version=&#8221;3.0.48&#8243; background_size=&#8221;initial&#8221; background_position=&#8221;top_left&#8221; background_repeat=&#8221;repeat&#8221;][et_pb_column type=&#8221;4_4&#8243; _builder_version=&#8221;3.0.47&#8243; parallax=&#8221;off&#8221; parallax_method=&#8221;on&#8221;][et_pb_toggle title=&#8221;Comment obtenir un logement en r\u00e9sidence universitaire ?&#8221; admin_label=&#8221;Toggle Comment obtenir un logement en r\u00e9sidence universitaire ?&#8221; _builder_version=&#8221;3.8&#8243;]<\/p>\n<p style=\"text-align: justify;\">Toute demande de logement en r\u00e9sidence universitaire g\u00e9r\u00e9e par le CROUS est \u00e0 effectuer avant les r\u00e9sultats d\u2019examen ou d\u2019admission dans un \u00e9tablissement d\u2019enseignement sup\u00e9rieur.<br \/> Les logements des CROUS sont destin\u00e9s en priorit\u00e9 aux \u00e9tudiants boursiers. Pour effectuer une demande de logement, il convient au pr\u00e9alable remplir le dossier social \u00e9tudiant (DSE) entre le 15 janvier et le 31 mai, via le portail <a href=\"https:\/\/www.messervices.etudiant.gouv.fr\/envole\" target=\"_blank\" rel=\"noopener\"> https:\/\/www.messervices.etudiant.gouv.fr\/envole<\/a> et de cocher la case \u00ab Je demande un logement \u00bb. Il faut ensuite compl\u00e9ter et pr\u00e9ciser sa demande en allant sur <a href=\"https:\/\/trouverunlogement.lescrous.fr\/\" target=\"_blank\" rel=\"noopener\">https:\/\/trouverunlogement.lescrous.fr<\/a><\/p>\n<p><a href=\"http:\/\/www.etudiant.gouv.fr\/pid33824\/vous-loger-en-residence-universitaire.html\" target=\"_blank\" rel=\"noopener\">En savoir plus<\/a><\/p>\n<p>[\/et_pb_toggle][et_pb_toggle title=&#8221;Comment trouver des offres de logement en ville ?&#8221; admin_label=&#8221;Toggle Comment trouver des offres de logement en ville ?&#8221; _builder_version=&#8221;3.8&#8243;]Il existe plusieurs solutions : agences immobili\u00e8res, annonces sur internet ou dans la presse.<\/p>\n<p>En savoir plus<br \/>\n<a href=\"https:\/\/www.campusfrance.org\/fr\/se-loger-pendant-ses-etudes-en-france\" target=\"_blank\" rel=\"noopener\">https:\/\/www.campusfrance.org\/fr\/se-loger-pendant-ses-etudes-en-france <\/a><br \/>\n<a href=\"https:\/\/www.lokaviz.fr\/\" target=\"_blank\" rel=\"noopener\">https:\/\/www.lokaviz.fr\/<\/a><br \/>\n[\/et_pb_toggle][et_pb_toggle title=&#8221;Comment b\u00e9n\u00e9ficier des aides au logement ?&#8221; admin_label=&#8221;Toggle Comment b\u00e9n\u00e9ficier des aides au logement ?&#8221; _builder_version=&#8221;3.8&#8243;]<\/p>\n<p style=\"text-align: justify;\">Les aides au logement sont de deux types : l\u2019APL (Aide Personnalis\u00e9e au Logement) et l\u2019ALS (Allocation Logement \u00e0 caract\u00e8re social). Les \u00e9tudiants en b\u00e9n\u00e9ficient au m\u00eame titre que tout citoyen. Elles sont vers\u00e9es par la caisse d&#8217;allocations familiales (CAF).<\/p>\n<p style=\"text-align: justify;\">Pour b\u00e9n\u00e9ficier de l\u2019APL, il faut \u00eatre locataire \u00e0 titre principal du logement, faisant l\u2019objet d\u2019une convention entre son propri\u00e9taire et l\u2019\u00c9tat. Son montant est variable. L\u2019allocation est calcul\u00e9e en fonction des ressources, de la taille de la famille, du lieu de r\u00e9sidence, du montant du loyer et du statut d\u2019occupation. Pour les \u00e9tudiants, un plancher des revenus est appliqu\u00e9.<\/p>\n<p style=\"text-align: justify;\">Depuis janvier 1993, l\u2019ALS touche ceux qui ont des revenus modestes, sans distinction de r\u00e9sidence, d\u2019\u00e2ge ou de situation professionnelle.<\/p>\n<p style=\"text-align: justify;\">Dans les deux cas, l\u2019\u00e9tudiant doit \u00eatre locataire, sous-locataire ou colocataire d\u2019un logement. Son logement doit \u00eatre sa r\u00e9sidence principale et le bail \u00e9tabli au nom de l\u2019occupant.<\/p>\n<p style=\"text-align: justify;\"><strong>Pour plus de renseignements, contactez la caisse d\u2019allocations familiales la plus proche de votre domicile :<a href=\"http:\/\/www.caf.fr\" target=\"_blank\" rel=\"noopener\"> www.caf.fr<\/a><\/strong><\/p>\n<p>[\/et_pb_toggle][\/et_pb_column][\/et_pb_row][\/et_pb_section][et_pb_section fb_built=&#8221;1&#8243; admin_label=&#8221;footer&#8221; _builder_version=&#8221;3.0.106&#8243; background_color=&#8221;#008ac9&#8243; custom_padding=&#8221;0|0px|12px|0px&#8221; global_module=&#8221;26070&#8243;][et_pb_row custom_padding=&#8221;27px|0px|0|0px&#8221; admin_label=&#8221;footer row&#8221; _builder_version=&#8221;3.0.106&#8243;][et_pb_column type=&#8221;1_4&#8243; _builder_version=&#8221;3.0.47&#8243; parallax=&#8221;off&#8221; parallax_method=&#8221;on&#8221;][et_pb_text admin_label=&#8221;footer module part 1&#8243; _builder_version=&#8221;3.7&#8243;]<\/p>\n<p><span style=\"font-size: x-large;\"><span style=\"color: #ffffff;\">Contact<\/span><\/span><br \/><span style=\"color: #ffffff; font-size: 14px;\"><strong>Institut fran\u00e7ais du Luxembourg<\/strong><\/span><br \/><span style=\"color: #ffffff;\">BP236<br class=\"manualbr\" \/>L &#8211; 2012 LUXEMBOURG<br \/><br class=\"manualbr\" \/>T\u00e9l.\u00a0: (00352) _46 21 66<br class=\"manualbr\" \/><br class=\"manualbr\" \/>Email\u00a0: <a style=\"color: #ffffff;\" href=\"mailto:contact@ifluxembourg.lu\">contact@ifluxembourg.lu<\/a><br \/><\/span><\/p>\n<p>[\/et_pb_text][\/et_pb_column][et_pb_column type=&#8221;1_4&#8243; _builder_version=&#8221;3.0.47&#8243; parallax=&#8221;off&#8221; parallax_method=&#8221;on&#8221;][et_pb_text admin_label=&#8221;footer module part 2&#8243; _builder_version=&#8221;3.7&#8243; text_line_height=&#8221;1.3em&#8221;]<\/p>\n<p><span style=\"font-size: x-large; color: #ffffff;\">Acc\u00e8s rapide<\/span><\/p>\n<p><span style=\"color: #ffffff;\"><a style=\"color: #ffffff;\" title=\"cours\" href=\"https:\/\/www.backup.institut-francais-luxembourg.lu\/french-courses\/?lang=en\">Cours<\/a><\/span><\/p>\n<p><span style=\"color: #ffffff;\"><a style=\"color: #ffffff;\" title=\"culture\" href=\"https:\/\/www.backup.institut-francais-luxembourg.lu\/culture\/?lang=en\">Culture<\/a><\/span><\/p>\n<p><span style=\"color: #ffffff;\"><a style=\"color: #ffffff;\" title=\"education\" href=\"https:\/\/www.backup.institut-francais-luxembourg.lu\/education\/?lang=en\">Education<\/a><\/span><\/p>\n<p><span style=\"color: #ffffff;\"><a style=\"color: #ffffff;\" title=\"agenda\" href=\"https:\/\/www.backup.institut-francais-luxembourg.lu\/universite\/?lang=en\">Universit\u00e9<\/a><\/span><\/p>\n<p><span style=\"color: #ffffff;\"><a style=\"color: #ffffff;\" title=\"universit\u00e9\" href=\"https:\/\/www.backup.institut-francais-luxembourg.lu\/agenda-evenements-ifl\/?lang=en\">Agenda<\/a><\/span><\/p>\n<p><span style=\"color: #ffffff;\"><a style=\"color: #ffffff;\" title=\"l'institut\" href=\"\/lequipe&quot;\">L&#8217;\u00e9quipe<\/a><\/span><\/p>\n<p><span style=\"color: #ffffff;\"><a style=\"color: #ffffff;\" title=\"contact\" href=\"https:\/\/www.backup.institut-francais-luxembourg.lu\/contact\/?lang=en\">Contact<\/a><\/span><\/p>\n<p>[\/et_pb_text][\/et_pb_column][et_pb_column type=&#8221;1_4&#8243; _builder_version=&#8221;3.0.47&#8243; parallax=&#8221;off&#8221; parallax_method=&#8221;on&#8221;][et_pb_text admin_label=&#8221;footer module part 3&#8243; _builder_version=&#8221;3.7.1&#8243; text_line_height=&#8221;1.3em&#8221;]<\/p>\n<p><span style=\"font-size: x-large; color: #ffffff;\">IF Num\u00e9rique<\/span><\/p>\n<p><span style=\"color: #ffffff;\"><a style=\"color: #ffffff;\" title=\"IFprofs\" href=\"https:\/\/lu.ifprofs.org\/\">\u00a0\u00a0IFprofs<\/a><\/span><\/p>\n<p><span style=\"color: #ffffff;\"><a style=\"color: #ffffff;\" title=\"IFmobile\" href=\"http:\/\/www.institutfrancais.com\/ifmobile-pour-smartphones-et-tablettes\">\u00a0\u00a0IFmobile<\/a><\/span><\/p>\n<p><span style=\"color: #ffffff;\"><a style=\"color: #ffffff;\" title=\"IFprog\" href=\"http:\/\/ifprog.institutfrancais.com\" target=\"_blank\" rel=\"noopener\">\u00a0\u00a0IFprog<\/a><\/span><\/p>\n<p><span style=\"color: #ffffff;\"><a style=\"color: #ffffff;\" title=\"IFmapp\" href=\"http:\/\/ifmapp.institutfrancais.com\">\u00a0 IFmapp<\/a><\/span><\/p>\n<p><span style=\"color: #ffffff;\"><a style=\"color: #ffffff;\" title=\"IFcin\u00e9ma\" href=\"http:\/\/ifcinema.institutfrancais.com\">\u00a0 IFcin\u00e9ma<\/a><\/span><\/p>\n<p><span style=\"color: #ffffff;\"><a style=\"color: #ffffff;\" title=\"Web TV\" href=\"http:\/\/institutfrancais.tv\">\u00a0 Web TV<\/a><\/span><\/p>\n<p><span style=\"color: #ffffff;\"><a style=\"color: #ffffff;\" title=\"Institut fran\u00e7ais\" href=\"http:\/\/www.institutfrancais.com\/fr\">\u00a0 Institut fran\u00e7ais<\/a><\/span><\/p>\n<p>[\/et_pb_text][\/et_pb_column][et_pb_column type=&#8221;1_4&#8243; _builder_version=&#8221;3.0.47&#8243; parallax=&#8221;off&#8221; parallax_method=&#8221;on&#8221;][et_pb_text admin_label=&#8221;R\u00e9seaux sociaux footer&#8221; _builder_version=&#8221;3.0.106&#8243;]<\/p>\n<div class=\"et_social_networks et_social_2col et_social_flip et_social_circle et_social_top et_social_mobile_on et_social_outer_dark\">\n\t\t\t\t\t\n\t\t\t\t\t\n\t\t\t\t\t<ul class=\"et_social_icons_container\"><li class=\"et_social_facebook\">\n\t\t\t\t\t\t<a href=\"https:\/\/www.facebook.com\/Institutfrancaisuduluxembourg\/\" class=\"et_social_follow\" data-social_name=\"facebook\" data-social_type=\"follow\" data-post_id=\"0\" target=\"_blank\">\n\t\t\t\t\t\t\t<i class=\"et_social_icon et_social_icon_facebook\"><\/i>\n\t\t\t\t\t\t\t\n\t\t\t\t\t\t\t<span class=\"et_social_overlay\"><\/span>\n\t\t\t\t\t\t<\/a>\n\t\t\t\t\t<\/li><li class=\"et_social_twitter\">\n\t\t\t\t\t\t<a href=\"https:\/\/twitter.com\/ifluxembourg?lang=fr\" class=\"et_social_follow\" data-social_name=\"twitter\" data-social_type=\"follow\" data-post_id=\"0\" target=\"_blank\">\n\t\t\t\t\t\t\t<i class=\"et_social_icon et_social_icon_twitter\"><\/i>\n\t\t\t\t\t\t\t\n\t\t\t\t\t\t\t<span class=\"et_social_overlay\"><\/span>\n\t\t\t\t\t\t<\/a>\n\t\t\t\t\t<\/li><li class=\"et_social_youtube\">\n\t\t\t\t\t\t<a href=\"https:\/\/www.youtube.com\/channel\/UCKkTKRmahrJ-U51ZEnJzkzQ\" class=\"et_social_follow\" data-social_name=\"youtube\" data-social_type=\"follow\" data-post_id=\"0\" target=\"_blank\">\n\t\t\t\t\t\t\t<i class=\"et_social_icon et_social_icon_youtube\"><\/i>\n\t\t\t\t\t\t\t\n\t\t\t\t\t\t\t<span class=\"et_social_overlay\"><\/span>\n\t\t\t\t\t\t<\/a>\n\t\t\t\t\t<\/li><li class=\"et_social_linkedin\">\n\t\t\t\t\t\t<a href=\"https:\/\/www.linkedin.com\/in\/institut-fran\u00e7ais-luxembourg-8b52b299\/\" class=\"et_social_follow\" data-social_name=\"linkedin\" data-social_type=\"follow\" data-post_id=\"0\" target=\"_blank\">\n\t\t\t\t\t\t\t<i class=\"et_social_icon et_social_icon_linkedin\"><\/i>\n\t\t\t\t\t\t\t\n\t\t\t\t\t\t\t<span class=\"et_social_overlay\"><\/span>\n\t\t\t\t\t\t<\/a>\n\t\t\t\t\t<\/li><li class=\"et_social_instagram\">\n\t\t\t\t\t\t<a href=\"https:\/\/www.instagram.com\/ifluxembourg\/\" class=\"et_social_follow\" data-social_name=\"instagram\" data-social_type=\"follow\" data-post_id=\"0\" target=\"_blank\">\n\t\t\t\t\t\t\t<i class=\"et_social_icon et_social_icon_instagram\"><\/i>\n\t\t\t\t\t\t\t\n\t\t\t\t\t\t\t<span class=\"et_social_overlay\"><\/span>\n\t\t\t\t\t\t<\/a>\n\t\t\t\t\t<\/li><\/ul>\n\t\t\t\t<\/div>\n<p>[\/et_pb_text][\/et_pb_column][\/et_pb_row][\/et_pb_section]<\/p>\n","protected":false},"excerpt":{"rendered":"<p>[et_pb_section fb_built=&#8221;1&#8243; _builder_version=&#8221;3.0.47&#8243;][et_pb_row _builder_version=&#8221;3.0.48&#8243; background_size=&#8221;initial&#8221; background_position=&#8221;top_left&#8221; background_repeat=&#8221;repeat&#8221;][et_pb_column type=&#8221;4_4&#8243; _builder_version=&#8221;3.0.47&#8243; parallax=&#8221;off&#8221; parallax_method=&#8221;on&#8221;][et_pb_text admin_label=&#8221;Titre se loger en France&#8221; _builder_version=&#8221;3.2.2&#8243;] Se loger en France [\/et_pb_text][\/et_pb_column][\/et_pb_row][et_pb_row _builder_version=&#8221;3.0.48&#8243; background_size=&#8221;initial&#8221; background_position=&#8221;top_left&#8221; background_repeat=&#8221;repeat&#8221;][et_pb_column type=&#8221;4_4&#8243; _builder_version=&#8221;3.0.47&#8243; parallax=&#8221;off&#8221; parallax_method=&#8221;on&#8221;][et_pb_toggle title=&#8221;Comment obtenir un logement en r\u00e9sidence universitaire ?&#8221; admin_label=&#8221;Toggle Comment obtenir un logement en r\u00e9sidence universitaire ?&#8221; _builder_version=&#8221;3.8&#8243;] Toute demande de logement en r\u00e9sidence universitaire [&hellip;]<\/p>\n","protected":false},"author":1,"featured_media":0,"parent":26715,"menu_order":0,"comment_status":"closed","ping_status":"closed","template":"","meta":{"_et_pb_use_builder":"on","_et_pb_old_content":"","_et_gb_content_width":"","om_disable_all_campaigns":false,"_monsterinsights_skip_tracking":false,"_monsterinsights_sitenote_active":false,"_monsterinsights_sitenote_note":"","_monsterinsights_sitenote_category":0,"_uf_show_specific_survey":0,"_uf_disable_surveys":false,"footnotes":""},"aioseo_notices":[],"yoast_head":"<!-- This site is optimized with the Yoast SEO plugin v16.6 - https:\/\/yoast.com\/wordpress\/plugins\/seo\/ -->\n<title>\u00c9tudier en France - Se loger | Institut fran\u00e7ais du Luxembourg<\/title>\n<meta name=\"description\" content=\"O\u00f9 se loger en France quand on fait ses \u00e9tudes dans \u00e9tablissement d\u2019enseignement sup\u00e9rieur ? Retrouvez toutes nos r\u00e9ponses \u00e0 vos questions dans notre FAQ.\" \/>\n<meta name=\"robots\" content=\"index, follow, max-snippet:-1, max-image-preview:large, max-video-preview:-1\" \/>\n<link rel=\"canonical\" href=\"https:\/\/www.backup.institut-francais-luxembourg.lu\/en\/universite\/etudier-en-france\/se-loger-en-france\/\" \/>\n<meta property=\"og:locale\" content=\"en_US\" \/>\n<meta property=\"og:type\" content=\"article\" \/>\n<meta property=\"og:title\" content=\"\u00c9tudier en France - Se loger | Institut fran\u00e7ais du Luxembourg\" \/>\n<meta property=\"og:description\" content=\"O\u00f9 se loger en France quand on fait ses \u00e9tudes dans \u00e9tablissement d\u2019enseignement sup\u00e9rieur ? Retrouvez toutes nos r\u00e9ponses \u00e0 vos questions dans notre FAQ.\" \/>\n<meta property=\"og:url\" content=\"https:\/\/www.backup.institut-francais-luxembourg.lu\/en\/universite\/etudier-en-france\/se-loger-en-france\/\" \/>\n<meta property=\"og:site_name\" content=\"Institut Fran\u00e7ais Du Luxembourg\" \/>\n<meta property=\"article:publisher\" content=\"https:\/\/www.facebook.com\/Institutfrancaisuduluxembourg\/\" \/>\n<meta property=\"article:modified_time\" content=\"2018-06-25T10:03:38+00:00\" \/>\n<meta name=\"twitter:card\" content=\"summary_large_image\" \/>\n<meta name=\"twitter:site\" content=\"@ifluxembourg\" \/>\n<meta name=\"twitter:label1\" content=\"Est. reading time\" \/>\n\t<meta name=\"twitter:data1\" content=\"4 minutes\" \/>\n<script type=\"application\/ld+json\" class=\"yoast-schema-graph\">{\"@context\":\"https:\/\/schema.org\",\"@graph\":[{\"@type\":\"WebSite\",\"@id\":\"https:\/\/www.backup.institut-francais-luxembourg.lu\/en\/#website\",\"url\":\"https:\/\/www.backup.institut-francais-luxembourg.lu\/en\/\",\"name\":\"Institut Fran\\u00e7ais Du Luxembourg\",\"description\":\"relais de la culture fran\\u00e7aise au Luxembourg\",\"potentialAction\":[{\"@type\":\"SearchAction\",\"target\":{\"@type\":\"EntryPoint\",\"urlTemplate\":\"https:\/\/www.backup.institut-francais-luxembourg.lu\/en\/?s={search_term_string}\"},\"query-input\":\"required name=search_term_string\"}],\"inLanguage\":\"en-US\"},{\"@type\":\"WebPage\",\"@id\":\"https:\/\/www.backup.institut-francais-luxembourg.lu\/en\/universite\/etudier-en-france\/se-loger-en-france\/#webpage\",\"url\":\"https:\/\/www.backup.institut-francais-luxembourg.lu\/en\/universite\/etudier-en-france\/se-loger-en-france\/\",\"name\":\"\\u00c9tudier en France - Se loger | Institut fran\\u00e7ais du Luxembourg\",\"isPartOf\":{\"@id\":\"https:\/\/www.backup.institut-francais-luxembourg.lu\/en\/#website\"},\"datePublished\":\"2018-05-16T09:10:52+00:00\",\"dateModified\":\"2018-06-25T10:03:38+00:00\",\"description\":\"O\\u00f9 se loger en France quand on fait ses \\u00e9tudes dans \\u00e9tablissement d\\u2019enseignement sup\\u00e9rieur ? Retrouvez toutes nos r\\u00e9ponses \\u00e0 vos questions dans notre FAQ.\",\"breadcrumb\":{\"@id\":\"https:\/\/www.backup.institut-francais-luxembourg.lu\/en\/universite\/etudier-en-france\/se-loger-en-france\/#breadcrumb\"},\"inLanguage\":\"en-US\",\"potentialAction\":[{\"@type\":\"ReadAction\",\"target\":[\"https:\/\/www.backup.institut-francais-luxembourg.lu\/en\/universite\/etudier-en-france\/se-loger-en-france\/\"]}]},{\"@type\":\"BreadcrumbList\",\"@id\":\"https:\/\/www.backup.institut-francais-luxembourg.lu\/en\/universite\/etudier-en-france\/se-loger-en-france\/#breadcrumb\",\"itemListElement\":[{\"@type\":\"ListItem\",\"position\":1,\"name\":\"\",\"item\":\"https:\/\/www.backup.institut-francais-luxembourg.lu\/en\/\"},{\"@type\":\"ListItem\",\"position\":2,\"name\":\"Universit\\u00e9\",\"item\":\"https:\/\/www.backup.institut-francais-luxembourg.lu\/en\/universite\/\"},{\"@type\":\"ListItem\",\"position\":3,\"name\":\"\\u00c9tudier en France\",\"item\":\"https:\/\/www.backup.institut-francais-luxembourg.lu\/en\/universite\/etudier-en-france\/\"},{\"@type\":\"ListItem\",\"position\":4,\"name\":\"Se loger\"}]}]}<\/script>\n<!-- \/ Yoast SEO plugin. -->","_links":{"self":[{"href":"https:\/\/www.backup.institut-francais-luxembourg.lu\/en\/wp-json\/wp\/v2\/pages\/27620"}],"collection":[{"href":"https:\/\/www.backup.institut-francais-luxembourg.lu\/en\/wp-json\/wp\/v2\/pages"}],"about":[{"href":"https:\/\/www.backup.institut-francais-luxembourg.lu\/en\/wp-json\/wp\/v2\/types\/page"}],"author":[{"embeddable":true,"href":"https:\/\/www.backup.institut-francais-luxembourg.lu\/en\/wp-json\/wp\/v2\/users\/1"}],"replies":[{"embeddable":true,"href":"https:\/\/www.backup.institut-francais-luxembourg.lu\/en\/wp-json\/wp\/v2\/comments?post=27620"}],"version-history":[{"count":0,"href":"https:\/\/www.backup.institut-francais-luxembourg.lu\/en\/wp-json\/wp\/v2\/pages\/27620\/revisions"}],"up":[{"embeddable":true,"href":"https:\/\/www.backup.institut-francais-luxembourg.lu\/en\/wp-json\/wp\/v2\/pages\/26715"}],"wp:attachment":[{"href":"https:\/\/www.backup.institut-francais-luxembourg.lu\/en\/wp-json\/wp\/v2\/media?parent=27620"}],"curies":[{"name":"wp","href":"https:\/\/api.w.org\/{rel}","templated":true}]}}