{"id":27613,"date":"2018-05-16T09:07:03","date_gmt":"2018-05-16T09:07:03","guid":{"rendered":"http:\/\/www.institut-francais-luxembourg.lu\/etudier-en-france\/se-financer\/"},"modified":"2018-06-27T16:35:22","modified_gmt":"2018-06-27T14:35:22","slug":"financer-ses-etudes","status":"publish","type":"page","link":"https:\/\/www.backup.institut-francais-luxembourg.lu\/en\/universite\/etudier-en-france\/financer-ses-etudes\/","title":{"rendered":"Se financer"},"content":{"rendered":"<p>[et_pb_section bb_built=&#8221;1&#8243; _builder_version=&#8221;3.0.47&#8243; next_background_color=&#8221;#008ac9&#8243;][et_pb_row _builder_version=&#8221;3.0.48&#8243; background_size=&#8221;initial&#8221; background_position=&#8221;top_left&#8221; background_repeat=&#8221;repeat&#8221;][et_pb_column type=&#8221;4_4&#8243;][et_pb_text admin_label=&#8221;Titre Financer ses \u00e9tudes&#8221; _builder_version=&#8221;3.3.1&#8243;]<\/p>\n<h3>Financer ses \u00e9tudes<\/h3>\n<p>[\/et_pb_text][et_pb_toggle admin_label=&#8221;Toggle O\u00f9 peut-on demander une bourse ? &#8221; title=&#8221;O\u00f9 peut-on demander une bourse ? &#8221; _builder_version=&#8221;3.8&#8243;]<\/p>\n<p style=\"text-align: justify;\">Plusieurs possibilit\u00e9s de bourses existent en fonction du niveau d\u2019\u00e9tudes ou de la sp\u00e9cialisation. L\u2019Agence Campus France a cr\u00e9\u00e9 un moteur de recherche \u2013 CampusBourses \u2013 qui r\u00e9pertorie diff\u00e9rents programmes de bourses en fonction du niveau d\u2019\u00e9tudes, de la sp\u00e9cialit\u00e9, mais aussi de la nationalit\u00e9. De la licence au post-doctorat, le r\u00e9pertoire pr\u00e9sente les programmes des institutions gouvernementales, des collectivit\u00e9s locales, des entreprises, des fondations et des \u00e9tablissements d\u2019enseignement sup\u00e9rieur.<\/p>\n<p><a href=\"http:\/\/campusbourses.campusfrance.org\/fria\/bourse\/#\/catalog\" target=\"_blank\" rel=\"noopener\"><strong>En savoir plus<\/strong><\/a><\/p>\n<p>[\/et_pb_toggle][et_pb_toggle admin_label=&#8221;Quels sont les crit\u00e8res d\u2019attribution pour les bourses sur crit\u00e8res sociaux ?&#8221; title=&#8221;Quels sont les crit\u00e8res d\u2019attribution pour les bourses sur crit\u00e8res sociaux ?&#8221; _builder_version=&#8221;3.8&#8243;]<\/p>\n<p style=\"text-align: justify;\">Les \u00e9tudiants ayant des ressources limit\u00e9es peuvent \u00eatre \u00e9ligibles \u00e0 une bourse sur crit\u00e8res sociaux pour les aider \u00e0 financer leurs \u00e9tudes dans une formation sup\u00e9rieure relevant du minist\u00e8re de l\u2019enseignement sup\u00e9rieur et de la recherche ou du minist\u00e8re de la culture et de la communication s\u2019ils remplissent les crit\u00e8res d\u2019\u00e2ge, de nationalit\u00e9, d\u2019\u00e9tudes, de ressources, etc.<\/p>\n<p><a href=\"http:\/\/www.etudiant.gouv.fr\/pid33629\/bourses-sur-criteres-sociaux.html\" target=\"_blank\" rel=\"noopener\">En savoir plus<\/a><\/p>\n<p>[\/et_pb_toggle][et_pb_toggle admin_label=&#8221;Toggle L\u2019Ambassade de France au Luxembourg octroie-t-elle des bourses pour les \u00e9tudiants luxembourgeois ?&#8221; title=&#8221;L\u2019Ambassade de France au Luxembourg octroie-t-elle des bourses pour les \u00e9tudiants luxembourgeois ?&#8221; _builder_version=&#8221;3.8&#8243;]<\/p>\n<p style=\"text-align: justify;\">Non. En revanche, vous pouvez \u00eatre \u00e9ligible au syst\u00e8me d\u2019aides financi\u00e8res pour \u00e9tudes sup\u00e9rieures du gouvernement luxembourgeois. Vous devez \u00e0 ce titre vous renseigner aupr\u00e8s du CEDIES pour toute information sur les conditions d\u2019octroi.<\/p>\n<p style=\"text-align: justify;\">Attention ! Vous faites vos \u00e9tudes en France et demandez une bourse au CEDIES, le dipl\u00f4me que vous pr\u00e9parez doit \u00eatre un dipl\u00f4me vis\u00e9 au niveau national. Renseignez-vous avant toute inscription.<\/p>\n<p><a href=\"https:\/\/cedies.public.lu\/fr\/obtenir-aide-financiere\/bourse-pret.html\" target=\"_blank\" rel=\"noopener\">En savoir plus<\/a><\/p>\n<p>[\/et_pb_toggle][et_pb_toggle admin_label=&#8221;Toggle Comment financer un doctorat ?&#8221; title=&#8221;Comment financer un doctorat ?&#8221; _builder_version=&#8221;3.8&#8243;]<\/p>\n<p style=\"text-align: justify;\">Le financement de la th\u00e8se est tr\u00e8s souvent un pr\u00e9requis pour l\u2019inscription en doctorat. Parmi les diff\u00e9rentes possibilit\u00e9s de financement d\u2019un doctorat, il convient notamment de rappeler le contrat doctoral, les conventions industrielles de formation pour la recherche (CIFRE).<\/p>\n<p><a href=\"https:\/\/www.campusfrance.org\/fr\/comment-financer-doctorat-France\" target=\"_blank\" rel=\"noopener\"><strong>En savoir plus<\/strong><\/a><\/p>\n<p>[\/et_pb_toggle][et_pb_toggle admin_label=&#8221;Toggle O\u00f9 puis-je me renseigner sur les bourses Erasmus ?&#8221; title=&#8221;O\u00f9 puis-je me renseigner sur les bourses Erasmus ?&#8221; _builder_version=&#8221;3.8&#8243;]<\/p>\n<p style=\"text-align: justify;\">Les mobilit\u00e9s Erasmus sont accord\u00e9es dans le cadre d\u2019un partenariat entre l\u2019universit\u00e9 d\u2019origine et des universit\u00e9s partenaires en Europe. Ainsi, pour conna\u00eetre les partenariats avec les \u00e9tablissements fran\u00e7ais, ainsi que les conditions de d\u00e9p\u00f4t de dossier, les \u00e9tudiants inscrits \u00e0 l\u2019Universit\u00e9 du Luxembourg doivent contacter directement le Service des Etudes et de la Vie Etudiante (SEVE).<\/p>\n<p><a href=\"https:\/\/wwwfr.uni.lu\/etudiants\/mobilite\/outgoing_etudiants_de_l_uni_lu\/erasmus_etudes\" target=\"_blank\" rel=\"noopener\"><strong>En savoir plus<\/strong><\/a><\/p>\n<p>[\/et_pb_toggle][\/et_pb_column][\/et_pb_row][\/et_pb_section][et_pb_section bb_built=&#8221;1&#8243; admin_label=&#8221;footer&#8221; _builder_version=&#8221;3.0.106&#8243; background_color=&#8221;#008ac9&#8243; custom_padding=&#8221;0|0px|12px|0px&#8221; prev_background_color=&#8221;#ffffff&#8221; global_module=&#8221;26070&#8243;][et_pb_row admin_label=&#8221;footer row&#8221; global_parent=&#8221;26070&#8243; custom_padding=&#8221;27px|0px|0|0px&#8221; _builder_version=&#8221;3.8&#8243;][et_pb_column type=&#8221;1_4&#8243;][et_pb_text admin_label=&#8221;footer module part 1&#8243; global_parent=&#8221;26070&#8243; _builder_version=&#8221;3.8&#8243;]<\/p>\n<p><span style=\"font-size: x-large;\"><span style=\"color: #ffffff;\">Contact<\/span><\/span><\/p>\n<p><span style=\"color: #ffffff; font-size: 14px;\"><strong>Institut fran\u00e7ais du Luxembourg<\/strong><\/span><\/p>\n<p><span style=\"color: #ffffff;\">BP 236<br class=\"manualbr\" \/>L &#8211; 2012 LUXEMBOURG<\/span><\/p>\n<p><span style=\"color: #ffffff;\">T\u00e9l.\u00a0: (00352) _46 21 66<\/span><br class=\"manualbr\" \/><br class=\"manualbr\" \/><span style=\"color: #ffffff;\">E-mail\u00a0: <a style=\"color: #ffffff;\" href=\"mailto:contact@ifluxembourg.lu\">contact@ifluxembourg.lu<\/a><\/span><\/p>\n<p>&nbsp;<\/p>\n<p>&nbsp;<\/p>\n<p>&nbsp;<\/p>\n<p>[\/et_pb_text][\/et_pb_column][et_pb_column type=&#8221;1_4&#8243;][et_pb_text admin_label=&#8221;footer module part 2&#8243; global_parent=&#8221;26070&#8243; _builder_version=&#8221;3.8&#8243; text_line_height=&#8221;1.3em&#8221;]<\/p>\n<p><span style=\"font-size: x-large; color: #ffffff;\">Acc\u00e8s rapide<\/span><\/p>\n<p><span style=\"color: #ffffff;\"><a style=\"color: #ffffff;\" title=\"cours\" href=\"https:\/\/www.backup.institut-francais-luxembourg.lu\/french-courses\/?lang=en\">Cours<\/a><\/span><\/p>\n<p><span style=\"color: #ffffff;\"><a style=\"color: #ffffff;\" title=\"culture\" href=\"https:\/\/www.backup.institut-francais-luxembourg.lu\/culture\/?lang=en\">Culture<\/a><\/span><\/p>\n<p><span style=\"color: #ffffff;\">\u00c9ducation<br \/>\n<\/span><\/p>\n<p><span style=\"color: #ffffff;\"><a style=\"color: #ffffff;\" title=\"universit\u00e9\" href=\"https:\/\/www.backup.institut-francais-luxembourg.lu\/universite\/?lang=en\">Universit\u00e9<\/a><\/span><\/p>\n<p><span style=\"color: #ffffff;\"><a style=\"color: #ffffff;\" title=\"agenda\" href=\"agenda-evenements-ifl\/?lang=en\">Agenda<\/a><\/span><\/p>\n<p><span style=\"color: #ffffff;\"><a style=\"color: #ffffff;\" title=\"l'\u00e9quipe\" href=\"https:\/\/www.backup.institut-francais-luxembourg.lu\/lequipe\/?lang=en\">L&#8217;\u00e9quipe<\/a><\/span><\/p>\n<p><span style=\"color: #ffffff;\"><a style=\"color: #ffffff;\" title=\"contact\" href=\"contact\/?lang=en\">Contact<\/a><\/span><\/p>\n<p>[\/et_pb_text][\/et_pb_column][et_pb_column type=&#8221;1_4&#8243;][et_pb_text admin_label=&#8221;footer module part 3&#8243; global_parent=&#8221;26070&#8243; _builder_version=&#8221;3.7.1&#8243; text_line_height=&#8221;1.3em&#8221;]<\/p>\n<p><span style=\"font-size: x-large; color: #ffffff;\">IF Num\u00e9rique<\/span><\/p>\n<p><span style=\"color: #ffffff;\"><a style=\"color: #ffffff;\" title=\"IFprofs\" href=\"https:\/\/lu.ifprofs.org\/\">\u00a0\u00a0IFprofs<\/a><\/span><\/p>\n<p><span style=\"color: #ffffff;\"><a style=\"color: #ffffff;\" title=\"IFmobile\" href=\"http:\/\/www.institutfrancais.com\/ifmobile-pour-smartphones-et-tablettes\">\u00a0\u00a0IFmobile<\/a><\/span><\/p>\n<p><span style=\"color: #ffffff;\"><a style=\"color: #ffffff;\" title=\"IFprog\" href=\"http:\/\/ifprog.institutfrancais.com\" target=\"_blank\" rel=\"noopener\">\u00a0\u00a0IFprog<\/a><\/span><\/p>\n<p><span style=\"color: #ffffff;\"><a style=\"color: #ffffff;\" title=\"IFmapp\" href=\"http:\/\/ifmapp.institutfrancais.com\">\u00a0 IFmapp<\/a><\/span><\/p>\n<p><span style=\"color: #ffffff;\"><a style=\"color: #ffffff;\" title=\"IFcin\u00e9ma\" href=\"http:\/\/ifcinema.institutfrancais.com\">\u00a0 IFcin\u00e9ma<\/a><\/span><\/p>\n<p><span style=\"color: #ffffff;\"><a style=\"color: #ffffff;\" title=\"Web TV\" href=\"http:\/\/institutfrancais.tv\">\u00a0 Web TV<\/a><\/span><\/p>\n<p><span style=\"color: #ffffff;\"><a style=\"color: #ffffff;\" title=\"Institut fran\u00e7ais\" href=\"http:\/\/www.institutfrancais.com\/fr\">\u00a0 Institut fran\u00e7ais<\/a><\/span><\/p>\n<p>[\/et_pb_text][\/et_pb_column][et_pb_column type=&#8221;1_4&#8243;][et_pb_text admin_label=&#8221;R\u00e9seaux sociaux footer&#8221; global_parent=&#8221;26070&#8243; _builder_version=&#8221;3.0.106&#8243;] <div class=\"et_social_networks et_social_2col et_social_flip et_social_circle et_social_top et_social_mobile_on et_social_outer_dark\">\n\t\t\t\t\t\n\t\t\t\t\t\n\t\t\t\t\t<ul class=\"et_social_icons_container\"><li class=\"et_social_facebook\">\n\t\t\t\t\t\t<a href=\"https:\/\/www.facebook.com\/Institutfrancaisuduluxembourg\/\" class=\"et_social_follow\" data-social_name=\"facebook\" data-social_type=\"follow\" data-post_id=\"0\" target=\"_blank\">\n\t\t\t\t\t\t\t<i class=\"et_social_icon et_social_icon_facebook\"><\/i>\n\t\t\t\t\t\t\t\n\t\t\t\t\t\t\t<span class=\"et_social_overlay\"><\/span>\n\t\t\t\t\t\t<\/a>\n\t\t\t\t\t<\/li><li class=\"et_social_twitter\">\n\t\t\t\t\t\t<a href=\"https:\/\/twitter.com\/ifluxembourg?lang=fr\" class=\"et_social_follow\" data-social_name=\"twitter\" data-social_type=\"follow\" data-post_id=\"0\" target=\"_blank\">\n\t\t\t\t\t\t\t<i class=\"et_social_icon et_social_icon_twitter\"><\/i>\n\t\t\t\t\t\t\t\n\t\t\t\t\t\t\t<span class=\"et_social_overlay\"><\/span>\n\t\t\t\t\t\t<\/a>\n\t\t\t\t\t<\/li><li class=\"et_social_youtube\">\n\t\t\t\t\t\t<a href=\"https:\/\/www.youtube.com\/channel\/UCKkTKRmahrJ-U51ZEnJzkzQ\" class=\"et_social_follow\" data-social_name=\"youtube\" data-social_type=\"follow\" data-post_id=\"0\" target=\"_blank\">\n\t\t\t\t\t\t\t<i class=\"et_social_icon et_social_icon_youtube\"><\/i>\n\t\t\t\t\t\t\t\n\t\t\t\t\t\t\t<span class=\"et_social_overlay\"><\/span>\n\t\t\t\t\t\t<\/a>\n\t\t\t\t\t<\/li><li class=\"et_social_linkedin\">\n\t\t\t\t\t\t<a href=\"https:\/\/www.linkedin.com\/in\/institut-fran\u00e7ais-luxembourg-8b52b299\/\" class=\"et_social_follow\" data-social_name=\"linkedin\" data-social_type=\"follow\" data-post_id=\"0\" target=\"_blank\">\n\t\t\t\t\t\t\t<i class=\"et_social_icon et_social_icon_linkedin\"><\/i>\n\t\t\t\t\t\t\t\n\t\t\t\t\t\t\t<span class=\"et_social_overlay\"><\/span>\n\t\t\t\t\t\t<\/a>\n\t\t\t\t\t<\/li><li class=\"et_social_instagram\">\n\t\t\t\t\t\t<a href=\"https:\/\/www.instagram.com\/ifluxembourg\/\" class=\"et_social_follow\" data-social_name=\"instagram\" data-social_type=\"follow\" data-post_id=\"0\" target=\"_blank\">\n\t\t\t\t\t\t\t<i class=\"et_social_icon et_social_icon_instagram\"><\/i>\n\t\t\t\t\t\t\t\n\t\t\t\t\t\t\t<span class=\"et_social_overlay\"><\/span>\n\t\t\t\t\t\t<\/a>\n\t\t\t\t\t<\/li><\/ul>\n\t\t\t\t<\/div> [\/et_pb_text][\/et_pb_column][\/et_pb_row][\/et_pb_section]<\/p>\n","protected":false},"excerpt":{"rendered":"<p>[et_pb_section bb_built=&#8221;1&#8243; _builder_version=&#8221;3.0.47&#8243; next_background_color=&#8221;#008ac9&#8243;][et_pb_row _builder_version=&#8221;3.0.48&#8243; background_size=&#8221;initial&#8221; background_position=&#8221;top_left&#8221; background_repeat=&#8221;repeat&#8221;][et_pb_column type=&#8221;4_4&#8243;][et_pb_text admin_label=&#8221;Titre Financer ses \u00e9tudes&#8221; _builder_version=&#8221;3.3.1&#8243;] Financer ses \u00e9tudes [\/et_pb_text][et_pb_toggle admin_label=&#8221;Toggle O\u00f9 peut-on demander une bourse ? &#8221; title=&#8221;O\u00f9 peut-on demander une bourse ? &#8221; _builder_version=&#8221;3.8&#8243;] Plusieurs possibilit\u00e9s de bourses existent en fonction du niveau d\u2019\u00e9tudes ou de la sp\u00e9cialisation. L\u2019Agence Campus France a cr\u00e9\u00e9 un moteur [&hellip;]<\/p>\n","protected":false},"author":1,"featured_media":0,"parent":26715,"menu_order":0,"comment_status":"closed","ping_status":"closed","template":"","meta":{"_et_pb_use_builder":"on","_et_pb_old_content":"","_et_gb_content_width":"","om_disable_all_campaigns":false,"_monsterinsights_skip_tracking":false,"_monsterinsights_sitenote_active":false,"_monsterinsights_sitenote_note":"","_monsterinsights_sitenote_category":0,"_uf_show_specific_survey":0,"_uf_disable_surveys":false,"footnotes":""},"aioseo_notices":[],"yoast_head":"<!-- This site is optimized with the Yoast SEO plugin v16.6 - https:\/\/yoast.com\/wordpress\/plugins\/seo\/ -->\n<title>\u00c9tudier en France - Se financer | Institut fran\u00e7ais du Luxembourg<\/title>\n<meta name=\"description\" content=\"Comment financer ses \u00e9tudes en France dans l\u2019enseignement sup\u00e9rieur ? Retrouvez toutes nos r\u00e9ponses \u00e0 vos questions dans notre FAQ.\" \/>\n<meta name=\"robots\" content=\"index, follow, max-snippet:-1, max-image-preview:large, max-video-preview:-1\" \/>\n<link rel=\"canonical\" href=\"https:\/\/www.backup.institut-francais-luxembourg.lu\/en\/universite\/etudier-en-france\/financer-ses-etudes\/\" \/>\n<meta property=\"og:locale\" content=\"en_US\" \/>\n<meta property=\"og:type\" content=\"article\" \/>\n<meta property=\"og:title\" content=\"\u00c9tudier en France - Se financer | Institut fran\u00e7ais du Luxembourg\" \/>\n<meta property=\"og:description\" content=\"Comment financer ses \u00e9tudes en France dans l\u2019enseignement sup\u00e9rieur ? Retrouvez toutes nos r\u00e9ponses \u00e0 vos questions dans notre FAQ.\" \/>\n<meta property=\"og:url\" content=\"https:\/\/www.backup.institut-francais-luxembourg.lu\/en\/universite\/etudier-en-france\/financer-ses-etudes\/\" \/>\n<meta property=\"og:site_name\" content=\"Institut Fran\u00e7ais Du Luxembourg\" \/>\n<meta property=\"article:publisher\" content=\"https:\/\/www.facebook.com\/Institutfrancaisuduluxembourg\/\" \/>\n<meta property=\"article:modified_time\" content=\"2018-06-27T14:35:22+00:00\" \/>\n<meta name=\"twitter:card\" content=\"summary_large_image\" \/>\n<meta name=\"twitter:site\" content=\"@ifluxembourg\" \/>\n<meta name=\"twitter:label1\" content=\"Est. reading time\" \/>\n\t<meta name=\"twitter:data1\" content=\"4 minutes\" \/>\n<script type=\"application\/ld+json\" class=\"yoast-schema-graph\">{\"@context\":\"https:\/\/schema.org\",\"@graph\":[{\"@type\":\"WebSite\",\"@id\":\"https:\/\/www.backup.institut-francais-luxembourg.lu\/en\/#website\",\"url\":\"https:\/\/www.backup.institut-francais-luxembourg.lu\/en\/\",\"name\":\"Institut Fran\\u00e7ais Du Luxembourg\",\"description\":\"relais de la culture fran\\u00e7aise au Luxembourg\",\"potentialAction\":[{\"@type\":\"SearchAction\",\"target\":{\"@type\":\"EntryPoint\",\"urlTemplate\":\"https:\/\/www.backup.institut-francais-luxembourg.lu\/en\/?s={search_term_string}\"},\"query-input\":\"required name=search_term_string\"}],\"inLanguage\":\"en-US\"},{\"@type\":\"WebPage\",\"@id\":\"https:\/\/www.backup.institut-francais-luxembourg.lu\/en\/universite\/etudier-en-france\/financer-ses-etudes\/#webpage\",\"url\":\"https:\/\/www.backup.institut-francais-luxembourg.lu\/en\/universite\/etudier-en-france\/financer-ses-etudes\/\",\"name\":\"\\u00c9tudier en France - Se financer | Institut fran\\u00e7ais du Luxembourg\",\"isPartOf\":{\"@id\":\"https:\/\/www.backup.institut-francais-luxembourg.lu\/en\/#website\"},\"datePublished\":\"2018-05-16T09:07:03+00:00\",\"dateModified\":\"2018-06-27T14:35:22+00:00\",\"description\":\"Comment financer ses \\u00e9tudes en France dans l\\u2019enseignement sup\\u00e9rieur ? Retrouvez toutes nos r\\u00e9ponses \\u00e0 vos questions dans notre FAQ.\",\"breadcrumb\":{\"@id\":\"https:\/\/www.backup.institut-francais-luxembourg.lu\/en\/universite\/etudier-en-france\/financer-ses-etudes\/#breadcrumb\"},\"inLanguage\":\"en-US\",\"potentialAction\":[{\"@type\":\"ReadAction\",\"target\":[\"https:\/\/www.backup.institut-francais-luxembourg.lu\/en\/universite\/etudier-en-france\/financer-ses-etudes\/\"]}]},{\"@type\":\"BreadcrumbList\",\"@id\":\"https:\/\/www.backup.institut-francais-luxembourg.lu\/en\/universite\/etudier-en-france\/financer-ses-etudes\/#breadcrumb\",\"itemListElement\":[{\"@type\":\"ListItem\",\"position\":1,\"name\":\"\",\"item\":\"https:\/\/www.backup.institut-francais-luxembourg.lu\/en\/\"},{\"@type\":\"ListItem\",\"position\":2,\"name\":\"Universit\\u00e9\",\"item\":\"https:\/\/www.backup.institut-francais-luxembourg.lu\/en\/universite\/\"},{\"@type\":\"ListItem\",\"position\":3,\"name\":\"\\u00c9tudier en France\",\"item\":\"https:\/\/www.backup.institut-francais-luxembourg.lu\/en\/universite\/etudier-en-france\/\"},{\"@type\":\"ListItem\",\"position\":4,\"name\":\"Se financer\"}]}]}<\/script>\n<!-- \/ Yoast SEO plugin. -->","_links":{"self":[{"href":"https:\/\/www.backup.institut-francais-luxembourg.lu\/en\/wp-json\/wp\/v2\/pages\/27613"}],"collection":[{"href":"https:\/\/www.backup.institut-francais-luxembourg.lu\/en\/wp-json\/wp\/v2\/pages"}],"about":[{"href":"https:\/\/www.backup.institut-francais-luxembourg.lu\/en\/wp-json\/wp\/v2\/types\/page"}],"author":[{"embeddable":true,"href":"https:\/\/www.backup.institut-francais-luxembourg.lu\/en\/wp-json\/wp\/v2\/users\/1"}],"replies":[{"embeddable":true,"href":"https:\/\/www.backup.institut-francais-luxembourg.lu\/en\/wp-json\/wp\/v2\/comments?post=27613"}],"version-history":[{"count":0,"href":"https:\/\/www.backup.institut-francais-luxembourg.lu\/en\/wp-json\/wp\/v2\/pages\/27613\/revisions"}],"up":[{"embeddable":true,"href":"https:\/\/www.backup.institut-francais-luxembourg.lu\/en\/wp-json\/wp\/v2\/pages\/26715"}],"wp:attachment":[{"href":"https:\/\/www.backup.institut-francais-luxembourg.lu\/en\/wp-json\/wp\/v2\/media?parent=27613"}],"curies":[{"name":"wp","href":"https:\/\/api.w.org\/{rel}","templated":true}]}}