{"id":27588,"date":"2018-05-16T08:29:24","date_gmt":"2018-05-16T08:29:24","guid":{"rendered":"http:\/\/www.institut-francais-luxembourg.lu\/filieres-internationales\/"},"modified":"2022-07-20T15:07:17","modified_gmt":"2022-07-20T13:07:17","slug":"filieres-francophones","status":"publish","type":"page","link":"https:\/\/www.backup.institut-francais-luxembourg.lu\/en\/education\/filieres-francophones\/","title":{"rendered":"Fili\u00e8res francophones"},"content":{"rendered":"<p>[et_pb_section fb_built=&#8221;1&#8243; _builder_version=&#8221;3.22&#8243;][et_pb_row _builder_version=&#8221;3.25&#8243; background_size=&#8221;initial&#8221; background_position=&#8221;top_left&#8221; background_repeat=&#8221;repeat&#8221;][et_pb_column type=&#8221;4_4&#8243; _builder_version=&#8221;3.25&#8243; custom_padding=&#8221;|||&#8221; custom_padding__hover=&#8221;|||&#8221;][et_pb_text admin_label=&#8221;Titre Fili\u00e8res francophones&#8221; _builder_version=&#8221;3.27.4&#8243;]<\/p>\n<h1 style=\"text-align: left;\">FILI\u00c8RES FRANCOPHONES<\/h1>\n<p>[\/et_pb_text][\/et_pb_column][\/et_pb_row][et_pb_row _builder_version=&#8221;3.25&#8243; background_size=&#8221;initial&#8221; background_position=&#8221;top_left&#8221; background_repeat=&#8221;repeat&#8221;][et_pb_column type=&#8221;4_4&#8243; _builder_version=&#8221;3.25&#8243; custom_padding=&#8221;|||&#8221; custom_padding__hover=&#8221;|||&#8221;][et_pb_text admin_label=&#8221;Texte pr\u00e9sentation filli\u00e8re francophone&#8221; _builder_version=&#8221;3.27.4&#8243;]<\/p>\n<p style=\"text-align: justify;\">Si\u00e8ge de plusieurs institutions europ\u00e9ennes, le Grand-Duch\u00e9 de Luxembourg \u00a0propose depuis plusieurs ann\u00e9es une offre scolaire diversifi\u00e9e, afin de r\u00e9pondre aux besoins des familles.<\/p>\n<p style=\"text-align: justify;\">Outre les deux \u00e9tablissements partenaires de l\u2019AEFE, le Luxembourg offre la possibilit\u00e9 de scolariser les enfants dans des fili\u00e8res francophones ou internationales, conduisant au baccalaur\u00e9at europ\u00e9en ou international.<\/p>\n<p>[\/et_pb_text][\/et_pb_column][\/et_pb_row][et_pb_row column_structure=&#8221;1_3,1_3,1_3&#8243; use_custom_gutter=&#8221;on&#8221; gutter_width=&#8221;2&#8243; make_equal=&#8221;on&#8221; admin_label=&#8221;pr\u00e9sentation des cours&#8221; _builder_version=&#8221;4.9.9&#8243; background_size=&#8221;initial&#8221; background_position=&#8221;top_left&#8221; background_repeat=&#8221;repeat&#8221; width=&#8221;58%&#8221; max_width=&#8221;58%&#8221; module_alignment=&#8221;center&#8221; custom_padding=&#8221;27px|0px|27px|0|false|false&#8221; hover_enabled=&#8221;0&#8243; use_custom_width=&#8221;on&#8221; width_unit=&#8221;off&#8221; custom_width_percent=&#8221;58%&#8221; sticky_enabled=&#8221;0&#8243;][et_pb_column type=&#8221;1_3&#8243; _builder_version=&#8221;3.25&#8243; custom_padding=&#8221;|||&#8221; custom_padding__hover=&#8221;|||&#8221;][et_pb_image src=&#8221;https:\/\/www.backup.institut-francais-luxembourg.lu\/wp-content\/uploads\/2018\/06\/coles-europ\u00e9ennes-e1528706684472.jpg&#8221; alt=&#8221;Fili\u00e8res francophones &#8211; \u00c9coles europ\u00e9ennes&#8221; title_text=&#8221;Fili\u00e8res francophones &#8211; \u00c9coles europ\u00e9ennes&#8221; url=&#8221;\/les-ecoles-europeennes&#8221; use_overlay=&#8221;on&#8221; hover_icon=&#8221;%%20%%&#8221; align_tablet=&#8221;center&#8221; align_phone=&#8221;&#8221; align_last_edited=&#8221;on|desktop&#8221; admin_label=&#8221;image \u00e9coles europ\u00e9ennes&#8221; _builder_version=&#8221;3.23&#8243; box_shadow_style=&#8221;preset1&#8243; box_shadow_vertical=&#8221;1px&#8221;][\/et_pb_image][et_pb_text admin_label=&#8221;label \u00e9coles europ\u00e9ennes&#8221; _builder_version=&#8221;3.27.4&#8243;]<\/p>\n<h3 style=\"text-align: left;\"><a href=\"\/les-ecoles-europeennes\">\u00c9coles europ\u00e9ennes<\/a><\/h3>\n<p>[\/et_pb_text][\/et_pb_column][et_pb_column type=&#8221;1_3&#8243; _builder_version=&#8221;3.25&#8243; custom_padding=&#8221;|||&#8221; custom_padding__hover=&#8221;|||&#8221;][et_pb_image src=&#8221;https:\/\/www.backup.institut-francais-luxembourg.lu\/wp-content\/uploads\/2018\/06\/Ecoles-internationales-e1528706672700.jpg&#8221; alt=&#8221;Fili\u00e8res francophones &#8211; \u00c9coles internationales&#8221; title_text=&#8221;Fili\u00e8res francophones &#8211; \u00c9coles internationales&#8221; url=&#8221;\/ecoles-internationales&#8221; use_overlay=&#8221;on&#8221; hover_icon=&#8221;%%20%%&#8221; align_tablet=&#8221;center&#8221; align_phone=&#8221;&#8221; align_last_edited=&#8221;on|desktop&#8221; admin_label=&#8221;image ecoles internationales&#8221; _builder_version=&#8221;3.23&#8243; box_shadow_style=&#8221;preset1&#8243; box_shadow_vertical=&#8221;1px&#8221;][\/et_pb_image][et_pb_text admin_label=&#8221;label ecoles internationales&#8221; _builder_version=&#8221;3.27.4&#8243;]<\/p>\n<h3 style=\"text-align: left;\"><a href=\"\/ecoles-internationales\">\u00c9coles internationales<\/a><\/h3>\n<p>[\/et_pb_text][\/et_pb_column][et_pb_column type=&#8221;1_3&#8243; _builder_version=&#8221;3.25&#8243; custom_padding=&#8221;|||&#8221; custom_padding__hover=&#8221;|||&#8221;][et_pb_image src=&#8221;https:\/\/www.backup.institut-francais-luxembourg.lu\/wp-content\/uploads\/2018\/06\/bacalaureat-e1528706733400.jpg&#8221; alt=&#8221;Fili\u00e8res francophones &#8211; Baccalaur\u00e9at international&#8221; title_text=&#8221;Fili\u00e8res francophones &#8211; Baccalaur\u00e9at international&#8221; url=&#8221;\/baccelaureat-international&#8221; use_overlay=&#8221;on&#8221; hover_icon=&#8221;%%20%%&#8221; align_tablet=&#8221;center&#8221; align_phone=&#8221;&#8221; align_last_edited=&#8221;on|desktop&#8221; admin_label=&#8221;image Baccalaur\u00e9at international&#8221; _builder_version=&#8221;3.23&#8243; box_shadow_style=&#8221;preset1&#8243; box_shadow_vertical=&#8221;1px&#8221;][\/et_pb_image][et_pb_text admin_label=&#8221;label Baccalaur\u00e9at international&#8221; _builder_version=&#8221;3.27.4&#8243;]<\/p>\n<h3 style=\"text-align: left;\"><a href=\"\/baccelaureat-international\">Baccalaur\u00e9at international<\/a><\/h3>\n<p>[\/et_pb_text][\/et_pb_column][\/et_pb_row][\/et_pb_section][et_pb_section fb_built=&#8221;1&#8243; admin_label=&#8221;footer&#8221; _builder_version=&#8221;3.0.106&#8243; background_color=&#8221;#008ac9&#8243; custom_padding=&#8221;0|0px|12px|0px&#8221; global_module=&#8221;26070&#8243;][et_pb_row column_structure=&#8221;1_4,1_4,1_4,1_4&#8243; admin_label=&#8221;footer row&#8221; _builder_version=&#8221;3.25&#8243; custom_padding=&#8221;27px|0px|0|0px&#8221;][et_pb_column type=&#8221;1_4&#8243; _builder_version=&#8221;3.25&#8243; custom_padding=&#8221;|||&#8221; custom_padding__hover=&#8221;|||&#8221;][et_pb_text admin_label=&#8221;footer module part 1&#8243; _builder_version=&#8221;3.27.4&#8243;]<\/p>\n<p><span style=\"font-size: x-large;\"><span style=\"color: #ffffff;\">Contact<\/span><\/span><br \/>\n<span style=\"color: #ffffff; font-size: 14px;\"><strong>Institut fran\u00e7ais du Luxembourg<\/strong><\/span><br \/>\n<span style=\"color: #ffffff;\">BP236<br class=\"manualbr\">L &#8211; 2012 LUXEMBOURG<br \/>\n<br class=\"manualbr\">T\u00e9l.&nbsp;: (00352) _46 21 66<br class=\"manualbr\"><br class=\"manualbr\">Email&nbsp;: <a style=\"color: #ffffff;\" href=\"mailto:contact@ifluxembourg.lu\">contact@ifluxembourg.lu<\/a><br \/>\n<\/span><\/p>\n<p>[\/et_pb_text][\/et_pb_column][et_pb_column type=&#8221;1_4&#8243; _builder_version=&#8221;3.25&#8243; custom_padding=&#8221;|||&#8221; custom_padding__hover=&#8221;|||&#8221;][et_pb_text admin_label=&#8221;footer module part 2&#8243; _builder_version=&#8221;3.27.4&#8243; text_line_height=&#8221;1.3em&#8221;]<\/p>\n<p><span style=\"font-size: x-large; color: #ffffff;\">Acc\u00e8s rapide<\/span><\/p>\n<p><span style=\"color: #ffffff;\"><a style=\"color: #ffffff;\" title=\"cours\" href=\"\/french-courses\/?lang=en\">Cours<\/a><\/span><\/p>\n<p><span style=\"color: #ffffff;\"><a style=\"color: #ffffff;\" title=\"culture\" href=\"\/culture\/?lang=en\">Culture<\/a><\/span><\/p>\n<p><span style=\"color: #ffffff;\"><a style=\"color: #ffffff;\" title=\"education\" href=\"\/education\/?lang=en\">Education<\/a><\/span><\/p>\n<p><span style=\"color: #ffffff;\"><a style=\"color: #ffffff;\" title=\"universit\u00e9\" href=\"\/universite\/?lang=en\">Universit\u00e9<\/a><\/span><\/p>\n<p><span style=\"color: #ffffff;\"><a style=\"color: #ffffff;\" title=\"agenda\" href=\"agenda-evenements-ifl\/?lang=en\">Agenda<\/a><\/span><\/p>\n<p><span style=\"color: #ffffff;\"><a style=\"color: #ffffff;\" title=\"l'\u00e9quipe\" href=\"\/lequipe\/?lang=en\">L&#8217;\u00e9quipe<\/a><\/span><\/p>\n<p><span style=\"color: #ffffff;\"><a style=\"color: #ffffff;\" title=\"contact\" href=\"contact\/?lang=en\">Contact<\/a><\/span><\/p>\n<p>[\/et_pb_text][\/et_pb_column][et_pb_column type=&#8221;1_4&#8243; _builder_version=&#8221;3.25&#8243; custom_padding=&#8221;|||&#8221; custom_padding__hover=&#8221;|||&#8221;][et_pb_text admin_label=&#8221;footer module part 3&#8243; _builder_version=&#8221;3.27.4&#8243; text_line_height=&#8221;1.3em&#8221;]<\/p>\n<p><span style=\"font-size: x-large; color: #ffffff;\">IF Num\u00e9rique<\/span><\/p>\n<p><span style=\"color: #ffffff;\"><a style=\"color: #ffffff;\" title=\"IFprofs\" href=\"https:\/\/lu.ifprofs.org\/\">&nbsp;&nbsp;IFprofs<\/a><\/span><\/p>\n<p><span style=\"color: #ffffff;\"><a style=\"color: #ffffff;\" title=\"IFmobile\" href=\"http:\/\/www.institutfrancais.com\/ifmobile-pour-smartphones-et-tablettes\">&nbsp;&nbsp;IFmobile<\/a><\/span><\/p>\n<p><span style=\"color: #ffffff;\"><a style=\"color: #ffffff;\" title=\"IFprog\" href=\"http:\/\/ifprog.institutfrancais.com\" target=\"_blank\" rel=\"noopener noreferrer\">&nbsp;&nbsp;IFprog<\/a><\/span><\/p>\n<p><span style=\"color: #ffffff;\"><a style=\"color: #ffffff;\" title=\"IFmapp\" href=\"http:\/\/ifmapp.institutfrancais.com\">&nbsp; IFmapp<\/a><\/span><\/p>\n<p><span style=\"color: #ffffff;\"><a style=\"color: #ffffff;\" title=\"IFcin\u00e9ma\" href=\"http:\/\/ifcinema.institutfrancais.com\">&nbsp; IFcin\u00e9ma<\/a><\/span><\/p>\n<p><span style=\"color: #ffffff;\"><a style=\"color: #ffffff;\" title=\"Web TV\" href=\"http:\/\/institutfrancais.tv\">&nbsp; Web TV<\/a><\/span><\/p>\n<p><span style=\"color: #ffffff;\"><a style=\"color: #ffffff;\" title=\"Institut fran\u00e7ais\" href=\"http:\/\/www.institutfrancais.com\/fr\">&nbsp; Institut fran\u00e7ais<\/a><\/span><\/p>\n<p>[\/et_pb_text][\/et_pb_column][et_pb_column type=&#8221;1_4&#8243; _builder_version=&#8221;3.25&#8243; custom_padding=&#8221;|||&#8221; custom_padding__hover=&#8221;|||&#8221;][et_pb_text admin_label=&#8221;R\u00e9seaux sociaux footer&#8221; _builder_version=&#8221;3.27.4&#8243;]<\/p>\n<div class=\"et_social_networks et_social_2col et_social_flip et_social_circle et_social_top et_social_mobile_on et_social_outer_dark\">\n\t\t\t\t\t\n\t\t\t\t\t\n\t\t\t\t\t<ul class=\"et_social_icons_container\"><li class=\"et_social_facebook\">\n\t\t\t\t\t\t<a href=\"https:\/\/www.facebook.com\/Institutfrancaisuduluxembourg\/\" class=\"et_social_follow\" data-social_name=\"facebook\" data-social_type=\"follow\" data-post_id=\"0\" target=\"_blank\">\n\t\t\t\t\t\t\t<i class=\"et_social_icon et_social_icon_facebook\"><\/i>\n\t\t\t\t\t\t\t\n\t\t\t\t\t\t\t<span class=\"et_social_overlay\"><\/span>\n\t\t\t\t\t\t<\/a>\n\t\t\t\t\t<\/li><li class=\"et_social_twitter\">\n\t\t\t\t\t\t<a href=\"https:\/\/twitter.com\/ifluxembourg?lang=fr\" class=\"et_social_follow\" data-social_name=\"twitter\" data-social_type=\"follow\" data-post_id=\"0\" target=\"_blank\">\n\t\t\t\t\t\t\t<i class=\"et_social_icon et_social_icon_twitter\"><\/i>\n\t\t\t\t\t\t\t\n\t\t\t\t\t\t\t<span class=\"et_social_overlay\"><\/span>\n\t\t\t\t\t\t<\/a>\n\t\t\t\t\t<\/li><li class=\"et_social_youtube\">\n\t\t\t\t\t\t<a href=\"https:\/\/www.youtube.com\/channel\/UCKkTKRmahrJ-U51ZEnJzkzQ\" class=\"et_social_follow\" data-social_name=\"youtube\" data-social_type=\"follow\" data-post_id=\"0\" target=\"_blank\">\n\t\t\t\t\t\t\t<i class=\"et_social_icon et_social_icon_youtube\"><\/i>\n\t\t\t\t\t\t\t\n\t\t\t\t\t\t\t<span class=\"et_social_overlay\"><\/span>\n\t\t\t\t\t\t<\/a>\n\t\t\t\t\t<\/li><li class=\"et_social_linkedin\">\n\t\t\t\t\t\t<a href=\"https:\/\/www.linkedin.com\/in\/institut-fran\u00e7ais-luxembourg-8b52b299\/\" class=\"et_social_follow\" data-social_name=\"linkedin\" data-social_type=\"follow\" data-post_id=\"0\" target=\"_blank\">\n\t\t\t\t\t\t\t<i class=\"et_social_icon et_social_icon_linkedin\"><\/i>\n\t\t\t\t\t\t\t\n\t\t\t\t\t\t\t<span class=\"et_social_overlay\"><\/span>\n\t\t\t\t\t\t<\/a>\n\t\t\t\t\t<\/li><li class=\"et_social_instagram\">\n\t\t\t\t\t\t<a href=\"https:\/\/www.instagram.com\/ifluxembourg\/\" class=\"et_social_follow\" data-social_name=\"instagram\" data-social_type=\"follow\" data-post_id=\"0\" target=\"_blank\">\n\t\t\t\t\t\t\t<i class=\"et_social_icon et_social_icon_instagram\"><\/i>\n\t\t\t\t\t\t\t\n\t\t\t\t\t\t\t<span class=\"et_social_overlay\"><\/span>\n\t\t\t\t\t\t<\/a>\n\t\t\t\t\t<\/li><\/ul>\n\t\t\t\t<\/div>\n<p>[\/et_pb_text][\/et_pb_column][\/et_pb_row][\/et_pb_section]<\/p>\n","protected":false},"excerpt":{"rendered":"<p>[et_pb_section fb_built=&#8221;1&#8243; _builder_version=&#8221;3.22&#8243;][et_pb_row _builder_version=&#8221;3.25&#8243; background_size=&#8221;initial&#8221; background_position=&#8221;top_left&#8221; background_repeat=&#8221;repeat&#8221;][et_pb_column type=&#8221;4_4&#8243; _builder_version=&#8221;3.25&#8243; custom_padding=&#8221;|||&#8221; custom_padding__hover=&#8221;|||&#8221;][et_pb_text admin_label=&#8221;Titre Fili\u00e8res francophones&#8221; _builder_version=&#8221;3.27.4&#8243;] FILI\u00c8RES FRANCOPHONES [\/et_pb_text][\/et_pb_column][\/et_pb_row][et_pb_row _builder_version=&#8221;3.25&#8243; background_size=&#8221;initial&#8221; background_position=&#8221;top_left&#8221; background_repeat=&#8221;repeat&#8221;][et_pb_column type=&#8221;4_4&#8243; _builder_version=&#8221;3.25&#8243; custom_padding=&#8221;|||&#8221; custom_padding__hover=&#8221;|||&#8221;][et_pb_text admin_label=&#8221;Texte pr\u00e9sentation filli\u00e8re francophone&#8221; _builder_version=&#8221;3.27.4&#8243;] Si\u00e8ge de plusieurs institutions europ\u00e9ennes, le Grand-Duch\u00e9 de Luxembourg \u00a0propose depuis plusieurs ann\u00e9es une offre scolaire diversifi\u00e9e, afin de r\u00e9pondre aux besoins des familles. [&hellip;]<\/p>\n","protected":false},"author":1,"featured_media":0,"parent":28435,"menu_order":0,"comment_status":"closed","ping_status":"closed","template":"","meta":{"_et_pb_use_builder":"on","_et_pb_old_content":"","_et_gb_content_width":"","om_disable_all_campaigns":false,"_monsterinsights_skip_tracking":false,"_monsterinsights_sitenote_active":false,"_monsterinsights_sitenote_note":"","_monsterinsights_sitenote_category":0,"_uf_show_specific_survey":0,"_uf_disable_surveys":false,"footnotes":""},"aioseo_notices":[],"yoast_head":"<!-- This site is optimized with the Yoast SEO plugin v16.6 - https:\/\/yoast.com\/wordpress\/plugins\/seo\/ -->\n<title>Fili\u00e8res francophones | Institut fran\u00e7ais du Luxembourg<\/title>\n<meta name=\"description\" content=\"Le Luxembourg offre la possibilit\u00e9 de scolariser son enfant au sein de plusieurs fili\u00e8res francophones proposant le baccalaur\u00e9at europ\u00e9en ou international.\" \/>\n<meta name=\"robots\" content=\"index, follow, max-snippet:-1, max-image-preview:large, max-video-preview:-1\" \/>\n<link rel=\"canonical\" href=\"https:\/\/www.backup.institut-francais-luxembourg.lu\/en\/education\/filieres-francophones\/\" \/>\n<meta property=\"og:locale\" content=\"en_US\" \/>\n<meta property=\"og:type\" content=\"article\" \/>\n<meta property=\"og:title\" content=\"Fili\u00e8res francophones | Institut fran\u00e7ais du Luxembourg\" \/>\n<meta property=\"og:description\" content=\"Le Luxembourg offre la possibilit\u00e9 de scolariser son enfant au sein de plusieurs fili\u00e8res francophones proposant le baccalaur\u00e9at europ\u00e9en ou international.\" \/>\n<meta property=\"og:url\" content=\"https:\/\/www.backup.institut-francais-luxembourg.lu\/en\/education\/filieres-francophones\/\" \/>\n<meta property=\"og:site_name\" content=\"Institut Fran\u00e7ais Du Luxembourg\" \/>\n<meta property=\"article:publisher\" content=\"https:\/\/www.facebook.com\/Institutfrancaisuduluxembourg\/\" \/>\n<meta property=\"article:modified_time\" content=\"2022-07-20T13:07:17+00:00\" \/>\n<meta name=\"twitter:card\" content=\"summary_large_image\" \/>\n<meta name=\"twitter:site\" content=\"@ifluxembourg\" \/>\n<meta name=\"twitter:label1\" content=\"Est. reading time\" \/>\n\t<meta name=\"twitter:data1\" content=\"4 minutes\" \/>\n<script type=\"application\/ld+json\" class=\"yoast-schema-graph\">{\"@context\":\"https:\/\/schema.org\",\"@graph\":[{\"@type\":\"WebSite\",\"@id\":\"https:\/\/www.backup.institut-francais-luxembourg.lu\/en\/#website\",\"url\":\"https:\/\/www.backup.institut-francais-luxembourg.lu\/en\/\",\"name\":\"Institut Fran\\u00e7ais Du Luxembourg\",\"description\":\"relais de la culture fran\\u00e7aise au Luxembourg\",\"potentialAction\":[{\"@type\":\"SearchAction\",\"target\":{\"@type\":\"EntryPoint\",\"urlTemplate\":\"https:\/\/www.backup.institut-francais-luxembourg.lu\/en\/?s={search_term_string}\"},\"query-input\":\"required name=search_term_string\"}],\"inLanguage\":\"en-US\"},{\"@type\":\"WebPage\",\"@id\":\"https:\/\/www.backup.institut-francais-luxembourg.lu\/en\/education\/filieres-francophones\/#webpage\",\"url\":\"https:\/\/www.backup.institut-francais-luxembourg.lu\/en\/education\/filieres-francophones\/\",\"name\":\"Fili\\u00e8res francophones | Institut fran\\u00e7ais du Luxembourg\",\"isPartOf\":{\"@id\":\"https:\/\/www.backup.institut-francais-luxembourg.lu\/en\/#website\"},\"datePublished\":\"2018-05-16T08:29:24+00:00\",\"dateModified\":\"2022-07-20T13:07:17+00:00\",\"description\":\"Le Luxembourg offre la possibilit\\u00e9 de scolariser son enfant au sein de plusieurs fili\\u00e8res francophones proposant le baccalaur\\u00e9at europ\\u00e9en ou international.\",\"breadcrumb\":{\"@id\":\"https:\/\/www.backup.institut-francais-luxembourg.lu\/en\/education\/filieres-francophones\/#breadcrumb\"},\"inLanguage\":\"en-US\",\"potentialAction\":[{\"@type\":\"ReadAction\",\"target\":[\"https:\/\/www.backup.institut-francais-luxembourg.lu\/en\/education\/filieres-francophones\/\"]}]},{\"@type\":\"BreadcrumbList\",\"@id\":\"https:\/\/www.backup.institut-francais-luxembourg.lu\/en\/education\/filieres-francophones\/#breadcrumb\",\"itemListElement\":[{\"@type\":\"ListItem\",\"position\":1,\"name\":\"\",\"item\":\"https:\/\/www.backup.institut-francais-luxembourg.lu\/en\/\"},{\"@type\":\"ListItem\",\"position\":2,\"name\":\"\\u00c9ducation\",\"item\":\"https:\/\/www.backup.institut-francais-luxembourg.lu\/en\/education\/\"},{\"@type\":\"ListItem\",\"position\":3,\"name\":\"Fili\\u00e8res francophones\"}]}]}<\/script>\n<!-- \/ Yoast SEO plugin. -->","_links":{"self":[{"href":"https:\/\/www.backup.institut-francais-luxembourg.lu\/en\/wp-json\/wp\/v2\/pages\/27588"}],"collection":[{"href":"https:\/\/www.backup.institut-francais-luxembourg.lu\/en\/wp-json\/wp\/v2\/pages"}],"about":[{"href":"https:\/\/www.backup.institut-francais-luxembourg.lu\/en\/wp-json\/wp\/v2\/types\/page"}],"author":[{"embeddable":true,"href":"https:\/\/www.backup.institut-francais-luxembourg.lu\/en\/wp-json\/wp\/v2\/users\/1"}],"replies":[{"embeddable":true,"href":"https:\/\/www.backup.institut-francais-luxembourg.lu\/en\/wp-json\/wp\/v2\/comments?post=27588"}],"version-history":[{"count":2,"href":"https:\/\/www.backup.institut-francais-luxembourg.lu\/en\/wp-json\/wp\/v2\/pages\/27588\/revisions"}],"predecessor-version":[{"id":37220,"href":"https:\/\/www.backup.institut-francais-luxembourg.lu\/en\/wp-json\/wp\/v2\/pages\/27588\/revisions\/37220"}],"up":[{"embeddable":true,"href":"https:\/\/www.backup.institut-francais-luxembourg.lu\/en\/wp-json\/wp\/v2\/pages\/28435"}],"wp:attachment":[{"href":"https:\/\/www.backup.institut-francais-luxembourg.lu\/en\/wp-json\/wp\/v2\/media?parent=27588"}],"curies":[{"name":"wp","href":"https:\/\/api.w.org\/{rel}","templated":true}]}}