{"id":26715,"date":"2018-04-16T12:41:32","date_gmt":"2018-04-16T12:41:32","guid":{"rendered":"http:\/\/www.ifluxembourg.lu\/etudier-en-france\/"},"modified":"2023-03-23T12:52:58","modified_gmt":"2023-03-23T10:52:58","slug":"etudier-en-france","status":"publish","type":"page","link":"https:\/\/www.backup.institut-francais-luxembourg.lu\/en\/universite\/etudier-en-france\/","title":{"rendered":"\u00c9tudier en France"},"content":{"rendered":"<p>[et_pb_section fb_built=&#8221;1&#8243; _builder_version=&#8221;3.22&#8243;][et_pb_row _builder_version=&#8221;3.25&#8243; background_size=&#8221;initial&#8221; background_position=&#8221;top_left&#8221; background_repeat=&#8221;repeat&#8221;][et_pb_column type=&#8221;4_4&#8243; _builder_version=&#8221;3.25&#8243; custom_padding=&#8221;|||&#8221; custom_padding__hover=&#8221;|||&#8221;][et_pb_text admin_label=&#8221;Titre etudier en France&#8221; _builder_version=&#8221;3.27.4&#8243;]<\/p>\n<h1>\u00c9TUDIER EN FRANCE<\/h1>\n<p>[\/et_pb_text][et_pb_text admin_label=&#8221;Pr\u00e9sentation \u00e9tudier en France&#8221; _builder_version=&#8221;3.27.4&#8243; text_orientation=&#8221;justified&#8221;]En 2017, pr\u00e8s de 2300 r\u00e9sidents luxembourgeois \u00e9taient inscrits dans un \u00e9tablissement d\u2019enseignement sup\u00e9rieur fran\u00e7ais. L&#8217;Institut fran\u00e7ais du Luxembourg\u00a0 accompagne les futurs bacheliers et \u00e9tudiants\u00a0 dans leur projet d&#8217;\u00e9tudes en France. Il organise des pr\u00e9sentations de l&#8217;enseignement sup\u00e9rieur fran\u00e7ais : salon &#8220;\u00c9tudes et Carri\u00e8res&#8221;, Pavillon France de la Foire de l&#8217;\u00e9tudiant, s\u00e9ances d&#8217;information sur la plateforme d&#8217;admission <a href=\"https:\/\/www.parcoursup.fr\/\" target=\"_blank\" rel=\"noopener\">Parcoursup<\/a> et sur les domaines de formation.<\/p>\n<p>Ces actions ont pour objectif de montrer l&#8217;apport des cursus des \u00e9coles et universit\u00e9s fran\u00e7aises. Elles favorisent l\u2019orientation active des jeunes Luxembourgeois qui peuvent s&#8217;informer sur les possibilit\u00e9s de formation dans les fili\u00e8res qui les int\u00e9ressent ou qui int\u00e9ressent le march\u00e9 de l&#8217;emploi au Luxembourg.<br \/>\n[\/et_pb_text][\/et_pb_column][\/et_pb_row][et_pb_row column_structure=&#8221;1_4,1_4,1_4,1_4&#8243; use_custom_gutter=&#8221;on&#8221; gutter_width=&#8221;2&#8243; make_equal=&#8221;on&#8221; admin_label=&#8221;pr\u00e9sentation des cours&#8221; _builder_version=&#8221;3.25&#8243; background_size=&#8221;initial&#8221; background_position=&#8221;top_left&#8221; background_repeat=&#8221;repeat&#8221; width=&#8221;58%&#8221; max_width=&#8221;58%&#8221; module_alignment=&#8221;center&#8221; use_custom_width=&#8221;on&#8221; width_unit=&#8221;off&#8221; custom_width_percent=&#8221;58%&#8221;][et_pb_column type=&#8221;1_4&#8243; _builder_version=&#8221;3.25&#8243; custom_padding=&#8221;|||&#8221; custom_padding__hover=&#8221;|||&#8221;][et_pb_image src=&#8221;https:\/\/www.backup.institut-francais-luxembourg.lu\/wp-content\/uploads\/2023\/03\/interface-icones-enseignement-distance-e-learning.jpg&#8221; alt=&#8221;\u00c9tudier en France &#8211; s&#8217;incrire&#8221; title_text=&#8221;E-learing distance education icons interface&#8221; url=&#8221;\/sinscrire&#8221; use_overlay=&#8221;on&#8221; hover_icon=&#8221;%%20%%&#8221; align_tablet=&#8221;center&#8221; align_phone=&#8221;&#8221; align_last_edited=&#8221;on|desktop&#8221; admin_label=&#8221;image s incrire&#8221; _builder_version=&#8221;4.9.9&#8243; hover_enabled=&#8221;0&#8243; box_shadow_style=&#8221;preset1&#8243; box_shadow_vertical=&#8221;1px&#8221; sticky_enabled=&#8221;0&#8243;]&nbsp;<br \/>\n[\/et_pb_image][et_pb_text admin_label=&#8221;Lien s&#8217;incrire&#8221; _builder_version=&#8221;3.27.4&#8243;]<\/p>\n<h2 style=\"text-align: center;\"><a href=\"\/inscriptions-etudes-france\">S&#8217;inscrire<\/a><\/h2>\n<p>[\/et_pb_text][\/et_pb_column][et_pb_column type=&#8221;1_4&#8243; _builder_version=&#8221;3.25&#8243; custom_padding=&#8221;|||&#8221; custom_padding__hover=&#8221;|||&#8221;][et_pb_image src=&#8221;https:\/\/www.backup.institut-francais-luxembourg.lu\/wp-content\/uploads\/2023\/03\/tirelire-diplome-etudiant-collegial.jpg&#8221; alt=&#8221;\u00c9tudier en France &#8211; financer ses \u00e9tudes&#8221; title_text=&#8221;College graduate student diploma piggy bank&#8221; url=&#8221;\/financer-ses-etudes&#8221; use_overlay=&#8221;on&#8221; hover_icon=&#8221;%%20%%&#8221; align_tablet=&#8221;center&#8221; align_phone=&#8221;&#8221; align_last_edited=&#8221;on|desktop&#8221; admin_label=&#8221;image financer&#8221; _builder_version=&#8221;4.9.9&#8243; box_shadow_style=&#8221;preset1&#8243; box_shadow_vertical=&#8221;1px&#8221;]&nbsp;<br \/>\n[\/et_pb_image][et_pb_text admin_label=&#8221;Lien financer ses etudes&#8221; _builder_version=&#8221;3.27.4&#8243;]<\/p>\n<h2 style=\"text-align: center;\"><a href=\"https:\/\/www.backup.institut-francais-luxembourg.lu\/en\/universite\/etudier-en-france\/financer-ses-etudes\/\">Financer ses \u00e9tudes<\/a><\/h2>\n<p>[\/et_pb_text][\/et_pb_column][et_pb_column type=&#8221;1_4&#8243; _builder_version=&#8221;3.25&#8243; custom_padding=&#8221;|||&#8221; custom_padding__hover=&#8221;|||&#8221;][et_pb_image src=&#8221;https:\/\/www.backup.institut-francais-luxembourg.lu\/wp-content\/uploads\/2023\/03\/mec-satisfait-pose-dans-salle-vide-canape.jpg&#8221; alt=&#8221;\u00c9tudier en France &#8211; se loger&#8221; title_text=&#8221;Satisfied guy poses in empty room on sofa, holds houseplant wrapped in polythene, being happy home owner, busy on moving day with unpacking, rents flat, poses against blue wall. Ownership concept&#8221; url=&#8221;\/se-loger-en-france&#8221; use_overlay=&#8221;on&#8221; hover_icon=&#8221;%%20%%&#8221; align_tablet=&#8221;center&#8221; align_phone=&#8221;&#8221; align_last_edited=&#8221;on|desktop&#8221; admin_label=&#8221;image se loger&#8221; _builder_version=&#8221;4.9.9&#8243; box_shadow_style=&#8221;preset1&#8243; box_shadow_vertical=&#8221;1px&#8221;]&nbsp;<br \/>\n[\/et_pb_image][et_pb_text admin_label=&#8221;Lien se loger&#8221; _builder_version=&#8221;3.27.4&#8243;]<\/p>\n<h2 style=\"text-align: center;\"><a href=\"https:\/\/www.backup.institut-francais-luxembourg.lu\/en\/universite\/etudier-en-france\/se-loger-en-france\/\">Se loger<\/a><\/h2>\n<p>[\/et_pb_text][\/et_pb_column][et_pb_column type=&#8221;1_4&#8243; _builder_version=&#8221;3.25&#8243; custom_padding=&#8221;|||&#8221; custom_padding__hover=&#8221;|||&#8221;][et_pb_image src=&#8221;https:\/\/www.backup.institut-francais-luxembourg.lu\/wp-content\/uploads\/2023\/03\/parasols-tables-au-cafe-vieille-rue.jpg&#8221; alt=&#8221;\u00c9tudier en France &#8211; vie pratique&#8221; title_text=&#8221;Umbrellas over the tables in cafe on an old street&#8221; url=&#8221;\/vie-pratique&#8221; use_overlay=&#8221;on&#8221; hover_icon=&#8221;%%20%%&#8221; align_tablet=&#8221;center&#8221; align_phone=&#8221;&#8221; align_last_edited=&#8221;on|desktop&#8221; admin_label=&#8221;image vie pratique&#8221; _builder_version=&#8221;4.9.9&#8243; box_shadow_style=&#8221;preset1&#8243; box_shadow_vertical=&#8221;1px&#8221;]&nbsp;<br \/>\n[\/et_pb_image][et_pb_text admin_label=&#8221;Lien vie pratique&#8221; _builder_version=&#8221;3.27.4&#8243;]<\/p>\n<h2 style=\"text-align: center;\"><a href=\"https:\/\/www.backup.institut-francais-luxembourg.lu\/en\/universite\/etudier-en-france\/vie-pratique\/\">Vie pratique<\/a><\/h2>\n<p>[\/et_pb_text][\/et_pb_column][\/et_pb_row][et_pb_row _builder_version=&#8221;3.25&#8243; background_size=&#8221;initial&#8221; background_position=&#8221;top_left&#8221; background_repeat=&#8221;repeat&#8221;][et_pb_column type=&#8221;4_4&#8243; _builder_version=&#8221;3.25&#8243; custom_padding=&#8221;|||&#8221; custom_padding__hover=&#8221;|||&#8221;][et_pb_text admin_label=&#8221;Contenu&#8221; _builder_version=&#8221;3.27.4&#8243; text_orientation=&#8221;justified&#8221;]<\/p>\n<p>Vous envisagez d\u2019aller \u00e9tudier en France et vous vous posez des questions ? Alors la brochure Campus France est faite pour vous !<br \/>A l\u2019int\u00e9rieur, de nombreuses informations concernant les \u00e9tudes, le logement, la vie \u00e9tudiante pour faciliter vos recherches et r\u00e9pondre \u00e0 toutes vos questions !<\/p>\n<p>Pour plus de renseignements, n&#8217;h\u00e9sitez pas \u00e0 nous \u00e9crire \u00e0 : <a href=\"mailto:etudes@ifluxembourg.lu\">etudes@ifluxembourg.lu<\/a><\/p>\n<p>&nbsp;<\/p>\n<p>&nbsp;<\/p>\n<p>[\/et_pb_text][et_pb_text admin_label=&#8221;pdf choisir la france&#8221; _builder_version=&#8221;3.27.4&#8243;] <a class=\"fullscreen-mode\" href=\"https:\/\/www.backup.institut-francais-luxembourg.lu\/themencode-pdf-viewer-sc\/?tnc_pvfw=ZmlsZT1odHRwczovL3d3dy5iYWNrdXAuaW5zdGl0dXQtZnJhbmNhaXMtbHV4ZW1ib3VyZy5sdS93cC1jb250ZW50L3VwbG9hZHMvMjAxOC8wNC9jaG9pc2lyX2xhX2ZyYW5jZV9mci5wZGYmc2V0dGluZ3M9MTExMTEwMDExMTAwMDEmbGFuZz1mcg==#page=&zoom=auto&pagemode=\" target=\"_blank\">Fullscreen Mode<\/a><br><iframe loading=\"lazy\" width=\"100%\" height=\"800\" src=\"https:\/\/www.backup.institut-francais-luxembourg.lu\/themencode-pdf-viewer-sc\/?tnc_pvfw=ZmlsZT1odHRwczovL3d3dy5iYWNrdXAuaW5zdGl0dXQtZnJhbmNhaXMtbHV4ZW1ib3VyZy5sdS93cC1jb250ZW50L3VwbG9hZHMvMjAxOC8wNC9jaG9pc2lyX2xhX2ZyYW5jZV9mci5wZGYmc2V0dGluZ3M9MTExMTEwMDExMTAwMDEmbGFuZz1mcg==#page=&zoom=auto&pagemode=\"><\/iframe> [\/et_pb_text][\/et_pb_column][\/et_pb_row][et_pb_row _builder_version=&#8221;3.25&#8243; background_size=&#8221;initial&#8221; background_position=&#8221;top_left&#8221; background_repeat=&#8221;repeat&#8221;][et_pb_column type=&#8221;4_4&#8243; _builder_version=&#8221;3.25&#8243; custom_padding=&#8221;|||&#8221; custom_padding__hover=&#8221;|||&#8221;][et_pb_text admin_label=&#8221;Texte proposition t\u00e9l\u00e9chargement pdf adresses logements&#8221; _builder_version=&#8221;3.27.4&#8243;]<\/p>\n<p style=\"text-align: justify;\">Et si vous voulez plus d\u2019informations sur les logements, consultez le document suivant : <a href=\"https:\/\/www.backup.institut-francais-luxembourg.lu\/wp-content\/uploads\/2018\/04\/adresses_logement_fr.pdf\" target=\"_blank\" rel=\"noopener\">adresses_logement_fr<\/a> et lisez notre article d\u00e9di\u00e9 en cliquant sur le bouton ci-dessous :<\/p>\n<p>[\/et_pb_text][et_pb_button button_url=&#8221;\/2018\/04\/16\/etudiants-se-loger-en-france&#8221; button_text=&#8221;voir l&#8217;article&#8221; button_alignment=&#8221;center&#8221; admin_label=&#8221;Bouton Consulter notre article &#8221; _builder_version=&#8221;3.16&#8243; button_text_size__hover_enabled=&#8221;off&#8221; button_one_text_size__hover_enabled=&#8221;off&#8221; button_two_text_size__hover_enabled=&#8221;off&#8221; button_text_color__hover_enabled=&#8221;off&#8221; button_one_text_color__hover_enabled=&#8221;off&#8221; button_two_text_color__hover_enabled=&#8221;off&#8221; button_border_width__hover_enabled=&#8221;off&#8221; button_one_border_width__hover_enabled=&#8221;off&#8221; button_two_border_width__hover_enabled=&#8221;off&#8221; button_border_color__hover_enabled=&#8221;off&#8221; button_one_border_color__hover_enabled=&#8221;off&#8221; button_two_border_color__hover_enabled=&#8221;off&#8221; button_border_radius__hover_enabled=&#8221;off&#8221; button_one_border_radius__hover_enabled=&#8221;off&#8221; button_two_border_radius__hover_enabled=&#8221;off&#8221; button_letter_spacing__hover_enabled=&#8221;off&#8221; button_one_letter_spacing__hover_enabled=&#8221;off&#8221; button_two_letter_spacing__hover_enabled=&#8221;off&#8221; button_bg_color__hover_enabled=&#8221;off&#8221; button_one_bg_color__hover_enabled=&#8221;off&#8221; button_two_bg_color__hover_enabled=&#8221;off&#8221;]&nbsp;<br \/>\n[\/et_pb_button][\/et_pb_column][\/et_pb_row][\/et_pb_section][et_pb_section fb_built=&#8221;1&#8243; admin_label=&#8221;footer&#8221; _builder_version=&#8221;3.0.106&#8243; background_color=&#8221;#008ac9&#8243; custom_padding=&#8221;0|0px|12px|0px&#8221; global_module=&#8221;26070&#8243;][et_pb_row column_structure=&#8221;1_4,1_4,1_4,1_4&#8243; admin_label=&#8221;footer row&#8221; _builder_version=&#8221;3.25&#8243; custom_padding=&#8221;27px|0px|0|0px&#8221;][et_pb_column type=&#8221;1_4&#8243; _builder_version=&#8221;3.25&#8243; custom_padding=&#8221;|||&#8221; custom_padding__hover=&#8221;|||&#8221;][et_pb_text admin_label=&#8221;footer module part 1&#8243; _builder_version=&#8221;4.9.9&#8243;]<\/p>\n<p><span style=\"font-size: x-large;\"><span style=\"color: #ffffff;\">Contact<\/span><\/span><br \/><span style=\"color: #ffffff; font-size: 14px;\"><strong>Institut fran\u00e7ais du Luxembourg<\/strong><\/span><br \/><span style=\"color: #ffffff;\">BP236<br class=\"manualbr\" \/>L &#8211; 2012 LUXEMBOURG<br \/><br class=\"manualbr\" \/>T\u00e9l.\u00a0: (00352) _46 21 66<br class=\"manualbr\" \/><br class=\"manualbr\" \/>Email\u00a0: <a style=\"color: #ffffff;\" href=\"mailto:contact@ifluxembourg.lu\">contact@ifluxembourg.lu<\/a><br \/><\/span><\/p>\n<p>[\/et_pb_text][\/et_pb_column][et_pb_column type=&#8221;1_4&#8243; _builder_version=&#8221;3.25&#8243; custom_padding=&#8221;|||&#8221; custom_padding__hover=&#8221;|||&#8221;][et_pb_text admin_label=&#8221;footer module part 2&#8243; _builder_version=&#8221;3.27.4&#8243; text_line_height=&#8221;1.3em&#8221;]<\/p>\n<p><span style=\"font-size: x-large; color: #ffffff;\">Acc\u00e8s rapide<\/span><\/p>\n<p><span style=\"color: #ffffff;\"><a style=\"color: #ffffff;\" title=\"cours\" href=\"https:\/\/www.backup.institut-francais-luxembourg.lu\/en\/french-courses\/?lang=en\">Cours<\/a><\/span><\/p>\n<p><span style=\"color: #ffffff;\"><a style=\"color: #ffffff;\" title=\"culture\" href=\"https:\/\/www.backup.institut-francais-luxembourg.lu\/en\/culture\/?lang=en\">Culture<\/a><\/span><\/p>\n<p><span style=\"color: #ffffff;\"><a style=\"color: #ffffff;\" title=\"education\" href=\"https:\/\/www.backup.institut-francais-luxembourg.lu\/en\/education\/?lang=en\">Education<\/a><\/span><\/p>\n<p><span style=\"color: #ffffff;\"><a style=\"color: #ffffff;\" title=\"universit\u00e9\" href=\"https:\/\/www.backup.institut-francais-luxembourg.lu\/en\/universite\/?lang=en\">Universit\u00e9<\/a><\/span><\/p>\n<p><span style=\"color: #ffffff;\"><a style=\"color: #ffffff;\" title=\"agenda\" href=\"agenda-evenements-ifl\/?lang=en\">Agenda<\/a><\/span><\/p>\n<p><span style=\"color: #ffffff;\"><a style=\"color: #ffffff;\" title=\"l'\u00e9quipe\" href=\"https:\/\/www.backup.institut-francais-luxembourg.lu\/en\/lequipe\/?lang=en\">L&#8217;\u00e9quipe<\/a><\/span><\/p>\n<p><span style=\"color: #ffffff;\"><a style=\"color: #ffffff;\" title=\"contact\" href=\"contact\/?lang=en\">Contact<\/a><\/span><\/p>\n<p>[\/et_pb_text][\/et_pb_column][et_pb_column type=&#8221;1_4&#8243; _builder_version=&#8221;3.25&#8243; custom_padding=&#8221;|||&#8221; custom_padding__hover=&#8221;|||&#8221;][et_pb_text admin_label=&#8221;footer module part 3&#8243; _builder_version=&#8221;3.27.4&#8243; text_line_height=&#8221;1.3em&#8221;]<\/p>\n<p><span style=\"font-size: x-large; color: #ffffff;\">IF Num\u00e9rique<\/span><\/p>\n<p><span style=\"color: #ffffff;\"><a style=\"color: #ffffff;\" title=\"IFprofs\" href=\"https:\/\/lu.ifprofs.org\/\">&nbsp;&nbsp;IFprofs<\/a><\/span><\/p>\n<p><span style=\"color: #ffffff;\"><a style=\"color: #ffffff;\" title=\"IFmobile\" href=\"http:\/\/www.institutfrancais.com\/ifmobile-pour-smartphones-et-tablettes\">&nbsp;&nbsp;IFmobile<\/a><\/span><\/p>\n<p><span style=\"color: #ffffff;\"><a style=\"color: #ffffff;\" title=\"IFprog\" href=\"http:\/\/ifprog.institutfrancais.com\" target=\"_blank\" rel=\"noopener noreferrer\">&nbsp;&nbsp;IFprog<\/a><\/span><\/p>\n<p><span style=\"color: #ffffff;\"><a style=\"color: #ffffff;\" title=\"IFmapp\" href=\"http:\/\/ifmapp.institutfrancais.com\">&nbsp; IFmapp<\/a><\/span><\/p>\n<p><span style=\"color: #ffffff;\"><a style=\"color: #ffffff;\" title=\"IFcin\u00e9ma\" href=\"http:\/\/ifcinema.institutfrancais.com\">&nbsp; IFcin\u00e9ma<\/a><\/span><\/p>\n<p><span style=\"color: #ffffff;\"><a style=\"color: #ffffff;\" title=\"Web TV\" href=\"http:\/\/institutfrancais.tv\">&nbsp; Web TV<\/a><\/span><\/p>\n<p><span style=\"color: #ffffff;\"><a style=\"color: #ffffff;\" title=\"Institut fran\u00e7ais\" href=\"http:\/\/www.institutfrancais.com\/fr\">&nbsp; Institut fran\u00e7ais<\/a><\/span><\/p>\n<p>[\/et_pb_text][\/et_pb_column][et_pb_column type=&#8221;1_4&#8243; _builder_version=&#8221;3.25&#8243; custom_padding=&#8221;|||&#8221; custom_padding__hover=&#8221;|||&#8221;][et_pb_text admin_label=&#8221;R\u00e9seaux sociaux footer&#8221; _builder_version=&#8221;3.27.4&#8243;]<\/p>\n<div class=\"et_social_networks et_social_2col et_social_flip et_social_circle et_social_top et_social_mobile_on et_social_outer_dark\">\n\t\t\t\t\t\n\t\t\t\t\t\n\t\t\t\t\t<ul class=\"et_social_icons_container\"><li class=\"et_social_facebook\">\n\t\t\t\t\t\t<a href=\"https:\/\/www.facebook.com\/Institutfrancaisuduluxembourg\/\" class=\"et_social_follow\" data-social_name=\"facebook\" data-social_type=\"follow\" data-post_id=\"0\" target=\"_blank\">\n\t\t\t\t\t\t\t<i class=\"et_social_icon et_social_icon_facebook\"><\/i>\n\t\t\t\t\t\t\t\n\t\t\t\t\t\t\t<span class=\"et_social_overlay\"><\/span>\n\t\t\t\t\t\t<\/a>\n\t\t\t\t\t<\/li><li class=\"et_social_twitter\">\n\t\t\t\t\t\t<a href=\"https:\/\/twitter.com\/ifluxembourg?lang=fr\" class=\"et_social_follow\" data-social_name=\"twitter\" data-social_type=\"follow\" data-post_id=\"0\" target=\"_blank\">\n\t\t\t\t\t\t\t<i class=\"et_social_icon et_social_icon_twitter\"><\/i>\n\t\t\t\t\t\t\t\n\t\t\t\t\t\t\t<span class=\"et_social_overlay\"><\/span>\n\t\t\t\t\t\t<\/a>\n\t\t\t\t\t<\/li><li class=\"et_social_youtube\">\n\t\t\t\t\t\t<a href=\"https:\/\/www.youtube.com\/channel\/UCKkTKRmahrJ-U51ZEnJzkzQ\" class=\"et_social_follow\" data-social_name=\"youtube\" data-social_type=\"follow\" data-post_id=\"0\" target=\"_blank\">\n\t\t\t\t\t\t\t<i class=\"et_social_icon et_social_icon_youtube\"><\/i>\n\t\t\t\t\t\t\t\n\t\t\t\t\t\t\t<span class=\"et_social_overlay\"><\/span>\n\t\t\t\t\t\t<\/a>\n\t\t\t\t\t<\/li><li class=\"et_social_linkedin\">\n\t\t\t\t\t\t<a href=\"https:\/\/www.linkedin.com\/in\/institut-fran\u00e7ais-luxembourg-8b52b299\/\" class=\"et_social_follow\" data-social_name=\"linkedin\" data-social_type=\"follow\" data-post_id=\"0\" target=\"_blank\">\n\t\t\t\t\t\t\t<i class=\"et_social_icon et_social_icon_linkedin\"><\/i>\n\t\t\t\t\t\t\t\n\t\t\t\t\t\t\t<span class=\"et_social_overlay\"><\/span>\n\t\t\t\t\t\t<\/a>\n\t\t\t\t\t<\/li><li class=\"et_social_instagram\">\n\t\t\t\t\t\t<a href=\"https:\/\/www.instagram.com\/ifluxembourg\/\" class=\"et_social_follow\" data-social_name=\"instagram\" data-social_type=\"follow\" data-post_id=\"0\" target=\"_blank\">\n\t\t\t\t\t\t\t<i class=\"et_social_icon et_social_icon_instagram\"><\/i>\n\t\t\t\t\t\t\t\n\t\t\t\t\t\t\t<span class=\"et_social_overlay\"><\/span>\n\t\t\t\t\t\t<\/a>\n\t\t\t\t\t<\/li><\/ul>\n\t\t\t\t<\/div>\n<p>[\/et_pb_text][\/et_pb_column][\/et_pb_row][\/et_pb_section]<\/p>\n","protected":false},"excerpt":{"rendered":"<p>[et_pb_section fb_built=&#8221;1&#8243; _builder_version=&#8221;3.22&#8243;][et_pb_row _builder_version=&#8221;3.25&#8243; background_size=&#8221;initial&#8221; background_position=&#8221;top_left&#8221; background_repeat=&#8221;repeat&#8221;][et_pb_column type=&#8221;4_4&#8243; _builder_version=&#8221;3.25&#8243; custom_padding=&#8221;|||&#8221; custom_padding__hover=&#8221;|||&#8221;][et_pb_text admin_label=&#8221;Titre etudier en France&#8221; _builder_version=&#8221;3.27.4&#8243;] \u00c9TUDIER EN FRANCE [\/et_pb_text][et_pb_text admin_label=&#8221;Pr\u00e9sentation \u00e9tudier en France&#8221; _builder_version=&#8221;3.27.4&#8243; text_orientation=&#8221;justified&#8221;]En 2017, pr\u00e8s de 2300 r\u00e9sidents luxembourgeois \u00e9taient inscrits dans un \u00e9tablissement d\u2019enseignement sup\u00e9rieur fran\u00e7ais. L&#8217;Institut fran\u00e7ais du Luxembourg\u00a0 accompagne les futurs bacheliers et \u00e9tudiants\u00a0 dans leur projet d&#8217;\u00e9tudes en [&hellip;]<\/p>\n","protected":false},"author":1,"featured_media":0,"parent":28524,"menu_order":0,"comment_status":"closed","ping_status":"closed","template":"","meta":{"_et_pb_use_builder":"on","_et_pb_old_content":"","_et_gb_content_width":"","om_disable_all_campaigns":false,"_monsterinsights_skip_tracking":false,"_monsterinsights_sitenote_active":false,"_monsterinsights_sitenote_note":"","_monsterinsights_sitenote_category":0,"_uf_show_specific_survey":0,"_uf_disable_surveys":false,"footnotes":""},"aioseo_notices":[],"yoast_head":"<!-- This site is optimized with the Yoast SEO plugin v16.6 - https:\/\/yoast.com\/wordpress\/plugins\/seo\/ -->\n<title>\u00c9tudier en France | Institut fran\u00e7ais du Luxembourg<\/title>\n<meta name=\"description\" content=\"Vous envisagez d\u2019\u00e9tudier en France,vous vous posez des questions ? Retrouvez la brochure Campus France ainsi que notre FAQ avec de nombreuses informations.\" \/>\n<meta name=\"robots\" content=\"index, follow, max-snippet:-1, max-image-preview:large, max-video-preview:-1\" \/>\n<link rel=\"canonical\" href=\"https:\/\/www.backup.institut-francais-luxembourg.lu\/en\/universite\/etudier-en-france\/\" \/>\n<meta property=\"og:locale\" content=\"en_US\" \/>\n<meta property=\"og:type\" content=\"article\" \/>\n<meta property=\"og:title\" content=\"\u00c9tudier en France | Institut fran\u00e7ais du Luxembourg\" \/>\n<meta property=\"og:description\" content=\"Vous envisagez d\u2019\u00e9tudier en France,vous vous posez des questions ? Retrouvez la brochure Campus France ainsi que notre FAQ avec de nombreuses informations.\" \/>\n<meta property=\"og:url\" content=\"https:\/\/www.backup.institut-francais-luxembourg.lu\/en\/universite\/etudier-en-france\/\" \/>\n<meta property=\"og:site_name\" content=\"Institut Fran\u00e7ais Du Luxembourg\" \/>\n<meta property=\"article:publisher\" content=\"https:\/\/www.facebook.com\/Institutfrancaisuduluxembourg\/\" \/>\n<meta property=\"article:modified_time\" content=\"2023-03-23T10:52:58+00:00\" \/>\n<meta name=\"twitter:card\" content=\"summary_large_image\" \/>\n<meta name=\"twitter:site\" content=\"@ifluxembourg\" \/>\n<meta name=\"twitter:label1\" content=\"Est. reading time\" \/>\n\t<meta name=\"twitter:data1\" content=\"6 minutes\" \/>\n<script type=\"application\/ld+json\" class=\"yoast-schema-graph\">{\"@context\":\"https:\/\/schema.org\",\"@graph\":[{\"@type\":\"WebSite\",\"@id\":\"https:\/\/www.backup.institut-francais-luxembourg.lu\/en\/#website\",\"url\":\"https:\/\/www.backup.institut-francais-luxembourg.lu\/en\/\",\"name\":\"Institut Fran\\u00e7ais Du Luxembourg\",\"description\":\"relais de la culture fran\\u00e7aise au Luxembourg\",\"potentialAction\":[{\"@type\":\"SearchAction\",\"target\":{\"@type\":\"EntryPoint\",\"urlTemplate\":\"https:\/\/www.backup.institut-francais-luxembourg.lu\/en\/?s={search_term_string}\"},\"query-input\":\"required name=search_term_string\"}],\"inLanguage\":\"en-US\"},{\"@type\":\"WebPage\",\"@id\":\"https:\/\/www.backup.institut-francais-luxembourg.lu\/en\/universite\/etudier-en-france\/#webpage\",\"url\":\"https:\/\/www.backup.institut-francais-luxembourg.lu\/en\/universite\/etudier-en-france\/\",\"name\":\"\\u00c9tudier en France | Institut fran\\u00e7ais du Luxembourg\",\"isPartOf\":{\"@id\":\"https:\/\/www.backup.institut-francais-luxembourg.lu\/en\/#website\"},\"datePublished\":\"2018-04-16T12:41:32+00:00\",\"dateModified\":\"2023-03-23T10:52:58+00:00\",\"description\":\"Vous envisagez d\\u2019\\u00e9tudier en France,vous vous posez des questions ? Retrouvez la brochure Campus France ainsi que notre FAQ avec de nombreuses informations.\",\"breadcrumb\":{\"@id\":\"https:\/\/www.backup.institut-francais-luxembourg.lu\/en\/universite\/etudier-en-france\/#breadcrumb\"},\"inLanguage\":\"en-US\",\"potentialAction\":[{\"@type\":\"ReadAction\",\"target\":[\"https:\/\/www.backup.institut-francais-luxembourg.lu\/en\/universite\/etudier-en-france\/\"]}]},{\"@type\":\"BreadcrumbList\",\"@id\":\"https:\/\/www.backup.institut-francais-luxembourg.lu\/en\/universite\/etudier-en-france\/#breadcrumb\",\"itemListElement\":[{\"@type\":\"ListItem\",\"position\":1,\"name\":\"\",\"item\":\"https:\/\/www.backup.institut-francais-luxembourg.lu\/en\/\"},{\"@type\":\"ListItem\",\"position\":2,\"name\":\"Universit\\u00e9\",\"item\":\"https:\/\/www.backup.institut-francais-luxembourg.lu\/en\/universite\/\"},{\"@type\":\"ListItem\",\"position\":3,\"name\":\"\\u00c9tudier en France\"}]}]}<\/script>\n<!-- \/ Yoast SEO plugin. -->","_links":{"self":[{"href":"https:\/\/www.backup.institut-francais-luxembourg.lu\/en\/wp-json\/wp\/v2\/pages\/26715"}],"collection":[{"href":"https:\/\/www.backup.institut-francais-luxembourg.lu\/en\/wp-json\/wp\/v2\/pages"}],"about":[{"href":"https:\/\/www.backup.institut-francais-luxembourg.lu\/en\/wp-json\/wp\/v2\/types\/page"}],"author":[{"embeddable":true,"href":"https:\/\/www.backup.institut-francais-luxembourg.lu\/en\/wp-json\/wp\/v2\/users\/1"}],"replies":[{"embeddable":true,"href":"https:\/\/www.backup.institut-francais-luxembourg.lu\/en\/wp-json\/wp\/v2\/comments?post=26715"}],"version-history":[{"count":5,"href":"https:\/\/www.backup.institut-francais-luxembourg.lu\/en\/wp-json\/wp\/v2\/pages\/26715\/revisions"}],"predecessor-version":[{"id":38531,"href":"https:\/\/www.backup.institut-francais-luxembourg.lu\/en\/wp-json\/wp\/v2\/pages\/26715\/revisions\/38531"}],"up":[{"embeddable":true,"href":"https:\/\/www.backup.institut-francais-luxembourg.lu\/en\/wp-json\/wp\/v2\/pages\/28524"}],"wp:attachment":[{"href":"https:\/\/www.backup.institut-francais-luxembourg.lu\/en\/wp-json\/wp\/v2\/media?parent=26715"}],"curies":[{"name":"wp","href":"https:\/\/api.w.org\/{rel}","templated":true}]}}