{"id":26707,"date":"2018-04-25T13:46:09","date_gmt":"2018-04-25T13:46:09","guid":{"rendered":"http:\/\/www.ifluxembourg.lu\/actualites-cours\/"},"modified":"2023-08-28T15:38:31","modified_gmt":"2023-08-28T13:38:31","slug":"actualites-cours-de-francais","status":"publish","type":"page","link":"https:\/\/www.backup.institut-francais-luxembourg.lu\/en\/actualites-cours-de-francais\/","title":{"rendered":"News"},"content":{"rendered":"<p>[et_pb_section fb_built=&#8221;1&#8243; admin_label=&#8221;Section news cours&#8221; _builder_version=&#8221;4.9.9&#8243; custom_margin=&#8221;10px||30px|&#8221; custom_padding=&#8221;55px||0px|||&#8221;][et_pb_row module_class=&#8221; et_pb_row_fullwidth et_pb_row_fullwidth et_pb_row_fullwidth et_pb_row_fullwidth et_pb_row_fullwidth et_pb_row_fullwidth et_pb_row_fullwidth&#8221; _builder_version=&#8221;4.9.9&#8243; width=&#8221;89%&#8221; width_tablet=&#8221;80%&#8221; width_phone=&#8221;&#8221; width_last_edited=&#8221;on|desktop&#8221; max_width=&#8221;89%&#8221; max_width_tablet=&#8221;80%&#8221; max_width_phone=&#8221;&#8221; max_width_last_edited=&#8221;on|desktop&#8221; custom_margin=&#8221;0px|auto|0px|250px||&#8221; custom_padding=&#8221;10px||0px|||&#8221; make_fullwidth=&#8221;on&#8221; custom_width_percent=&#8221;70%&#8221;][et_pb_column type=&#8221;4_4&#8243; _builder_version=&#8221;3.0.47&#8243; custom_padding=&#8221;0px||0px|&#8221; custom_padding__hover=&#8221;|||&#8221;][et_pb_text admin_label=&#8221;Titre news cours&#8221; _builder_version=&#8221;4.9.9&#8243; _module_preset=&#8221;default&#8221; text_font_size=&#8221;55px&#8221; text_letter_spacing=&#8221;3px&#8221; text_orientation=&#8221;center&#8221; min_height=&#8221;20.8px&#8221; custom_margin=&#8221;-71px||65px|||&#8221; custom_padding=&#8221;63px||0px|||&#8221; hover_enabled=&#8221;0&#8243; content_last_edited=&#8221;on|phone&#8221; content_phone=&#8221;<\/p>\n<p style=%22text-align: left;%22><strong><span style=%22color: #3558a2;%22>French<\/span><\/strong><\/p>\n<p style=%22text-align: left;%22><strong><span style=%22color: #3558a2;%22>courses<\/span><\/strong><\/p>\n<p style=%22text-align: left;%22><strong><span style=%22color: #3558a2;%22>news<\/span><\/strong><\/p>\n<p>&#8221; sticky_enabled=&#8221;0&#8243; content_tablet=&#8221;<\/p>\n<p style=%22text-align: left;%22><strong><span style=%22color: #3558a2;%22>French courses<\/span><\/strong><\/p>\n<p style=%22text-align: left;%22><strong><span style=%22color: #3558a2;%22>news<\/span><\/strong><\/p>\n<p>&#8220;]<\/p>\n<p style=\"text-align: left;\"><strong><span style=\"color: #3558a2;\">French courses news<\/span><\/strong><\/p>\n<p>[\/et_pb_text][\/et_pb_column][\/et_pb_row][\/et_pb_section][et_pb_section fb_built=&#8221;1&#8243; admin_label=&#8221;Section news cours bis&#8221; _builder_version=&#8221;3.22&#8243; custom_padding=&#8221;0px||0px|||&#8221;][et_pb_row _builder_version=&#8221;3.25&#8243; custom_padding=&#8221;0px||0px|||&#8221;][et_pb_column type=&#8221;4_4&#8243; _builder_version=&#8221;3.25&#8243; custom_padding=&#8221;|||&#8221; custom_padding__hover=&#8221;|||&#8221;][et_pb_blog fullwidth=&#8221;off&#8221; posts_number=&#8221;12&#8243; include_categories=&#8221;52&#8243; meta_date=&#8221;j,M Y&#8221; show_more=&#8221;on&#8221; show_author=&#8221;off&#8221; show_date=&#8221;off&#8221; use_overlay=&#8221;on&#8221; overlay_icon_color=&#8221;#3558A2&#8243; hover_icon=&#8221;%%3%%&#8221; admin_label=&#8221;Actualit\u00e9s cours &#8211; Blog&#8221; _builder_version=&#8221;4.9.9&#8243; header_font=&#8221;Arial||||||||&#8221; header_text_align=&#8221;left&#8221; header_text_color=&#8221;#3558A2&#8243; header_font_size=&#8221;20px&#8221; header_letter_spacing=&#8221;3px&#8221; header_line_height=&#8221;1.2em&#8221; body_font=&#8221;Arial||||||||&#8221; body_text_align=&#8221;justify&#8221; body_text_color=&#8221;#000000&#8243; body_letter_spacing=&#8221;3px&#8221; read_more_font=&#8221;Arial||||||||&#8221; read_more_text_color=&#8221;#FF9575&#8243; read_more_letter_spacing=&#8221;3px&#8221; read_more_line_height=&#8221;3em&#8221; text_orientation=&#8221;justified&#8221; custom_padding=&#8221;||0px|||&#8221; animation_style=&#8221;fade&#8221; pagination_font_size_tablet=&#8221;51&#8243; pagination_line_height_tablet=&#8221;2&#8243; custom_css_before=&#8221;color: #008AC9;||display: block;||text-align:center;||margin-top: 10px;||border: 1px solid #ccc;||padding: 5px;||text-transform: capitalize;||letter-spacing: 1px;&#8221; border_width_all=&#8221;0px&#8221; border_color_all=&#8221;#f0f0f0&#8243;]&nbsp;<br \/>\n[\/et_pb_blog][\/et_pb_column][\/et_pb_row][\/et_pb_section][et_pb_section fb_built=&#8221;1&#8243; admin_label=&#8221;Section nous suivre&#8221; _builder_version=&#8221;4.9.9&#8243; _module_preset=&#8221;default&#8221; disabled_on=&#8221;on|on|off&#8221;][et_pb_row column_structure=&#8221;3_5,1_5,1_5&#8243; _builder_version=&#8221;4.9.9&#8243; _module_preset=&#8221;b295944a-b558-44a7-a870-c80786cdf30f&#8221; width=&#8221;74.1%&#8221; min_height=&#8221;211px&#8221; custom_margin=&#8221;29px|-38px|-6px|180px||&#8221; custom_padding=&#8221;0px||54px|0px||&#8221;][et_pb_column type=&#8221;3_5&#8243; _builder_version=&#8221;4.9.9&#8243; _module_preset=&#8221;default&#8221;][et_pb_text _builder_version=&#8221;4.9.9&#8243; _module_preset=&#8221;default&#8221; text_text_color=&#8221;#FFFFFF&#8221; text_font_size=&#8221;40px&#8221; text_letter_spacing=&#8221;5px&#8221; text_orientation=&#8221;center&#8221;]<\/p>\n<p>&nbsp;<\/p>\n<p><strong><br \/>Follow us<\/strong><\/p>\n<p>[\/et_pb_text][\/et_pb_column][et_pb_column type=&#8221;1_5&#8243; _builder_version=&#8221;4.9.9&#8243; _module_preset=&#8221;default&#8221;][et_pb_text _builder_version=&#8221;4.9.9&#8243; _module_preset=&#8221;5e20c390-ccdf-499a-aac4-83e19d192b52&#8243; text_text_color=&#8221;#FFFFFF&#8221; text_orientation=&#8221;left&#8221; custom_margin=&#8221;||-15px|||&#8221;]<\/p>\n<p><a href=\"https:\/\/www.facebook.com\/Institutfrancaisuduluxembourg\/\"><img loading=\"lazy\" decoding=\"async\" src=\"https:\/\/www.backup.institut-francais-luxembourg.lu\/wp-content\/uploads\/2023\/07\/facebook.png\" width=\"36\" height=\"36\" alt=\"\" class=\"wp-image-39420 aligncenter size-full\" \/><\/a><a href=\"https:\/\/www.instagram.com\/ifluxembourg\/?hl=fr\"><img loading=\"lazy\" decoding=\"async\" src=\"https:\/\/www.backup.institut-francais-luxembourg.lu\/wp-content\/uploads\/2023\/07\/instagram.png\" width=\"37\" height=\"37\" alt=\"\" class=\"wp-image-39418 aligncenter size-large\" \/><\/a><a href=\"https:\/\/twitter.com\/ifluxembourg\"><img loading=\"lazy\" decoding=\"async\" src=\"https:\/\/www.backup.institut-francais-luxembourg.lu\/wp-content\/uploads\/2023\/07\/twitter.png\" width=\"36\" height=\"36\" alt=\"\" class=\"wp-image-39416 aligncenter size-large\" \/><\/a><a href=\"https:\/\/www.linkedin.com\/in\/institut-fran%C3%A7ais-luxembourg-8b52b299\/\"><img loading=\"lazy\" decoding=\"async\" src=\"https:\/\/www.backup.institut-francais-luxembourg.lu\/wp-content\/uploads\/2023\/07\/linkedin.png\" width=\"36\" height=\"36\" alt=\"\" class=\"wp-image-39414 aligncenter size-full\" \/><\/a><\/p>\n<p>[\/et_pb_text][\/et_pb_column][et_pb_column type=&#8221;1_5&#8243; _builder_version=&#8221;4.9.9&#8243; _module_preset=&#8221;default&#8221;][\/et_pb_column][\/et_pb_row][et_pb_row _builder_version=&#8221;4.9.9&#8243; _module_preset=&#8221;default&#8221; width=&#8221;57.8%&#8221; custom_margin=&#8221;-92px|auto||1050px||&#8221;][et_pb_column type=&#8221;4_4&#8243; _builder_version=&#8221;4.9.9&#8243; _module_preset=&#8221;default&#8221;][et_pb_image src=&#8221;https:\/\/www.backup.institut-francais-luxembourg.lu\/wp-content\/uploads\/2023\/07\/Bandeau-Site-Internet-8.png&#8221; title_text=&#8221;Bandeau Site Internet (8)&#8221; url=&#8221;https:\/\/www.backup.institut-francais-luxembourg.lu\/newsletter\/&#8221; _builder_version=&#8221;4.9.9&#8243; _module_preset=&#8221;default&#8221; width=&#8221;71%&#8221; min_height=&#8221;292.3px&#8221; custom_margin=&#8221;-72px|292px|-27px|||&#8221; custom_padding=&#8221;0px|||||&#8221;][\/et_pb_image][\/et_pb_column][\/et_pb_row][\/et_pb_section][et_pb_section fb_built=&#8221;1&#8243; disabled_on=&#8221;off|off|on&#8221; _builder_version=&#8221;4.9.9&#8243; _module_preset=&#8221;default&#8221;][et_pb_row column_structure=&#8221;1_2,1_2&#8243; _builder_version=&#8221;4.9.9&#8243; _module_preset=&#8221;default&#8221;][et_pb_column type=&#8221;1_2&#8243; _builder_version=&#8221;4.9.9&#8243; _module_preset=&#8221;default&#8221;][et_pb_text _builder_version=&#8221;4.9.9&#8243; _module_preset=&#8221;5e20c390-ccdf-499a-aac4-83e19d192b52&#8243; text_text_color=&#8221;#FFFFFF&#8221; text_orientation=&#8221;left&#8221; custom_margin=&#8221;||-15px|||&#8221; inline_fonts=&#8221;Arial&#8221;]<\/p>\n<p style=\"text-align: center;\"><span style=\"color: #ffffff; font-family: Arial; font-weight: normal; font-size: x-large;\">Follow us<\/span><\/p>\n<p style=\"text-align: center;\"><a href=\"https:\/\/www.facebook.com\/Institutfrancaisuduluxembourg\/\"><img loading=\"lazy\" decoding=\"async\" class=\"wp-image-39420 aligncenter size-full\" src=\"https:\/\/www.backup.institut-francais-luxembourg.lu\/wp-content\/uploads\/2023\/07\/facebook.png\" alt=\"\" width=\"36\" height=\"36\" \/><\/a><a href=\"https:\/\/www.instagram.com\/ifluxembourg\/?hl=fr\"><img loading=\"lazy\" decoding=\"async\" class=\"wp-image-39418 aligncenter size-large\" src=\"https:\/\/www.backup.institut-francais-luxembourg.lu\/wp-content\/uploads\/2023\/07\/instagram.png\" alt=\"\" width=\"37\" height=\"37\" \/><\/a><a href=\"https:\/\/twitter.com\/ifluxembourg\"><img loading=\"lazy\" decoding=\"async\" class=\"wp-image-39416 aligncenter size-large\" src=\"https:\/\/www.backup.institut-francais-luxembourg.lu\/wp-content\/uploads\/2023\/07\/twitter.png\" alt=\"\" width=\"36\" height=\"36\" \/><\/a><a href=\"https:\/\/www.linkedin.com\/in\/institut-fran%C3%A7ais-luxembourg-8b52b299\/\"><img loading=\"lazy\" decoding=\"async\" class=\"wp-image-39414 aligncenter size-full\" src=\"https:\/\/www.backup.institut-francais-luxembourg.lu\/wp-content\/uploads\/2023\/07\/linkedin.png\" alt=\"\" width=\"36\" height=\"36\" \/><\/a><\/p>\n<p>[\/et_pb_text][\/et_pb_column][et_pb_column type=&#8221;1_2&#8243; _builder_version=&#8221;4.9.9&#8243; _module_preset=&#8221;default&#8221;][et_pb_image src=&#8221;https:\/\/www.backup.institut-francais-luxembourg.lu\/wp-content\/uploads\/2023\/07\/Bandeau-Site-Internet-8.png&#8221; title_text=&#8221;Bandeau Site Internet (8)&#8221; url=&#8221;https:\/\/www.backup.institut-francais-luxembourg.lu\/newsletter\/&#8221; _builder_version=&#8221;4.9.9&#8243; _module_preset=&#8221;default&#8221; hover_enabled=&#8221;0&#8243; sticky_enabled=&#8221;0&#8243; custom_margin=&#8221;-16px|||||&#8221;][\/et_pb_image][\/et_pb_column][\/et_pb_row][\/et_pb_section][et_pb_section fb_built=&#8221;1&#8243; admin_label=&#8221;footer&#8221; _builder_version=&#8221;4.9.9&#8243; _module_preset=&#8221;95983eb6-0fda-44aa-97bd-c6862f823b4c&#8221; background_color=&#8221;#008ac9&#8243; global_module=&#8221;26070&#8243;][et_pb_row column_structure=&#8221;1_4,1_4,1_4,1_4&#8243; admin_label=&#8221;footer row&#8221; _builder_version=&#8221;4.9.9&#8243; background_color=&#8221;#3558A2&#8243; custom_padding=&#8221;27px|0px|0|0px&#8221;][et_pb_column type=&#8221;1_4&#8243; _builder_version=&#8221;3.25&#8243; custom_padding=&#8221;|||&#8221; custom_padding__hover=&#8221;|||&#8221;][et_pb_image src=&#8221;https:\/\/www.backup.institut-francais-luxembourg.lu\/wp-content\/uploads\/2023\/07\/IF_Logo_Pays_Sans_Blanc.png&#8221; title_text=&#8221;IF_Logo_Pays_Sans_Blanc&#8221; admin_label=&#8221;Logo&#8221; _builder_version=&#8221;4.9.9&#8243; _module_preset=&#8221;default&#8221;][\/et_pb_image][\/et_pb_column][et_pb_column type=&#8221;1_4&#8243; _builder_version=&#8221;3.25&#8243; custom_padding=&#8221;|||&#8221; custom_padding__hover=&#8221;|||&#8221;][et_pb_text admin_label=&#8221;footer module part 1&#8243; _builder_version=&#8221;3.27.4&#8243;]<span style=\"font-size: x-large;\"><span style=\"color: #ffffff;\">Contact<\/span><\/span><br \/>\n<span style=\"color: #ffffff; font-size: 14px;\"><strong>Institut fran\u00e7ais du Luxembourg<\/strong><\/span><br \/>\n<span style=\"color: #ffffff;\">BP236<br class=\"manualbr\">L &#8211; 2012 LUXEMBOURG<br \/>\n<br class=\"manualbr\">T\u00e9l.&nbsp;: (00352) _46 21 66<br class=\"manualbr\"><br class=\"manualbr\">Email&nbsp;: <a style=\"color: #ffffff;\" href=\"mailto:contact@ifluxembourg.lu\">contact@ifluxembourg.lu<\/a><br \/>\n<\/span>[\/et_pb_text][\/et_pb_column][et_pb_column type=&#8221;1_4&#8243; _builder_version=&#8221;3.25&#8243; custom_padding=&#8221;|||&#8221; custom_padding__hover=&#8221;|||&#8221;][et_pb_text admin_label=&#8221;footer module part 2&#8243; _builder_version=&#8221;3.27.4&#8243; text_line_height=&#8221;1.3em&#8221;]<span style=\"font-size: x-large; color: #ffffff;\">Acc\u00e8s rapide<\/span><\/p>\n<p><span style=\"color: #ffffff;\"><a style=\"color: #ffffff;\" title=\"cours\" href=\"\/french-courses\/?lang=en\">Cours<\/a><\/span><\/p>\n<p><span style=\"color: #ffffff;\"><a style=\"color: #ffffff;\" title=\"culture\" href=\"\/culture\/?lang=en\">Culture<\/a><\/span><\/p>\n<p><span style=\"color: #ffffff;\"><a style=\"color: #ffffff;\" title=\"education\" href=\"\/education\/?lang=en\">Education<\/a><\/span><\/p>\n<p><span style=\"color: #ffffff;\"><a style=\"color: #ffffff;\" title=\"universit\u00e9\" href=\"\/universite\/?lang=en\">Universit\u00e9<\/a><\/span><\/p>\n<p><span style=\"color: #ffffff;\"><a style=\"color: #ffffff;\" title=\"agenda\" href=\"agenda-evenements-ifl\/?lang=en\">Agenda<\/a><\/span><\/p>\n<p><span style=\"color: #ffffff;\"><a style=\"color: #ffffff;\" title=\"l'\u00e9quipe\" href=\"\/lequipe\/?lang=en\">L&#8217;\u00e9quipe<\/a><\/span><\/p>\n<p><span style=\"color: #ffffff;\"><a style=\"color: #ffffff;\" title=\"contact\" href=\"contact\/?lang=en\">Contact<\/a><\/span>[\/et_pb_text][\/et_pb_column][et_pb_column type=&#8221;1_4&#8243; _builder_version=&#8221;3.25&#8243; custom_padding=&#8221;|||&#8221; custom_padding__hover=&#8221;|||&#8221;][et_pb_text admin_label=&#8221;footer module part 3&#8243; _builder_version=&#8221;3.27.4&#8243; text_line_height=&#8221;1.3em&#8221;]<span style=\"font-size: x-large; color: #ffffff;\">IF Num\u00e9rique<\/span><\/p>\n<p><span style=\"color: #ffffff;\"><a style=\"color: #ffffff;\" title=\"IFprofs\" href=\"https:\/\/lu.ifprofs.org\/\">&nbsp;&nbsp;IFprofs<\/a><\/span><\/p>\n<p><span style=\"color: #ffffff;\"><a style=\"color: #ffffff;\" title=\"IFmobile\" href=\"http:\/\/www.institutfrancais.com\/ifmobile-pour-smartphones-et-tablettes\">&nbsp;&nbsp;IFmobile<\/a><\/span><\/p>\n<p><span style=\"color: #ffffff;\"><a style=\"color: #ffffff;\" title=\"IFprog\" href=\"http:\/\/ifprog.institutfrancais.com\" target=\"_blank\" rel=\"noopener\">&nbsp;&nbsp;IFprog<\/a><\/span><\/p>\n<p><span style=\"color: #ffffff;\"><a style=\"color: #ffffff;\" title=\"IFmapp\" href=\"http:\/\/ifmapp.institutfrancais.com\">&nbsp; IFmapp<\/a><\/span><\/p>\n<p><span style=\"color: #ffffff;\"><a style=\"color: #ffffff;\" title=\"IFcin\u00e9ma\" href=\"http:\/\/ifcinema.institutfrancais.com\">&nbsp; IFcin\u00e9ma<\/a><\/span><\/p>\n<p><span style=\"color: #ffffff;\"><a style=\"color: #ffffff;\" title=\"Web TV\" href=\"http:\/\/institutfrancais.tv\">&nbsp; Web TV<\/a><\/span><\/p>\n<p><span style=\"color: #ffffff;\"><a style=\"color: #ffffff;\" title=\"Institut fran\u00e7ais\" href=\"http:\/\/www.institutfrancais.com\/fr\">&nbsp; Institut fran\u00e7ais<\/a><\/span>[\/et_pb_text][\/et_pb_column][\/et_pb_row][\/et_pb_section]<\/p>\n","protected":false},"excerpt":{"rendered":"<p>[et_pb_section fb_built=&#8221;1&#8243; admin_label=&#8221;Section news cours&#8221; _builder_version=&#8221;4.9.9&#8243; custom_margin=&#8221;10px||30px|&#8221; custom_padding=&#8221;55px||0px|||&#8221;][et_pb_row module_class=&#8221; et_pb_row_fullwidth et_pb_row_fullwidth et_pb_row_fullwidth et_pb_row_fullwidth et_pb_row_fullwidth et_pb_row_fullwidth et_pb_row_fullwidth&#8221; _builder_version=&#8221;4.9.9&#8243; width=&#8221;89%&#8221; width_tablet=&#8221;80%&#8221; width_phone=&#8221;&#8221; width_last_edited=&#8221;on|desktop&#8221; max_width=&#8221;89%&#8221; max_width_tablet=&#8221;80%&#8221; max_width_phone=&#8221;&#8221; max_width_last_edited=&#8221;on|desktop&#8221; custom_margin=&#8221;0px|auto|0px|250px||&#8221; custom_padding=&#8221;10px||0px|||&#8221; make_fullwidth=&#8221;on&#8221; custom_width_percent=&#8221;70%&#8221;][et_pb_column type=&#8221;4_4&#8243; _builder_version=&#8221;3.0.47&#8243; custom_padding=&#8221;0px||0px|&#8221; custom_padding__hover=&#8221;|||&#8221;][et_pb_text admin_label=&#8221;Titre news cours&#8221; _builder_version=&#8221;4.9.9&#8243; _module_preset=&#8221;default&#8221; text_font_size=&#8221;55px&#8221; text_letter_spacing=&#8221;3px&#8221; text_orientation=&#8221;center&#8221; min_height=&#8221;20.8px&#8221; custom_margin=&#8221;-71px||65px|||&#8221; custom_padding=&#8221;63px||0px|||&#8221; hover_enabled=&#8221;0&#8243; content_last_edited=&#8221;on|phone&#8221; content_phone=&#8221; French courses news &#8221; sticky_enabled=&#8221;0&#8243; content_tablet=&#8221; French courses [&hellip;]<\/p>\n","protected":false},"author":1,"featured_media":0,"parent":0,"menu_order":0,"comment_status":"closed","ping_status":"closed","template":"","meta":{"_et_pb_use_builder":"on","_et_pb_old_content":"","_et_gb_content_width":"","om_disable_all_campaigns":false,"_monsterinsights_skip_tracking":false,"_monsterinsights_sitenote_active":false,"_monsterinsights_sitenote_note":"","_monsterinsights_sitenote_category":0,"_uf_show_specific_survey":0,"_uf_disable_surveys":false,"footnotes":""},"aioseo_notices":[],"yoast_head":"<!-- This site is optimized with the Yoast SEO plugin v16.6 - https:\/\/yoast.com\/wordpress\/plugins\/seo\/ -->\n<title>French courses: news | Institut fran\u00e7ais du Luxembourg<\/title>\n<meta name=\"description\" content=\"Situ\u00e9 au centre-ville de Luxembourg, l\u2019Institut fran\u00e7ais du Luxembourg propose des cours de fran\u00e7ais et s\u2019engage \u00e0 dispenser un enseignement de qualit\u00e9 \u00e0 tous ses apprenants qu\u2019ils soient inscrits en cours particuliers, collectifs ou en cours en entreprise.\" \/>\n<meta name=\"robots\" content=\"index, follow, max-snippet:-1, max-image-preview:large, max-video-preview:-1\" \/>\n<link rel=\"canonical\" href=\"https:\/\/www.backup.institut-francais-luxembourg.lu\/en\/actualites-cours-de-francais\/\" \/>\n<meta property=\"og:locale\" content=\"en_US\" \/>\n<meta property=\"og:type\" content=\"article\" \/>\n<meta property=\"og:title\" content=\"French courses: news | Institut fran\u00e7ais du Luxembourg\" \/>\n<meta property=\"og:description\" content=\"Situ\u00e9 au centre-ville de Luxembourg, l\u2019Institut fran\u00e7ais du Luxembourg propose des cours de fran\u00e7ais et s\u2019engage \u00e0 dispenser un enseignement de qualit\u00e9 \u00e0 tous ses apprenants qu\u2019ils soient inscrits en cours particuliers, collectifs ou en cours en entreprise.\" \/>\n<meta property=\"og:url\" content=\"https:\/\/www.backup.institut-francais-luxembourg.lu\/en\/actualites-cours-de-francais\/\" \/>\n<meta property=\"og:site_name\" content=\"Institut Fran\u00e7ais Du Luxembourg\" \/>\n<meta property=\"article:publisher\" content=\"https:\/\/www.facebook.com\/Institutfrancaisuduluxembourg\/\" \/>\n<meta property=\"article:modified_time\" content=\"2023-08-28T13:38:31+00:00\" \/>\n<meta property=\"og:image\" content=\"https:\/\/www.backup.institut-francais-luxembourg.lu\/wp-content\/uploads\/2023\/07\/facebook.png\" \/>\n<meta name=\"twitter:card\" content=\"summary_large_image\" \/>\n<meta name=\"twitter:site\" content=\"@ifluxembourg\" \/>\n<meta name=\"twitter:label1\" content=\"Est. reading time\" \/>\n\t<meta name=\"twitter:data1\" content=\"5 minutes\" \/>\n<script type=\"application\/ld+json\" class=\"yoast-schema-graph\">{\"@context\":\"https:\/\/schema.org\",\"@graph\":[{\"@type\":\"WebSite\",\"@id\":\"https:\/\/www.backup.institut-francais-luxembourg.lu\/en\/#website\",\"url\":\"https:\/\/www.backup.institut-francais-luxembourg.lu\/en\/\",\"name\":\"Institut Fran\\u00e7ais Du Luxembourg\",\"description\":\"relais de la culture fran\\u00e7aise au Luxembourg\",\"potentialAction\":[{\"@type\":\"SearchAction\",\"target\":{\"@type\":\"EntryPoint\",\"urlTemplate\":\"https:\/\/www.backup.institut-francais-luxembourg.lu\/en\/?s={search_term_string}\"},\"query-input\":\"required name=search_term_string\"}],\"inLanguage\":\"en-US\"},{\"@type\":\"ImageObject\",\"@id\":\"https:\/\/www.backup.institut-francais-luxembourg.lu\/en\/actualites-cours-de-francais\/#primaryimage\",\"inLanguage\":\"en-US\",\"url\":\"https:\/\/www.backup.institut-francais-luxembourg.lu\/wp-content\/uploads\/2023\/07\/facebook.png\",\"contentUrl\":\"https:\/\/www.backup.institut-francais-luxembourg.lu\/wp-content\/uploads\/2023\/07\/facebook.png\",\"width\":512,\"height\":512},{\"@type\":\"WebPage\",\"@id\":\"https:\/\/www.backup.institut-francais-luxembourg.lu\/en\/actualites-cours-de-francais\/#webpage\",\"url\":\"https:\/\/www.backup.institut-francais-luxembourg.lu\/en\/actualites-cours-de-francais\/\",\"name\":\"French courses: news | Institut fran\\u00e7ais du Luxembourg\",\"isPartOf\":{\"@id\":\"https:\/\/www.backup.institut-francais-luxembourg.lu\/en\/#website\"},\"primaryImageOfPage\":{\"@id\":\"https:\/\/www.backup.institut-francais-luxembourg.lu\/en\/actualites-cours-de-francais\/#primaryimage\"},\"datePublished\":\"2018-04-25T13:46:09+00:00\",\"dateModified\":\"2023-08-28T13:38:31+00:00\",\"description\":\"Situ\\u00e9 au centre-ville de Luxembourg, l\\u2019Institut fran\\u00e7ais du Luxembourg propose des cours de fran\\u00e7ais et s\\u2019engage \\u00e0 dispenser un enseignement de qualit\\u00e9 \\u00e0 tous ses apprenants qu\\u2019ils soient inscrits en cours particuliers, collectifs ou en cours en entreprise.\",\"breadcrumb\":{\"@id\":\"https:\/\/www.backup.institut-francais-luxembourg.lu\/en\/actualites-cours-de-francais\/#breadcrumb\"},\"inLanguage\":\"en-US\",\"potentialAction\":[{\"@type\":\"ReadAction\",\"target\":[\"https:\/\/www.backup.institut-francais-luxembourg.lu\/en\/actualites-cours-de-francais\/\"]}]},{\"@type\":\"BreadcrumbList\",\"@id\":\"https:\/\/www.backup.institut-francais-luxembourg.lu\/en\/actualites-cours-de-francais\/#breadcrumb\",\"itemListElement\":[{\"@type\":\"ListItem\",\"position\":1,\"name\":\"\",\"item\":\"https:\/\/www.backup.institut-francais-luxembourg.lu\/en\/\"},{\"@type\":\"ListItem\",\"position\":2,\"name\":\"News\"}]}]}<\/script>\n<!-- \/ Yoast SEO plugin. -->","_links":{"self":[{"href":"https:\/\/www.backup.institut-francais-luxembourg.lu\/en\/wp-json\/wp\/v2\/pages\/26707"}],"collection":[{"href":"https:\/\/www.backup.institut-francais-luxembourg.lu\/en\/wp-json\/wp\/v2\/pages"}],"about":[{"href":"https:\/\/www.backup.institut-francais-luxembourg.lu\/en\/wp-json\/wp\/v2\/types\/page"}],"author":[{"embeddable":true,"href":"https:\/\/www.backup.institut-francais-luxembourg.lu\/en\/wp-json\/wp\/v2\/users\/1"}],"replies":[{"embeddable":true,"href":"https:\/\/www.backup.institut-francais-luxembourg.lu\/en\/wp-json\/wp\/v2\/comments?post=26707"}],"version-history":[{"count":4,"href":"https:\/\/www.backup.institut-francais-luxembourg.lu\/en\/wp-json\/wp\/v2\/pages\/26707\/revisions"}],"predecessor-version":[{"id":40567,"href":"https:\/\/www.backup.institut-francais-luxembourg.lu\/en\/wp-json\/wp\/v2\/pages\/26707\/revisions\/40567"}],"wp:attachment":[{"href":"https:\/\/www.backup.institut-francais-luxembourg.lu\/en\/wp-json\/wp\/v2\/media?parent=26707"}],"curies":[{"name":"wp","href":"https:\/\/api.w.org\/{rel}","templated":true}]}}