{"id":26509,"date":"2018-04-04T07:11:41","date_gmt":"2018-04-04T07:11:41","guid":{"rendered":"http:\/\/www.ifluxembourg.lu\/newsletter\/"},"modified":"2021-08-23T13:10:56","modified_gmt":"2021-08-23T11:10:56","slug":"newsletter","status":"publish","type":"page","link":"https:\/\/www.backup.institut-francais-luxembourg.lu\/en\/newsletter\/","title":{"rendered":"Newsletter"},"content":{"rendered":"<p>[et_pb_section fb_built=&#8221;1&#8243; _builder_version=&#8221;3.22&#8243; background_color=&#8221;#ffffff&#8221; custom_padding=&#8221;0|0px|54px|0px&#8221;][et_pb_row _builder_version=&#8221;3.25&#8243;][et_pb_column type=&#8221;4_4&#8243; _builder_version=&#8221;3.25&#8243; custom_padding=&#8221;|||&#8221; custom_padding__hover=&#8221;|||&#8221;][et_pb_text admin_label=&#8221;newsletter title&#8221; _builder_version=&#8221;3.27.4&#8243; text_font=&#8221;Roboto|300|||||||&#8221; text_font_size=&#8221;27px&#8221; header_text_color=&#8221;#008ac9&#8243;]<\/p>\n<h1 style=\"text-align: center;\">Restez inform\u00e9s<\/h1>\n<p>[\/et_pb_text][et_pb_signup provider=&#8221;mailpoet&#8221; mailpoet_list=&#8221;3&#8243; first_name_field=&#8221;off&#8221; last_name_field=&#8221;off&#8221; success_message=&#8221;Inscription enregistr\u00e9e avec succ\u00e8s&#8221; title=&#8221;Souscrire \u00e0 la Newsletter&#8221; button_text=&#8221;Souscrire&#8221; description=&#8221;\u00a0<br \/>\n&#8221; admin_label=&#8221;Newsletter&#8221; _builder_version=&#8221;3.23&#8243; form_field_background_color=&#8221;#f4f4f4&#8243; form_field_text_color=&#8221;#0c0c0c&#8221; form_field_focus_background_color=&#8221;#ffffff&#8221; form_field_focus_text_color=&#8221;#0c0c0c&#8221; header_font=&#8221;||||||||&#8221; body_font=&#8221;||||||||&#8221; result_message_font=&#8221;||||||||&#8221; use_background_color=&#8221;off&#8221; text_orientation=&#8221;center&#8221; background_layout=&#8221;light&#8221; hover_enabled=&#8221;0&#8243; result_message_font_size_tablet=&#8221;51&#8243; result_message_line_height_tablet=&#8221;2&#8243; border_width_all_fields=&#8221;1px&#8221; border_color_all_fields=&#8221;#008ac9&#8243; focus_background_color=&#8221;#ffffff&#8221; focus_text_color=&#8221;#0c0c0c&#8221; button_text_size__hover_enabled=&#8221;off&#8221; button_one_text_size__hover_enabled=&#8221;off&#8221; button_two_text_size__hover_enabled=&#8221;off&#8221; button_text_color__hover_enabled=&#8221;off&#8221; button_one_text_color__hover_enabled=&#8221;off&#8221; button_two_text_color__hover_enabled=&#8221;off&#8221; button_border_width__hover_enabled=&#8221;off&#8221; button_one_border_width__hover_enabled=&#8221;off&#8221; button_two_border_width__hover_enabled=&#8221;off&#8221; button_border_color__hover_enabled=&#8221;off&#8221; button_one_border_color__hover_enabled=&#8221;off&#8221; button_two_border_color__hover_enabled=&#8221;off&#8221; button_border_radius__hover_enabled=&#8221;off&#8221; button_one_border_radius__hover_enabled=&#8221;off&#8221; button_two_border_radius__hover_enabled=&#8221;off&#8221; button_letter_spacing__hover_enabled=&#8221;off&#8221; button_one_letter_spacing__hover_enabled=&#8221;off&#8221; button_two_letter_spacing__hover_enabled=&#8221;off&#8221; button_bg_color__hover_enabled=&#8221;off&#8221; button_one_bg_color__hover_enabled=&#8221;off&#8221; button_two_bg_color__hover_enabled=&#8221;off&#8221; sticky_enabled=&#8221;0&#8243; disabled_on=&#8221;on|on|on&#8221; disabled=&#8221;on&#8221;]&nbsp;<br \/>\n[\/et_pb_signup][et_pb_code _builder_version=&#8221;4.9.9&#8243; _module_preset=&#8221;default&#8221; hover_enabled=&#8221;0&#8243; sticky_enabled=&#8221;0&#8243; admin_label=&#8221;Newsletter&#8221;]  \n  \n  <div class=\"\n    mailpoet_form_popup_overlay\n      \"><\/div>\n  <div\n    id=\"mailpoet_form_6\"\n    class=\"\n      mailpoet_form\n      mailpoet_form_shortcode\n      mailpoet_form_position_\n      mailpoet_form_animation_\n    \"\n      >\n\n    <style type=\"text\/css\">\n     #mailpoet_form_6 .mailpoet_form {  }\n#mailpoet_form_6 form { margin-bottom: 0; }\n#mailpoet_form_6 p.mailpoet_form_paragraph { margin-bottom: 10px; }\n#mailpoet_form_6 .mailpoet_column_with_background { padding: 10px; }\n#mailpoet_form_6 .mailpoet_form_column:not(:first-child) { margin-left: 20px; }\n#mailpoet_form_6 .mailpoet_paragraph { line-height: 20px; margin-bottom: 20px; }\n#mailpoet_form_6 .mailpoet_segment_label, #mailpoet_form_6 .mailpoet_text_label, #mailpoet_form_6 .mailpoet_textarea_label, #mailpoet_form_6 .mailpoet_select_label, #mailpoet_form_6 .mailpoet_radio_label, #mailpoet_form_6 .mailpoet_checkbox_label, #mailpoet_form_6 .mailpoet_list_label, #mailpoet_form_6 .mailpoet_date_label { display: block; font-weight: normal; }\n#mailpoet_form_6 .mailpoet_text, #mailpoet_form_6 .mailpoet_textarea, #mailpoet_form_6 .mailpoet_select, #mailpoet_form_6 .mailpoet_date_month, #mailpoet_form_6 .mailpoet_date_day, #mailpoet_form_6 .mailpoet_date_year, #mailpoet_form_6 .mailpoet_date { display: block; }\n#mailpoet_form_6 .mailpoet_text, #mailpoet_form_6 .mailpoet_textarea { width: 200px; }\n#mailpoet_form_6 .mailpoet_checkbox {  }\n#mailpoet_form_6 .mailpoet_submit {  }\n#mailpoet_form_6 .mailpoet_divider {  }\n#mailpoet_form_6 .mailpoet_message {  }\n#mailpoet_form_6 .mailpoet_form_loading { width: 30px; text-align: center; line-height: normal; }\n#mailpoet_form_6 .mailpoet_form_loading > span { width: 5px; height: 5px; background-color: #5b5b5b; }#mailpoet_form_6{border-radius: 0px;text-align: left;}#mailpoet_form_6 form.mailpoet_form {padding: 25px;}#mailpoet_form_6{width: 100%;}#mailpoet_form_6 .mailpoet_message {margin: 0; padding: 0 20px;}\n        #mailpoet_form_6 .mailpoet_validate_success {color: #00d084}\n        #mailpoet_form_6 input.parsley-success {color: #00d084}\n        #mailpoet_form_6 select.parsley-success {color: #00d084}\n        #mailpoet_form_6 textarea.parsley-success {color: #00d084}\n      \n        #mailpoet_form_6 .mailpoet_validate_error {color: #cf2e2e}\n        #mailpoet_form_6 input.parsley-error {color: #cf2e2e}\n        #mailpoet_form_6 select.parsley-error {color: #cf2e2e}\n        #mailpoet_form_6 textarea.textarea.parsley-error {color: #cf2e2e}\n        #mailpoet_form_6 .parsley-errors-list {color: #cf2e2e}\n        #mailpoet_form_6 .parsley-required {color: #cf2e2e}\n        #mailpoet_form_6 .parsley-custom-error-message {color: #cf2e2e}\n      #mailpoet_form_6 .mailpoet_paragraph.last {margin-bottom: 0} @media (max-width: 500px) {#mailpoet_form_6 {background-image: none;}} @media (min-width: 500px) {#mailpoet_form_6 .last .mailpoet_paragraph:last-child {margin-bottom: 0}}  @media (max-width: 500px) {#mailpoet_form_6 .mailpoet_form_column:last-child .mailpoet_paragraph:last-child {margin-bottom: 0}} \n    <\/style>\n\n    <form\n      target=\"_self\"\n      method=\"post\"\n      action=\"https:\/\/www.backup.institut-francais-luxembourg.lu\/wp-admin\/admin-post.php?action=mailpoet_subscription_form\"\n      class=\"mailpoet_form mailpoet_form_form mailpoet_form_shortcode\"\n      novalidate\n      data-delay=\"\"\n      data-exit-intent-enabled=\"\"\n      data-font-family=\"\"\n      data-cookie-expiration-time=\"\"\n    >\n      <input type=\"hidden\" name=\"data[form_id]\" value=\"6\" \/>\n      <input type=\"hidden\" name=\"token\" value=\"50862f1a72\" \/>\n      <input type=\"hidden\" name=\"api_version\" value=\"v1\" \/>\n      <input type=\"hidden\" name=\"endpoint\" value=\"subscribers\" \/>\n      <input type=\"hidden\" name=\"mailpoet_method\" value=\"subscribe\" \/>\n\n      <label class=\"mailpoet_hp_email_label\" style=\"display: none !important;\">Please leave this field empty<input type=\"email\" name=\"data[email]\"\/><\/label><div class=\"mailpoet_form_columns mailpoet_paragraph mailpoet_vertically_align_center mailpoet_stack_on_mobile\"><div class=\"mailpoet_form_column mailpoet_vertically_align_center\" style=\"flex-basis:50%;\"><h3 class=\"mailpoet-heading  mailpoet-has-font-size\" id=\"block-heading_0.05691231782049089-1595515365731\" style=\"text-align: left; color: #008ac9; font-size: 25px; line-height: 1.5\"><strong>Souscrire \u00e0 la newsletter<\/strong><\/h3>\n<p class=\"mailpoet_form_paragraph  mailpoet-has-font-size\" style=\"text-align: left; color: #000000; font-size: 18px; line-height: 1.5\"><\/p>\n<p class=\"mailpoet_form_paragraph  mailpoet-has-font-size\" style=\"text-align: left; font-size: 13px; line-height: 1.5\"><em><em>Votre adresse sera uniquement utilis\u00e9e dans le cadre de notre newsletter<\/em> <\/em><\/p>\n<\/div>\n<div class=\"mailpoet_form_column mailpoet_vertically_align_center\" style=\"flex-basis:50%;\"><div class=\"mailpoet_paragraph \"><label for=\"form_email_6\" class=\"mailpoet-screen-reader-text\" style=\"font-size: 16px;line-height: 1.2;\"data-automation-id=\"form_email_label\" >Adresse e-mail <span class=\"mailpoet_required\">*<\/span><\/label><input type=\"email\" autocomplete=\"email\" class=\"mailpoet_text\" id=\"form_email_6\" name=\"data[form_field_NTliZWNmMTU5MGViX2VtYWls]\" title=\"Adresse e-mail\" value=\"\" style=\"width:100%;box-sizing:border-box;background-color:#f1f1f1;border-style:solid;border-radius:40px !important;border-width:0px;border-color:#313131;padding:15px;margin: 0 auto 0 0;font-family:&#039;Montserrat&#039;;font-size:16px;line-height:1.5;height:auto;\" data-automation-id=\"form_email\"  placeholder=\"Adresse e-mail *\" data-parsley-required=\"true\" data-parsley-minlength=\"6\" data-parsley-maxlength=\"150\" data-parsley-type-message=\"This value should be a valid email.\" data-parsley-errors-container=\".mailpoet_error_email_\" data-parsley-required-message=\"This field is required.\"\/><\/div>\n<div class=\"mailpoet_paragraph \"><input type=\"submit\" class=\"mailpoet_submit\" value=\"Souscrire\" data-automation-id=\"subscribe-submit-button\" data-font-family='Montserrat' style=\"width:100%;box-sizing:border-box;background-color:#008ac9;border-style:solid;border-radius:40px !important;border-width:0px;border-color:#313131;padding:15px;margin: 0 auto 0 0;font-family:&#039;Montserrat&#039;;font-size:16px;line-height:1.5;height:auto;color:#ffffff;font-weight:bold;\" \/><span class=\"mailpoet_form_loading\"><span class=\"mailpoet_bounce1\"><\/span><span class=\"mailpoet_bounce2\"><\/span><span class=\"mailpoet_bounce3\"><\/span><\/span><\/div>\n<\/div>\n<\/div>\n\n      <div class=\"mailpoet_message\">\n        <p class=\"mailpoet_validate_success\"\n                style=\"display:none;\"\n                >V\u00e9rifiez votre boite de r\u00e9ception ou votre r\u00e9pertoire d\u2019ind\u00e9sirables pour confirmer votre abonnement.\n        <\/p>\n        <p class=\"mailpoet_validate_error\"\n                style=\"display:none;\"\n                >        <\/p>\n      <\/div>\n    <\/form>\n\n      <\/div>\n\n  [\/et_pb_code][\/et_pb_column][\/et_pb_row][\/et_pb_section][et_pb_section fb_built=&#8221;1&#8243; admin_label=&#8221;footer&#8221; _builder_version=&#8221;3.0.106&#8243; background_color=&#8221;#008ac9&#8243; custom_padding=&#8221;0|0px|12px|0px&#8221; global_module=&#8221;26070&#8243;][et_pb_row column_structure=&#8221;1_4,1_4,1_4,1_4&#8243; admin_label=&#8221;footer row&#8221; _builder_version=&#8221;3.25&#8243; custom_padding=&#8221;27px|0px|0|0px&#8221;][et_pb_column type=&#8221;1_4&#8243; _builder_version=&#8221;3.25&#8243; custom_padding=&#8221;|||&#8221; custom_padding__hover=&#8221;|||&#8221;][et_pb_text admin_label=&#8221;footer module part 1&#8243; _builder_version=&#8221;3.27.4&#8243;]<\/p>\n<p><span style=\"font-size: x-large;\"><span style=\"color: #ffffff;\">Contact<\/span><\/span><br \/>\n<span style=\"color: #ffffff; font-size: 14px;\"><strong>Institut fran\u00e7ais du Luxembourg<\/strong><\/span><br \/>\n<span style=\"color: #ffffff;\">BP236<br class=\"manualbr\">L &#8211; 2012 LUXEMBOURG<br \/>\n<br class=\"manualbr\">T\u00e9l.&nbsp;: (00352) _46 21 66<br class=\"manualbr\"><br class=\"manualbr\">Email&nbsp;: <a style=\"color: #ffffff;\" href=\"mailto:contact@ifluxembourg.lu\">contact@ifluxembourg.lu<\/a><br \/>\n<\/span><\/p>\n<p>[\/et_pb_text][\/et_pb_column][et_pb_column type=&#8221;1_4&#8243; _builder_version=&#8221;3.25&#8243; custom_padding=&#8221;|||&#8221; custom_padding__hover=&#8221;|||&#8221;][et_pb_text admin_label=&#8221;footer module part 2&#8243; _builder_version=&#8221;3.27.4&#8243; text_line_height=&#8221;1.3em&#8221;]<\/p>\n<p><span style=\"font-size: x-large; color: #ffffff;\">Acc\u00e8s rapide<\/span><\/p>\n<p><span style=\"color: #ffffff;\"><a style=\"color: #ffffff;\" title=\"cours\" href=\"https:\/\/www.backup.institut-francais-luxembourg.lu\/en\/french-courses\/?lang=en\">Cours<\/a><\/span><\/p>\n<p><span style=\"color: #ffffff;\"><a style=\"color: #ffffff;\" title=\"culture\" href=\"https:\/\/www.backup.institut-francais-luxembourg.lu\/en\/culture\/?lang=en\">Culture<\/a><\/span><\/p>\n<p><span style=\"color: #ffffff;\"><a style=\"color: #ffffff;\" title=\"education\" href=\"https:\/\/www.backup.institut-francais-luxembourg.lu\/en\/education\/?lang=en\">Education<\/a><\/span><\/p>\n<p><span style=\"color: #ffffff;\"><a style=\"color: #ffffff;\" title=\"universit\u00e9\" href=\"https:\/\/www.backup.institut-francais-luxembourg.lu\/en\/universite\/?lang=en\">Universit\u00e9<\/a><\/span><\/p>\n<p><span style=\"color: #ffffff;\"><a style=\"color: #ffffff;\" title=\"agenda\" href=\"agenda-evenements-ifl\/?lang=en\">Agenda<\/a><\/span><\/p>\n<p><span style=\"color: #ffffff;\"><a style=\"color: #ffffff;\" title=\"l'\u00e9quipe\" href=\"https:\/\/www.backup.institut-francais-luxembourg.lu\/en\/lequipe\/?lang=en\">L&#8217;\u00e9quipe<\/a><\/span><\/p>\n<p><span style=\"color: #ffffff;\"><a style=\"color: #ffffff;\" title=\"contact\" href=\"contact\/?lang=en\">Contact<\/a><\/span><\/p>\n<p>[\/et_pb_text][\/et_pb_column][et_pb_column type=&#8221;1_4&#8243; _builder_version=&#8221;3.25&#8243; custom_padding=&#8221;|||&#8221; custom_padding__hover=&#8221;|||&#8221;][et_pb_text admin_label=&#8221;footer module part 3&#8243; _builder_version=&#8221;3.27.4&#8243; text_line_height=&#8221;1.3em&#8221;]<\/p>\n<p><span style=\"font-size: x-large; color: #ffffff;\">IF Num\u00e9rique<\/span><\/p>\n<p><span style=\"color: #ffffff;\"><a style=\"color: #ffffff;\" title=\"IFprofs\" href=\"https:\/\/lu.ifprofs.org\/\">&nbsp;&nbsp;IFprofs<\/a><\/span><\/p>\n<p><span style=\"color: #ffffff;\"><a style=\"color: #ffffff;\" title=\"IFmobile\" href=\"http:\/\/www.institutfrancais.com\/ifmobile-pour-smartphones-et-tablettes\">&nbsp;&nbsp;IFmobile<\/a><\/span><\/p>\n<p><span style=\"color: #ffffff;\"><a style=\"color: #ffffff;\" title=\"IFprog\" href=\"http:\/\/ifprog.institutfrancais.com\" target=\"_blank\" rel=\"noopener noreferrer\">&nbsp;&nbsp;IFprog<\/a><\/span><\/p>\n<p><span style=\"color: #ffffff;\"><a style=\"color: #ffffff;\" title=\"IFmapp\" href=\"http:\/\/ifmapp.institutfrancais.com\">&nbsp; IFmapp<\/a><\/span><\/p>\n<p><span style=\"color: #ffffff;\"><a style=\"color: #ffffff;\" title=\"IFcin\u00e9ma\" href=\"http:\/\/ifcinema.institutfrancais.com\">&nbsp; IFcin\u00e9ma<\/a><\/span><\/p>\n<p><span style=\"color: #ffffff;\"><a style=\"color: #ffffff;\" title=\"Web TV\" href=\"http:\/\/institutfrancais.tv\">&nbsp; Web TV<\/a><\/span><\/p>\n<p><span style=\"color: #ffffff;\"><a style=\"color: #ffffff;\" title=\"Institut fran\u00e7ais\" href=\"http:\/\/www.institutfrancais.com\/fr\">&nbsp; Institut fran\u00e7ais<\/a><\/span><\/p>\n<p>[\/et_pb_text][\/et_pb_column][et_pb_column type=&#8221;1_4&#8243; _builder_version=&#8221;3.25&#8243; custom_padding=&#8221;|||&#8221; custom_padding__hover=&#8221;|||&#8221;][et_pb_text admin_label=&#8221;R\u00e9seaux sociaux footer&#8221; _builder_version=&#8221;3.27.4&#8243;]<\/p>\n<div class=\"et_social_networks et_social_2col et_social_flip et_social_circle et_social_top et_social_mobile_on et_social_outer_dark\">\n\t\t\t\t\t\n\t\t\t\t\t\n\t\t\t\t\t<ul class=\"et_social_icons_container\"><li class=\"et_social_facebook\">\n\t\t\t\t\t\t<a href=\"https:\/\/www.facebook.com\/Institutfrancaisuduluxembourg\/\" class=\"et_social_follow\" data-social_name=\"facebook\" data-social_type=\"follow\" data-post_id=\"0\" target=\"_blank\">\n\t\t\t\t\t\t\t<i class=\"et_social_icon et_social_icon_facebook\"><\/i>\n\t\t\t\t\t\t\t\n\t\t\t\t\t\t\t<span class=\"et_social_overlay\"><\/span>\n\t\t\t\t\t\t<\/a>\n\t\t\t\t\t<\/li><li class=\"et_social_twitter\">\n\t\t\t\t\t\t<a href=\"https:\/\/twitter.com\/ifluxembourg?lang=fr\" class=\"et_social_follow\" data-social_name=\"twitter\" data-social_type=\"follow\" data-post_id=\"0\" target=\"_blank\">\n\t\t\t\t\t\t\t<i class=\"et_social_icon et_social_icon_twitter\"><\/i>\n\t\t\t\t\t\t\t\n\t\t\t\t\t\t\t<span class=\"et_social_overlay\"><\/span>\n\t\t\t\t\t\t<\/a>\n\t\t\t\t\t<\/li><li class=\"et_social_youtube\">\n\t\t\t\t\t\t<a href=\"https:\/\/www.youtube.com\/channel\/UCKkTKRmahrJ-U51ZEnJzkzQ\" class=\"et_social_follow\" data-social_name=\"youtube\" data-social_type=\"follow\" data-post_id=\"0\" target=\"_blank\">\n\t\t\t\t\t\t\t<i class=\"et_social_icon et_social_icon_youtube\"><\/i>\n\t\t\t\t\t\t\t\n\t\t\t\t\t\t\t<span class=\"et_social_overlay\"><\/span>\n\t\t\t\t\t\t<\/a>\n\t\t\t\t\t<\/li><li class=\"et_social_linkedin\">\n\t\t\t\t\t\t<a href=\"https:\/\/www.linkedin.com\/in\/institut-fran\u00e7ais-luxembourg-8b52b299\/\" class=\"et_social_follow\" data-social_name=\"linkedin\" data-social_type=\"follow\" data-post_id=\"0\" target=\"_blank\">\n\t\t\t\t\t\t\t<i class=\"et_social_icon et_social_icon_linkedin\"><\/i>\n\t\t\t\t\t\t\t\n\t\t\t\t\t\t\t<span class=\"et_social_overlay\"><\/span>\n\t\t\t\t\t\t<\/a>\n\t\t\t\t\t<\/li><li class=\"et_social_instagram\">\n\t\t\t\t\t\t<a href=\"https:\/\/www.instagram.com\/ifluxembourg\/\" class=\"et_social_follow\" data-social_name=\"instagram\" data-social_type=\"follow\" data-post_id=\"0\" target=\"_blank\">\n\t\t\t\t\t\t\t<i class=\"et_social_icon et_social_icon_instagram\"><\/i>\n\t\t\t\t\t\t\t\n\t\t\t\t\t\t\t<span class=\"et_social_overlay\"><\/span>\n\t\t\t\t\t\t<\/a>\n\t\t\t\t\t<\/li><\/ul>\n\t\t\t\t<\/div>\n<p>[\/et_pb_text][\/et_pb_column][\/et_pb_row][\/et_pb_section]<\/p>\n","protected":false},"excerpt":{"rendered":"<p>[et_pb_section fb_built=&#8221;1&#8243; _builder_version=&#8221;3.22&#8243; background_color=&#8221;#ffffff&#8221; custom_padding=&#8221;0|0px|54px|0px&#8221;][et_pb_row _builder_version=&#8221;3.25&#8243;][et_pb_column type=&#8221;4_4&#8243; _builder_version=&#8221;3.25&#8243; custom_padding=&#8221;|||&#8221; custom_padding__hover=&#8221;|||&#8221;][et_pb_text admin_label=&#8221;newsletter title&#8221; _builder_version=&#8221;3.27.4&#8243; text_font=&#8221;Roboto|300|||||||&#8221; text_font_size=&#8221;27px&#8221; header_text_color=&#8221;#008ac9&#8243;] Restez inform\u00e9s [\/et_pb_text][et_pb_signup provider=&#8221;mailpoet&#8221; mailpoet_list=&#8221;3&#8243; first_name_field=&#8221;off&#8221; last_name_field=&#8221;off&#8221; success_message=&#8221;Inscription enregistr\u00e9e avec succ\u00e8s&#8221; title=&#8221;Souscrire \u00e0 la Newsletter&#8221; button_text=&#8221;Souscrire&#8221; description=&#8221;\u00a0 &#8221; admin_label=&#8221;Newsletter&#8221; _builder_version=&#8221;3.23&#8243; form_field_background_color=&#8221;#f4f4f4&#8243; form_field_text_color=&#8221;#0c0c0c&#8221; form_field_focus_background_color=&#8221;#ffffff&#8221; form_field_focus_text_color=&#8221;#0c0c0c&#8221; header_font=&#8221;||||||||&#8221; body_font=&#8221;||||||||&#8221; result_message_font=&#8221;||||||||&#8221; use_background_color=&#8221;off&#8221; text_orientation=&#8221;center&#8221; background_layout=&#8221;light&#8221; hover_enabled=&#8221;0&#8243; result_message_font_size_tablet=&#8221;51&#8243; result_message_line_height_tablet=&#8221;2&#8243; border_width_all_fields=&#8221;1px&#8221; border_color_all_fields=&#8221;#008ac9&#8243; focus_background_color=&#8221;#ffffff&#8221; focus_text_color=&#8221;#0c0c0c&#8221; button_text_size__hover_enabled=&#8221;off&#8221; button_one_text_size__hover_enabled=&#8221;off&#8221; [&hellip;]<\/p>\n","protected":false},"author":1,"featured_media":0,"parent":0,"menu_order":0,"comment_status":"closed","ping_status":"closed","template":"","meta":{"_et_pb_use_builder":"on","_et_pb_old_content":"","_et_gb_content_width":"","om_disable_all_campaigns":false,"_monsterinsights_skip_tracking":false,"_monsterinsights_sitenote_active":false,"_monsterinsights_sitenote_note":"","_monsterinsights_sitenote_category":0,"_uf_show_specific_survey":0,"_uf_disable_surveys":false,"footnotes":""},"aioseo_notices":[],"yoast_head":"<!-- This site is optimized with the Yoast SEO plugin v16.6 - https:\/\/yoast.com\/wordpress\/plugins\/seo\/ -->\n<title>Newsletter - Institut Fran\u00e7ais Du Luxembourg<\/title>\n<meta name=\"robots\" content=\"index, follow, max-snippet:-1, max-image-preview:large, max-video-preview:-1\" \/>\n<link rel=\"canonical\" href=\"https:\/\/www.backup.institut-francais-luxembourg.lu\/en\/newsletter\/\" \/>\n<meta property=\"og:locale\" content=\"en_US\" \/>\n<meta property=\"og:type\" content=\"article\" \/>\n<meta property=\"og:title\" content=\"Newsletter - Institut Fran\u00e7ais Du Luxembourg\" \/>\n<meta property=\"og:description\" content=\"[et_pb_section fb_built=&#8221;1&#8243; _builder_version=&#8221;3.22&#8243; background_color=&#8221;#ffffff&#8221; custom_padding=&#8221;0|0px|54px|0px&#8221;][et_pb_row _builder_version=&#8221;3.25&#8243;][et_pb_column type=&#8221;4_4&#8243; _builder_version=&#8221;3.25&#8243; custom_padding=&#8221;|||&#8221; custom_padding__hover=&#8221;|||&#8221;][et_pb_text admin_label=&#8221;newsletter title&#8221; _builder_version=&#8221;3.27.4&#8243; text_font=&#8221;Roboto|300|||||||&#8221; text_font_size=&#8221;27px&#8221; header_text_color=&#8221;#008ac9&#8243;] Restez inform\u00e9s [\/et_pb_text][et_pb_signup provider=&#8221;mailpoet&#8221; mailpoet_list=&#8221;3&#8243; first_name_field=&#8221;off&#8221; last_name_field=&#8221;off&#8221; success_message=&#8221;Inscription enregistr\u00e9e avec succ\u00e8s&#8221; title=&#8221;Souscrire \u00e0 la Newsletter&#8221; button_text=&#8221;Souscrire&#8221; description=&#8221;\u00a0 &#8221; admin_label=&#8221;Newsletter&#8221; _builder_version=&#8221;3.23&#8243; form_field_background_color=&#8221;#f4f4f4&#8243; form_field_text_color=&#8221;#0c0c0c&#8221; form_field_focus_background_color=&#8221;#ffffff&#8221; form_field_focus_text_color=&#8221;#0c0c0c&#8221; header_font=&#8221;||||||||&#8221; body_font=&#8221;||||||||&#8221; result_message_font=&#8221;||||||||&#8221; use_background_color=&#8221;off&#8221; text_orientation=&#8221;center&#8221; background_layout=&#8221;light&#8221; hover_enabled=&#8221;0&#8243; result_message_font_size_tablet=&#8221;51&#8243; result_message_line_height_tablet=&#8221;2&#8243; border_width_all_fields=&#8221;1px&#8221; border_color_all_fields=&#8221;#008ac9&#8243; focus_background_color=&#8221;#ffffff&#8221; focus_text_color=&#8221;#0c0c0c&#8221; button_text_size__hover_enabled=&#8221;off&#8221; button_one_text_size__hover_enabled=&#8221;off&#8221; [&hellip;]\" \/>\n<meta property=\"og:url\" content=\"https:\/\/www.backup.institut-francais-luxembourg.lu\/en\/newsletter\/\" \/>\n<meta property=\"og:site_name\" content=\"Institut Fran\u00e7ais Du Luxembourg\" \/>\n<meta property=\"article:publisher\" content=\"https:\/\/www.facebook.com\/Institutfrancaisuduluxembourg\/\" \/>\n<meta property=\"article:modified_time\" content=\"2021-08-23T11:10:56+00:00\" \/>\n<meta name=\"twitter:card\" content=\"summary_large_image\" \/>\n<meta name=\"twitter:site\" content=\"@ifluxembourg\" \/>\n<meta name=\"twitter:label1\" content=\"Est. reading time\" \/>\n\t<meta name=\"twitter:data1\" content=\"3 minutes\" \/>\n<script type=\"application\/ld+json\" class=\"yoast-schema-graph\">{\"@context\":\"https:\/\/schema.org\",\"@graph\":[{\"@type\":\"WebSite\",\"@id\":\"https:\/\/www.backup.institut-francais-luxembourg.lu\/en\/#website\",\"url\":\"https:\/\/www.backup.institut-francais-luxembourg.lu\/en\/\",\"name\":\"Institut Fran\\u00e7ais Du Luxembourg\",\"description\":\"relais de la culture fran\\u00e7aise au Luxembourg\",\"potentialAction\":[{\"@type\":\"SearchAction\",\"target\":{\"@type\":\"EntryPoint\",\"urlTemplate\":\"https:\/\/www.backup.institut-francais-luxembourg.lu\/en\/?s={search_term_string}\"},\"query-input\":\"required name=search_term_string\"}],\"inLanguage\":\"en-US\"},{\"@type\":\"WebPage\",\"@id\":\"https:\/\/www.backup.institut-francais-luxembourg.lu\/en\/newsletter\/#webpage\",\"url\":\"https:\/\/www.backup.institut-francais-luxembourg.lu\/en\/newsletter\/\",\"name\":\"Newsletter - Institut Fran\\u00e7ais Du Luxembourg\",\"isPartOf\":{\"@id\":\"https:\/\/www.backup.institut-francais-luxembourg.lu\/en\/#website\"},\"datePublished\":\"2018-04-04T07:11:41+00:00\",\"dateModified\":\"2021-08-23T11:10:56+00:00\",\"breadcrumb\":{\"@id\":\"https:\/\/www.backup.institut-francais-luxembourg.lu\/en\/newsletter\/#breadcrumb\"},\"inLanguage\":\"en-US\",\"potentialAction\":[{\"@type\":\"ReadAction\",\"target\":[\"https:\/\/www.backup.institut-francais-luxembourg.lu\/en\/newsletter\/\"]}]},{\"@type\":\"BreadcrumbList\",\"@id\":\"https:\/\/www.backup.institut-francais-luxembourg.lu\/en\/newsletter\/#breadcrumb\",\"itemListElement\":[{\"@type\":\"ListItem\",\"position\":1,\"name\":\"\",\"item\":\"https:\/\/www.backup.institut-francais-luxembourg.lu\/en\/\"},{\"@type\":\"ListItem\",\"position\":2,\"name\":\"Newsletter\"}]}]}<\/script>\n<!-- \/ Yoast SEO plugin. -->","_links":{"self":[{"href":"https:\/\/www.backup.institut-francais-luxembourg.lu\/en\/wp-json\/wp\/v2\/pages\/26509"}],"collection":[{"href":"https:\/\/www.backup.institut-francais-luxembourg.lu\/en\/wp-json\/wp\/v2\/pages"}],"about":[{"href":"https:\/\/www.backup.institut-francais-luxembourg.lu\/en\/wp-json\/wp\/v2\/types\/page"}],"author":[{"embeddable":true,"href":"https:\/\/www.backup.institut-francais-luxembourg.lu\/en\/wp-json\/wp\/v2\/users\/1"}],"replies":[{"embeddable":true,"href":"https:\/\/www.backup.institut-francais-luxembourg.lu\/en\/wp-json\/wp\/v2\/comments?post=26509"}],"version-history":[{"count":1,"href":"https:\/\/www.backup.institut-francais-luxembourg.lu\/en\/wp-json\/wp\/v2\/pages\/26509\/revisions"}],"predecessor-version":[{"id":35920,"href":"https:\/\/www.backup.institut-francais-luxembourg.lu\/en\/wp-json\/wp\/v2\/pages\/26509\/revisions\/35920"}],"wp:attachment":[{"href":"https:\/\/www.backup.institut-francais-luxembourg.lu\/en\/wp-json\/wp\/v2\/media?parent=26509"}],"curies":[{"name":"wp","href":"https:\/\/api.w.org\/{rel}","templated":true}]}}