{"id":26411,"date":"2018-04-04T10:11:31","date_gmt":"2018-04-04T10:11:31","guid":{"rendered":"http:\/\/www.ifluxembourg.lu\/about-us\/"},"modified":"2018-06-22T17:06:29","modified_gmt":"2018-06-22T15:06:29","slug":"missions","status":"publish","type":"page","link":"https:\/\/www.backup.institut-francais-luxembourg.lu\/en\/missions\/","title":{"rendered":"Missions"},"content":{"rendered":"<p>[et_pb_section bb_built=&#8221;1&#8243; _builder_version=&#8221;3.0.47&#8243; next_background_color=&#8221;#008ac9&#8243;][et_pb_row _builder_version=&#8221;3.0.47&#8243; background_size=&#8221;initial&#8221; background_position=&#8221;top_left&#8221; background_repeat=&#8221;repeat&#8221;][et_pb_column type=&#8221;4_4&#8243;][et_pb_text admin_label=&#8221;L\u2019INSTITUT- title&#8221; _builder_version=&#8221;3.3.1&#8243;]<\/p>\n<h1>L\u2019INSTITUT FRAN\u00c7AIS DU LUXEMBOURG<\/h1>\n<p>[\/et_pb_text][et_pb_text admin_label=&#8221;contenu pr\u00e9sentation&#8221; _builder_version=&#8221;3.8&#8243; text_orientation=&#8221;justified&#8221;]<\/p>\n<p>L\u2019Institut fran\u00e7ais est l\u2019op\u00e9rateur du <a href=\"https:\/\/www.diplomatie.gouv.fr\/fr\/\" target=\"_blank\" rel=\"noopener\">Minist\u00e8re de l\u2019Europe et des Affaires \u00e9trang\u00e8res<\/a> en charge de la promotion de la culture et de la langue fran\u00e7aises dans le monde. Il travaille en \u00e9troite relation avec le r\u00e9seau culturel fran\u00e7ais \u00e0 l\u2019\u00e9tranger, constitu\u00e9 de 96 Instituts fran\u00e7ais et plus de 800 Alliances fran\u00e7aises.<\/p>\n<p>L\u2019Institut fran\u00e7ais du Luxembourg \u00a0couvre l\u2019ensemble des missions de coop\u00e9ration et d\u2019action culturelle d\u00e9finies par le minist\u00e8re de l\u2019Europe et des Affaires \u00e9trang\u00e8res. \u00c0 ce titre, il met en \u0153uvre, avec \u00a0des partenaires et institutions luxembourgeoises, des \u00e9v\u00e9nements &#8211; expositions, conf\u00e9rences, d\u00e9bats, projections, concerts, spectacles &#8211; qui visent \u00e0 :<\/p>\n<ul>\n<li>promouvoir la langue et la culture fran\u00e7aises ;<\/li>\n<li>diffuser la culture scientifique ;<\/li>\n<li>susciter le d\u00e9bat d\u2019id\u00e9es europ\u00e9en et promouvoir, avec le concours de l\u2019Institut Pierre Werner (IPW), la construction de l\u2019Union europ\u00e9enne.<\/li>\n<\/ul>\n<p>L\u2019Institut fran\u00e7ais du Luxembourg propose une offre de cours pour tous publics tout en organisant des manifestations culturelles qui permettent de renforcer la pr\u00e9sence artistique fran\u00e7aise au Luxembourg et de tisser des liens avec les acteurs de la vie culturelle locale.<\/p>\n<p>[\/et_pb_text][\/et_pb_column][\/et_pb_row][et_pb_row disabled_on=&#8221;on|on|on&#8221; _builder_version=&#8221;3.0.47&#8243; background_size=&#8221;initial&#8221; background_position=&#8221;top_left&#8221; background_repeat=&#8221;repeat&#8221; disabled=&#8221;on&#8221;][et_pb_column type=&#8221;4_4&#8243;][et_pb_text admin_label=&#8221;L\u2019INSTITUT- title&#8221; _builder_version=&#8221;3.3.1&#8243;]<\/p>\n<h1>L\u2019INSTITUT FRAN\u00c7AIS DU LUXEMBOURG<\/h1>\n<p>[\/et_pb_text][et_pb_text admin_label=&#8221;contenu pr\u00e9sentation&#8221; _builder_version=&#8221;3.5.1&#8243;]<\/p>\n<h2><strong>Qu\u2019est-ce que l\u2019Institut fran\u00e7ais du Luxembourg\u00a0?<\/strong><\/h2>\n<p>L\u2019Institut fran\u00e7ais\u00a0du Luxembourg, relais de la culture fran\u00e7aise au Luxembourg, est une composante du R\u00e9seau culturel fran\u00e7ais qui se d\u00e9ploie dans le monde entier avec pas moins de 96 Instituts fran\u00e7ais (www.institutfrancais.com). Cr\u00e9\u00e9 par regroupement\u00a0du\u00a0Centre culturel fran\u00e7ais et du\u00a0service de coop\u00e9ration et d\u2019action culturelle de l\u2019Ambassade de France au Luxembourg, il est l\u2019op\u00e9rateur du Minist\u00e8re fran\u00e7ais des affaires \u00e9trang\u00e8res et du D\u00e9veloppement international (<a href=\"http:\/\/www.diplomatie.gouv.fr\/\">http:\/\/www.diplomatie.gouv.fr<\/a>) en charge de l\u2019action culturelle ext\u00e9rieure de la France dans les domaines suivants\u00a0: \u00e9ducatif, linguistique, universitaire, scientifique, artistique et audiovisuel.<\/p>\n<p>La raison d\u2019\u00eatre de l\u2019Institut fran\u00e7ais\u00a0est double\u00a0: promouvoir l\u2019originalit\u00e9 et la diversit\u00e9 de la culture fran\u00e7aise\u00a0au\u00a0Luxembourg et densifier le\u00a0dialogue et les \u00e9changes franco-luxembourgeois dans le vaste champ de ses comp\u00e9tences.<\/p>\n<p>Ses actions s\u2019\u00e9tendent du soutien \u00e0 la\u00a0langue fran\u00e7aise, de la promotion de l\u2019enseignement sup\u00e9rieur fran\u00e7ais et de la recherche scientifique \u00e0 la valorisation et l\u2019organisation de\u00a0manifestations culturelles\u00a0dans tous les domaines de la cr\u00e9ation artistique.<\/p>\n<p>Conscient que la langue fran\u00e7aise est un outil fondamental d\u2019insertion professionnelle au Luxembourg, l\u2019Institut fran\u00e7ais a d\u00e9velopp\u00e9 depuis le 1<sup>er<\/sup>\u00a0f\u00e9vrier 2014 une large palette de cours de fran\u00e7ais sur-mesure, avec des formules personnalis\u00e9es allant du fran\u00e7ais g\u00e9n\u00e9ral au fran\u00e7ais des affaires, en passant par des ateliers de cr\u00e9ation de CV et de lettre de motivation en Fran\u00e7ais. A l\u2019issue d\u2019une formation \u00e0 l\u2019Institut fran\u00e7ais, les \u00e9l\u00e8ves b\u00e9n\u00e9ficient d\u2019un certificat de langue d\u00e9livr\u00e9 par le gouvernement fran\u00e7ais.<\/p>\n<p>&nbsp;<\/p>\n<h2><strong>La France, l\u2019Allemagne et le Luxembourg au service de l\u2019Europe<\/strong><\/h2>\n<p>Le resserrement des liens entre nos citoyens, nos soci\u00e9t\u00e9s et nos institutions constitue un des domaines prioritaires de l\u2019Institut fran\u00e7ais du Luxembourg. Parce que l\u2019Europe est notre avenir, l\u2019Institut fran\u00e7ais du Luxembourg \u0153uvre en faveur de la construction europ\u00e9enne et soutient les missions et les actions de\u00a0<strong>l\u2019Institut Pierre Werner<\/strong>. De gouvernance tripartite (Luxembourg, Allemagne, France) ce beau projet de Centre culturel europ\u00e9en a pour vocation de perp\u00e9tuer la volont\u00e9 de vivre ensemble et d\u2019\u0153uvrer pour rendre l\u2019Europe accessible \u00e0 tous.<\/p>\n<p>Pour reprendre une formule de Jacques Delors, \u00ab\u00a0<em>l\u2019alliance franco-allemande est l\u2019arbre de vie de l\u2019Union Europ\u00e9enne\u00a0<\/em>\u00bb. Avec la cr\u00e9ation de l\u2019Institut Pierre Werner la France et l\u2019Allemagne ont accueilli un troisi\u00e8me partenaire le Luxembourg dont le\u00a0<strong>r\u00f4le a \u00e9t\u00e9 et demeure primordial dans la construction de l\u2019unit\u00e9 de l\u2019Europe.<\/strong><\/p>\n<p>Au-del\u00e0 de la promotion de la culture fran\u00e7aise, encourager les \u00e9changes en faveur du d\u00e9veloppement de l\u2019Union europ\u00e9enne et de la citoyennet\u00e9 est notre pr\u00e9occupation majeure. Par notre partenariat avec l\u2019Institut Pierre Werner (<a href=\"http:\/\/www.ipw.lu\/\">http:\/\/www.ipw.lu\/<\/a>), nous entendons resserrer le dialogue interculturel entre ces trois acteurs centraux de l\u2019Europe.<\/p>\n<p>&nbsp;<\/p>\n<h2><strong>Les nouvelles technologies au service du partage des id\u00e9es et savoir-faire fran\u00e7ais<\/strong><\/h2>\n<p>Parce que les francophones et les francophiles constituent une communaut\u00e9 privil\u00e9gi\u00e9e, nous avons d\u00e9velopp\u00e9 des outils num\u00e9riques pour mieux les informer.<\/p>\n<p>Notre page Facebook est un lieu d\u2019\u00e9change o\u00f9 chacun peut s\u2019exprimer et partager avec nous et s\u2019informer sur l\u2019actualit\u00e9 culturelle fran\u00e7aise et francophone. N\u2019h\u00e9sitez pas \u00e0 nous rejoindre\u00a0!<\/p>\n<p>Par ailleurs, vous avez peut-\u00eatre remarqu\u00e9, sur notre site Internet, l\u2019onglet Club France. Par sa cr\u00e9ation, nous souhaitons rassembler les alumni de l\u2019Enseignement Sup\u00e9rieur fran\u00e7ais et constituer un r\u00e9seau unique participant \u00e0 des \u00e9v\u00e9nements exclusifs. Anciens \u00e9tudiants de France, vous \u00eates les bienvenus\u00a0!<\/p>\n<p>Au fil des pages, vous retrouverez tous nos rendez-vous : tables rondes, conf\u00e9rences, expositions, th\u00e9\u00e2tre, cin\u00e9ma, musique, d\u00e9bats d\u2019id\u00e9es, appels \u00e0 candidature\u2026<\/p>\n<p>Bienvenue sur notre site internet !<\/p>\n<p>[\/et_pb_text][\/et_pb_column][\/et_pb_row][et_pb_row custom_padding=&#8221;||0px|&#8221; custom_margin=&#8221;30px||0px|&#8221; disabled_on=&#8221;on|on|on&#8221; _builder_version=&#8221;3.2.2&#8243; disabled=&#8221;on&#8221;][et_pb_column type=&#8221;4_4&#8243;][et_pb_text admin_label=&#8221;L&#8217;\u00e9quipe title&#8221; _builder_version=&#8221;3.2.2&#8243; custom_margin=&#8221;||0px|&#8221; custom_padding=&#8221;||0px|&#8221;]<\/p>\n<h2>L&#8217;\u00e9quipe<\/h2>\n<p>[\/et_pb_text][\/et_pb_column][\/et_pb_row][et_pb_row custom_margin=&#8221;10px|||&#8221; disabled_on=&#8221;on|on|on&#8221; _builder_version=&#8221;3.2.2&#8243; disabled=&#8221;on&#8221;][et_pb_column type=&#8221;1_3&#8243;][et_pb_team_member admin_label=&#8221;Christelle &#8221; name=&#8221;Christelle CREFF&#8221; position=&#8221;Conseill\u00e8re de coop\u00e9ration et d\u2019action culturelle de l\u2019Ambassade de France &#8221; _builder_version=&#8221;3.2.2&#8243; border_color_all=&#8221;rgba(0,138,201,0)&#8221; border_color_all_image=&#8221;rgba(0,138,201,0)&#8221;]<\/p>\n<p>Directrice de l\u2019Institut fran\u00e7ais du Luxembourg<\/p>\n<p>[\/et_pb_team_member][\/et_pb_column][et_pb_column type=&#8221;1_3&#8243;][et_pb_team_member admin_label=&#8221;Marina&#8221; name=&#8221;Marina DANIEL&#8221; position=&#8221;Attach\u00e9e de coop\u00e9ration&#8221; _builder_version=&#8221;3.2.2&#8243;]<\/p>\n<p><em>P\u00f4le coop\u00e9ration et partenariat<\/em><\/p>\n<p>[\/et_pb_team_member][\/et_pb_column][et_pb_column type=&#8221;1_3&#8243;][et_pb_team_member admin_label=&#8221;La\u00ebtitia &#8221; name=&#8221;La\u00ebtitia MASSON&#8221; position=&#8221;Coordinatrice des cours de fran\u00e7ais&#8221; _builder_version=&#8221;3.0.106&#8243;]<\/p>\n<div>\n<div><em>D\u00e9partement formation linguistique<\/em><\/div>\n<\/div>\n<p>[\/et_pb_team_member][\/et_pb_column][\/et_pb_row][et_pb_row disabled_on=&#8221;on|on|on&#8221; _builder_version=&#8221;3.3.1&#8243; disabled=&#8221;on&#8221;][et_pb_column type=&#8221;1_3&#8243;][et_pb_team_member admin_label=&#8221;Christine &#8221; name=&#8221;Christine SPENNEL&#8221; position=&#8221;Gestionnaire-comptable&#8221; _builder_version=&#8221;3.0.106&#8243;]<\/p>\n<div><em>P\u00f4le financier et performance<\/em><\/div>\n<p>[\/et_pb_team_member][\/et_pb_column][et_pb_column type=&#8221;1_3&#8243;][et_pb_team_member name=&#8221;Fatima DOS SANTOS&#8221; position=&#8221;Agente polyvalente&#8221; _builder_version=&#8221;3.0.106&#8243;]<br \/>\n[\/et_pb_team_member][\/et_pb_column][et_pb_column type=&#8221;1_3&#8243;][\/et_pb_column][\/et_pb_row][\/et_pb_section][et_pb_section bb_built=&#8221;1&#8243; admin_label=&#8221;footer&#8221; _builder_version=&#8221;3.0.106&#8243; background_color=&#8221;#008ac9&#8243; custom_padding=&#8221;0|0px|12px|0px&#8221; prev_background_color=&#8221;#ffffff&#8221; global_module=&#8221;26070&#8243;][et_pb_row admin_label=&#8221;footer row&#8221; global_parent=&#8221;26070&#8243; custom_padding=&#8221;27px|0px|0|0px&#8221; _builder_version=&#8221;3.0.106&#8243;][et_pb_column type=&#8221;1_4&#8243;][et_pb_text admin_label=&#8221;footer module part 1&#8243; global_parent=&#8221;26070&#8243; _builder_version=&#8221;3.7&#8243;]<\/p>\n<p><span style=\"font-size: x-large;\"><span style=\"color: #ffffff;\">Contact<\/span><\/span><br \/>\n<span style=\"color: #ffffff; font-size: 14px;\"><strong>Institut fran\u00e7ais du Luxembourg<\/strong><\/span><br \/>\n<span style=\"color: #ffffff;\">BP236<br class=\"manualbr\" \/>L &#8211; 2012 LUXEMBOURG<br \/>\n<br class=\"manualbr\" \/>T\u00e9l.\u00a0: (00352) _46 21 66<br class=\"manualbr\" \/><br class=\"manualbr\" \/>Email\u00a0: <a style=\"color: #ffffff;\" href=\"mailto:contact@ifluxembourg.lu\">contact@ifluxembourg.lu<\/a><br \/>\n<\/span><\/p>\n<p>[\/et_pb_text][\/et_pb_column][et_pb_column type=&#8221;1_4&#8243;][et_pb_text admin_label=&#8221;footer module part 2&#8243; global_parent=&#8221;26070&#8243; _builder_version=&#8221;3.7&#8243; text_line_height=&#8221;1.3em&#8221;]<\/p>\n<p><span style=\"font-size: x-large; color: #ffffff;\">Acc\u00e8s rapide<\/span><\/p>\n<p><span style=\"color: #ffffff;\"><a style=\"color: #ffffff;\" title=\"cours\" href=\"https:\/\/www.backup.institut-francais-luxembourg.lu\/french-courses\/?lang=en\">Cours<\/a><\/span><\/p>\n<p><span style=\"color: #ffffff;\"><a style=\"color: #ffffff;\" title=\"culture\" href=\"https:\/\/www.backup.institut-francais-luxembourg.lu\/culture\/?lang=en\">Culture<\/a><\/span><\/p>\n<p><span style=\"color: #ffffff;\"><a style=\"color: #ffffff;\" title=\"education\" href=\"https:\/\/www.backup.institut-francais-luxembourg.lu\/education\/?lang=en\">Education<\/a><\/span><\/p>\n<p><span style=\"color: #ffffff;\"><a style=\"color: #ffffff;\" title=\"agenda\" href=\"https:\/\/www.backup.institut-francais-luxembourg.lu\/universite\/?lang=en\">Universit\u00e9<\/a><\/span><\/p>\n<p><span style=\"color: #ffffff;\"><a style=\"color: #ffffff;\" title=\"universit\u00e9\" href=\"https:\/\/www.backup.institut-francais-luxembourg.lu\/agenda-evenements-ifl\/?lang=en\">Agenda<\/a><\/span><\/p>\n<p><span style=\"color: #ffffff;\"><a style=\"color: #ffffff;\" title=\"l'institut\" href=\"\/lequipe&quot;\">L&#8217;\u00e9quipe<\/a><\/span><\/p>\n<p><span style=\"color: #ffffff;\"><a style=\"color: #ffffff;\" title=\"contact\" href=\"https:\/\/www.backup.institut-francais-luxembourg.lu\/contact\/?lang=en\">Contact<\/a><\/span><\/p>\n<p>[\/et_pb_text][\/et_pb_column][et_pb_column type=&#8221;1_4&#8243;][et_pb_text admin_label=&#8221;footer module part 3&#8243; global_parent=&#8221;26070&#8243; _builder_version=&#8221;3.7.1&#8243; text_line_height=&#8221;1.3em&#8221;]<\/p>\n<p><span style=\"font-size: x-large; color: #ffffff;\">IF Num\u00e9rique<\/span><\/p>\n<p><span style=\"color: #ffffff;\"><a style=\"color: #ffffff;\" title=\"IFprofs\" href=\"https:\/\/lu.ifprofs.org\/\">\u00a0\u00a0IFprofs<\/a><\/span><\/p>\n<p><span style=\"color: #ffffff;\"><a style=\"color: #ffffff;\" title=\"IFmobile\" href=\"http:\/\/www.institutfrancais.com\/ifmobile-pour-smartphones-et-tablettes\">\u00a0\u00a0IFmobile<\/a><\/span><\/p>\n<p><span style=\"color: #ffffff;\"><a style=\"color: #ffffff;\" title=\"IFprog\" href=\"http:\/\/ifprog.institutfrancais.com\" target=\"_blank\" rel=\"noopener\">\u00a0\u00a0IFprog<\/a><\/span><\/p>\n<p><span style=\"color: #ffffff;\"><a style=\"color: #ffffff;\" title=\"IFmapp\" href=\"http:\/\/ifmapp.institutfrancais.com\">\u00a0 IFmapp<\/a><\/span><\/p>\n<p><span style=\"color: #ffffff;\"><a style=\"color: #ffffff;\" title=\"IFcin\u00e9ma\" href=\"http:\/\/ifcinema.institutfrancais.com\">\u00a0 IFcin\u00e9ma<\/a><\/span><\/p>\n<p><span style=\"color: #ffffff;\"><a style=\"color: #ffffff;\" title=\"Web TV\" href=\"http:\/\/institutfrancais.tv\">\u00a0 Web TV<\/a><\/span><\/p>\n<p><span style=\"color: #ffffff;\"><a style=\"color: #ffffff;\" title=\"Institut fran\u00e7ais\" href=\"http:\/\/www.institutfrancais.com\/fr\">\u00a0 Institut fran\u00e7ais<\/a><\/span><\/p>\n<p>[\/et_pb_text][\/et_pb_column][et_pb_column type=&#8221;1_4&#8243;][et_pb_text admin_label=&#8221;R\u00e9seaux sociaux footer&#8221; global_parent=&#8221;26070&#8243; _builder_version=&#8221;3.0.106&#8243;] <div class=\"et_social_networks et_social_2col et_social_flip et_social_circle et_social_top et_social_mobile_on et_social_outer_dark\">\n\t\t\t\t\t\n\t\t\t\t\t\n\t\t\t\t\t<ul class=\"et_social_icons_container\"><li class=\"et_social_facebook\">\n\t\t\t\t\t\t<a href=\"https:\/\/www.facebook.com\/Institutfrancaisuduluxembourg\/\" class=\"et_social_follow\" data-social_name=\"facebook\" data-social_type=\"follow\" data-post_id=\"0\" target=\"_blank\">\n\t\t\t\t\t\t\t<i class=\"et_social_icon et_social_icon_facebook\"><\/i>\n\t\t\t\t\t\t\t\n\t\t\t\t\t\t\t<span class=\"et_social_overlay\"><\/span>\n\t\t\t\t\t\t<\/a>\n\t\t\t\t\t<\/li><li class=\"et_social_twitter\">\n\t\t\t\t\t\t<a href=\"https:\/\/twitter.com\/ifluxembourg?lang=fr\" class=\"et_social_follow\" data-social_name=\"twitter\" data-social_type=\"follow\" data-post_id=\"0\" target=\"_blank\">\n\t\t\t\t\t\t\t<i class=\"et_social_icon et_social_icon_twitter\"><\/i>\n\t\t\t\t\t\t\t\n\t\t\t\t\t\t\t<span class=\"et_social_overlay\"><\/span>\n\t\t\t\t\t\t<\/a>\n\t\t\t\t\t<\/li><li class=\"et_social_youtube\">\n\t\t\t\t\t\t<a href=\"https:\/\/www.youtube.com\/channel\/UCKkTKRmahrJ-U51ZEnJzkzQ\" class=\"et_social_follow\" data-social_name=\"youtube\" data-social_type=\"follow\" data-post_id=\"0\" target=\"_blank\">\n\t\t\t\t\t\t\t<i class=\"et_social_icon et_social_icon_youtube\"><\/i>\n\t\t\t\t\t\t\t\n\t\t\t\t\t\t\t<span class=\"et_social_overlay\"><\/span>\n\t\t\t\t\t\t<\/a>\n\t\t\t\t\t<\/li><li class=\"et_social_linkedin\">\n\t\t\t\t\t\t<a href=\"https:\/\/www.linkedin.com\/in\/institut-fran\u00e7ais-luxembourg-8b52b299\/\" class=\"et_social_follow\" data-social_name=\"linkedin\" data-social_type=\"follow\" data-post_id=\"0\" target=\"_blank\">\n\t\t\t\t\t\t\t<i class=\"et_social_icon et_social_icon_linkedin\"><\/i>\n\t\t\t\t\t\t\t\n\t\t\t\t\t\t\t<span class=\"et_social_overlay\"><\/span>\n\t\t\t\t\t\t<\/a>\n\t\t\t\t\t<\/li><li class=\"et_social_instagram\">\n\t\t\t\t\t\t<a href=\"https:\/\/www.instagram.com\/ifluxembourg\/\" class=\"et_social_follow\" data-social_name=\"instagram\" data-social_type=\"follow\" data-post_id=\"0\" target=\"_blank\">\n\t\t\t\t\t\t\t<i class=\"et_social_icon et_social_icon_instagram\"><\/i>\n\t\t\t\t\t\t\t\n\t\t\t\t\t\t\t<span class=\"et_social_overlay\"><\/span>\n\t\t\t\t\t\t<\/a>\n\t\t\t\t\t<\/li><\/ul>\n\t\t\t\t<\/div> [\/et_pb_text][\/et_pb_column][\/et_pb_row][\/et_pb_section]<\/p>\n","protected":false},"excerpt":{"rendered":"<p>[et_pb_section bb_built=&#8221;1&#8243; _builder_version=&#8221;3.0.47&#8243; next_background_color=&#8221;#008ac9&#8243;][et_pb_row _builder_version=&#8221;3.0.47&#8243; background_size=&#8221;initial&#8221; background_position=&#8221;top_left&#8221; background_repeat=&#8221;repeat&#8221;][et_pb_column type=&#8221;4_4&#8243;][et_pb_text admin_label=&#8221;L\u2019INSTITUT- title&#8221; _builder_version=&#8221;3.3.1&#8243;] L\u2019INSTITUT FRAN\u00c7AIS DU LUXEMBOURG [\/et_pb_text][et_pb_text admin_label=&#8221;contenu pr\u00e9sentation&#8221; _builder_version=&#8221;3.8&#8243; text_orientation=&#8221;justified&#8221;] L\u2019Institut fran\u00e7ais est l\u2019op\u00e9rateur du Minist\u00e8re de l\u2019Europe et des Affaires \u00e9trang\u00e8res en charge de la promotion de la culture et de la langue fran\u00e7aises dans le monde. Il travaille en \u00e9troite relation avec [&hellip;]<\/p>\n","protected":false},"author":1,"featured_media":0,"parent":0,"menu_order":0,"comment_status":"closed","ping_status":"closed","template":"","meta":{"_et_pb_use_builder":"on","_et_pb_old_content":"","_et_gb_content_width":"","om_disable_all_campaigns":false,"_monsterinsights_skip_tracking":false,"_monsterinsights_sitenote_active":false,"_monsterinsights_sitenote_note":"","_monsterinsights_sitenote_category":0,"_uf_show_specific_survey":0,"_uf_disable_surveys":false,"footnotes":""},"aioseo_notices":[],"yoast_head":"<!-- This site is optimized with the Yoast SEO plugin v16.6 - https:\/\/yoast.com\/wordpress\/plugins\/seo\/ -->\n<title>Missions de l&#039;IFL | Institut fran\u00e7ais du Luxembourg<\/title>\n<meta name=\"description\" content=\"Les missions de l&#039;IFL sont de couvrir l\u2019ensemble des actions culturelle et de coop\u00e9ration pour faire la promotion de la culture et de la langue fran\u00e7aises...\" \/>\n<meta name=\"robots\" content=\"index, follow, max-snippet:-1, max-image-preview:large, max-video-preview:-1\" \/>\n<link rel=\"canonical\" href=\"https:\/\/www.backup.institut-francais-luxembourg.lu\/en\/missions\/\" \/>\n<meta property=\"og:locale\" content=\"en_US\" \/>\n<meta property=\"og:type\" content=\"article\" \/>\n<meta property=\"og:title\" content=\"Missions de l&#039;IFL | Institut fran\u00e7ais du Luxembourg\" \/>\n<meta property=\"og:description\" content=\"Les missions de l&#039;IFL sont de couvrir l\u2019ensemble des actions culturelle et de coop\u00e9ration pour faire la promotion de la culture et de la langue fran\u00e7aises...\" \/>\n<meta property=\"og:url\" content=\"https:\/\/www.backup.institut-francais-luxembourg.lu\/en\/missions\/\" \/>\n<meta property=\"og:site_name\" content=\"Institut Fran\u00e7ais Du Luxembourg\" \/>\n<meta property=\"article:publisher\" content=\"https:\/\/www.facebook.com\/Institutfrancaisuduluxembourg\/\" \/>\n<meta property=\"article:modified_time\" content=\"2018-06-22T15:06:29+00:00\" \/>\n<meta name=\"twitter:card\" content=\"summary_large_image\" \/>\n<meta name=\"twitter:site\" content=\"@ifluxembourg\" \/>\n<meta name=\"twitter:label1\" content=\"Est. reading time\" \/>\n\t<meta name=\"twitter:data1\" content=\"7 minutes\" \/>\n<script type=\"application\/ld+json\" class=\"yoast-schema-graph\">{\"@context\":\"https:\/\/schema.org\",\"@graph\":[{\"@type\":\"WebSite\",\"@id\":\"https:\/\/www.backup.institut-francais-luxembourg.lu\/en\/#website\",\"url\":\"https:\/\/www.backup.institut-francais-luxembourg.lu\/en\/\",\"name\":\"Institut Fran\\u00e7ais Du Luxembourg\",\"description\":\"relais de la culture fran\\u00e7aise au Luxembourg\",\"potentialAction\":[{\"@type\":\"SearchAction\",\"target\":{\"@type\":\"EntryPoint\",\"urlTemplate\":\"https:\/\/www.backup.institut-francais-luxembourg.lu\/en\/?s={search_term_string}\"},\"query-input\":\"required name=search_term_string\"}],\"inLanguage\":\"en-US\"},{\"@type\":\"WebPage\",\"@id\":\"https:\/\/www.backup.institut-francais-luxembourg.lu\/en\/missions\/#webpage\",\"url\":\"https:\/\/www.backup.institut-francais-luxembourg.lu\/en\/missions\/\",\"name\":\"Missions de l'IFL | Institut fran\\u00e7ais du Luxembourg\",\"isPartOf\":{\"@id\":\"https:\/\/www.backup.institut-francais-luxembourg.lu\/en\/#website\"},\"datePublished\":\"2018-04-04T10:11:31+00:00\",\"dateModified\":\"2018-06-22T15:06:29+00:00\",\"description\":\"Les missions de l'IFL sont de couvrir l\\u2019ensemble des actions culturelle et de coop\\u00e9ration pour faire la promotion de la culture et de la langue fran\\u00e7aises...\",\"breadcrumb\":{\"@id\":\"https:\/\/www.backup.institut-francais-luxembourg.lu\/en\/missions\/#breadcrumb\"},\"inLanguage\":\"en-US\",\"potentialAction\":[{\"@type\":\"ReadAction\",\"target\":[\"https:\/\/www.backup.institut-francais-luxembourg.lu\/en\/missions\/\"]}]},{\"@type\":\"BreadcrumbList\",\"@id\":\"https:\/\/www.backup.institut-francais-luxembourg.lu\/en\/missions\/#breadcrumb\",\"itemListElement\":[{\"@type\":\"ListItem\",\"position\":1,\"name\":\"\",\"item\":\"https:\/\/www.backup.institut-francais-luxembourg.lu\/en\/\"},{\"@type\":\"ListItem\",\"position\":2,\"name\":\"Missions\"}]}]}<\/script>\n<!-- \/ Yoast SEO plugin. -->","_links":{"self":[{"href":"https:\/\/www.backup.institut-francais-luxembourg.lu\/en\/wp-json\/wp\/v2\/pages\/26411"}],"collection":[{"href":"https:\/\/www.backup.institut-francais-luxembourg.lu\/en\/wp-json\/wp\/v2\/pages"}],"about":[{"href":"https:\/\/www.backup.institut-francais-luxembourg.lu\/en\/wp-json\/wp\/v2\/types\/page"}],"author":[{"embeddable":true,"href":"https:\/\/www.backup.institut-francais-luxembourg.lu\/en\/wp-json\/wp\/v2\/users\/1"}],"replies":[{"embeddable":true,"href":"https:\/\/www.backup.institut-francais-luxembourg.lu\/en\/wp-json\/wp\/v2\/comments?post=26411"}],"version-history":[{"count":0,"href":"https:\/\/www.backup.institut-francais-luxembourg.lu\/en\/wp-json\/wp\/v2\/pages\/26411\/revisions"}],"wp:attachment":[{"href":"https:\/\/www.backup.institut-francais-luxembourg.lu\/en\/wp-json\/wp\/v2\/media?parent=26411"}],"curies":[{"name":"wp","href":"https:\/\/api.w.org\/{rel}","templated":true}]}}